{"id":6999,"date":"2026-03-27T06:01:39","date_gmt":"2026-03-27T06:01:39","guid":{"rendered":"https:\/\/car-refinish-system.com\/beta\/produs\/hardener-h20f-41-900-ml-fast\/"},"modified":"2026-04-28T06:48:51","modified_gmt":"2026-04-28T06:48:51","slug":"hardener-h20f-41-900-ml-fast","status":"publish","type":"product","link":"https:\/\/car-refinish-system.com\/beta\/produs\/hardener-h20f-41-900-ml-fast\/","title":{"rendered":"Hardener H20F 4+1 900 ml Fast"},"content":{"rendered":"<p>2K-HS-H\u00e4rter Fast f\u00fcr CRS Filler 4+1, Mischungsverh\u00e4ltnis nach Volumen<br \/>\n  Trockenzeiten<br \/>\n     Schleifbar: 20min\/60\u00b0C &#8211; 150min 20\u00b0C &#8211; 7-9 Min. mit IR-Kurzwelle<br \/>\n     siehe Angaben Technisches Merkblatt F\u00fcller<\/p>\n","protected":false},"excerpt":{"rendered":"<p>2K-HS-H\u00e4rter Fast f\u00fcr CRS Filler 4+1, Mischungsverh\u00e4ltnis nach Volumen Trockenzeiten Schleifbar: 20min\/60\u00b0C &#8211; 150min 20\u00b0C &#8211; 7-9 Min. mit IR-Kurzwelle siehe Angaben Technisches Merkblatt F\u00fcller<\/p>\n","protected":false},"featured_media":7841,"template":"","meta":{"_acf_changed":false},"product_brand":[],"product_cat":[860],"product_tag":[],"class_list":{"0":"post-6999","1":"product","2":"type-product","3":"status-publish","4":"has-post-thumbnail","6":"product_cat-chemikalien-zubehoer","8":"first","9":"instock","10":"purchasable","11":"product-type-simple"},"acf":[],"_links":{"self":[{"href":"https:\/\/car-refinish-system.com\/beta\/wp-json\/wp\/v2\/product\/6999","targetHints":{"allow":["GET"]}}],"collection":[{"href":"https:\/\/car-refinish-system.com\/beta\/wp-json\/wp\/v2\/product"}],"about":[{"href":"https:\/\/car-refinish-system.com\/beta\/wp-json\/wp\/v2\/types\/product"}],"wp:featuredmedia":[{"embeddable":true,"href":"https:\/\/car-refinish-system.com\/beta\/wp-json\/wp\/v2\/media\/7841"}],"wp:attachment":[{"href":"https:\/\/car-refinish-system.com\/beta\/wp-json\/wp\/v2\/media?parent=6999"}],"wp:term":[{"taxonomy":"product_brand","embeddable":true,"href":"https:\/\/car-refinish-system.com\/beta\/wp-json\/wp\/v2\/product_brand?post=6999"},{"taxonomy":"product_cat","embeddable":true,"href":"https:\/\/car-refinish-system.com\/beta\/wp-json\/wp\/v2\/product_cat?post=6999"},{"taxonomy":"product_tag","embeddable":true,"href":"https:\/\/car-refinish-system.com\/beta\/wp-json\/wp\/v2\/product_tag?post=6999"}],"curies":[{"name":"wp","href":"https:\/\/api.w.org\/{rel}","templated":true}]}}