{"id":7025,"date":"2026-03-27T06:01:52","date_gmt":"2026-03-27T06:01:52","guid":{"rendered":"https:\/\/car-refinish-system.com\/beta\/produs\/2k-acryl-thinner-f-universal-5l\/"},"modified":"2026-04-28T06:57:56","modified_gmt":"2026-04-28T06:57:56","slug":"2k-acryl-thinner-f-universal-5l","status":"publish","type":"product","link":"https:\/\/car-refinish-system.com\/beta\/produs\/2k-acryl-thinner-f-universal-5l\/","title":{"rendered":"2K Acryl Thinner F-Universal 5L"},"content":{"rendered":"<p>2K-Verd\u00fcnner f\u00fcr alle 2K- CRS Klarlacke und 2K- AcrylF\u00fcller 4+1\/5+1<\/p>\n","protected":false},"excerpt":{"rendered":"<p>2K-Verd\u00fcnner f\u00fcr alle 2K- CRS Klarlacke und 2K- AcrylF\u00fcller 4+1\/5+1<\/p>\n","protected":false},"featured_media":6008,"template":"","meta":{"_acf_changed":false},"product_brand":[],"product_cat":[860],"product_tag":[],"class_list":{"0":"post-7025","1":"product","2":"type-product","3":"status-publish","4":"has-post-thumbnail","6":"product_cat-chemikalien-zubehoer","8":"first","9":"instock","10":"purchasable","11":"product-type-simple"},"acf":[],"_links":{"self":[{"href":"https:\/\/car-refinish-system.com\/beta\/wp-json\/wp\/v2\/product\/7025","targetHints":{"allow":["GET"]}}],"collection":[{"href":"https:\/\/car-refinish-system.com\/beta\/wp-json\/wp\/v2\/product"}],"about":[{"href":"https:\/\/car-refinish-system.com\/beta\/wp-json\/wp\/v2\/types\/product"}],"wp:featuredmedia":[{"embeddable":true,"href":"https:\/\/car-refinish-system.com\/beta\/wp-json\/wp\/v2\/media\/6008"}],"wp:attachment":[{"href":"https:\/\/car-refinish-system.com\/beta\/wp-json\/wp\/v2\/media?parent=7025"}],"wp:term":[{"taxonomy":"product_brand","embeddable":true,"href":"https:\/\/car-refinish-system.com\/beta\/wp-json\/wp\/v2\/product_brand?post=7025"},{"taxonomy":"product_cat","embeddable":true,"href":"https:\/\/car-refinish-system.com\/beta\/wp-json\/wp\/v2\/product_cat?post=7025"},{"taxonomy":"product_tag","embeddable":true,"href":"https:\/\/car-refinish-system.com\/beta\/wp-json\/wp\/v2\/product_tag?post=7025"}],"curies":[{"name":"wp","href":"https:\/\/api.w.org\/{rel}","templated":true}]}}