{"id":7045,"date":"2026-03-27T06:02:06","date_gmt":"2026-03-27T06:02:06","guid":{"rendered":"https:\/\/car-refinish-system.com\/beta\/produs\/orange-slim-tape-50mm-x-50m-100c\/"},"modified":"2026-03-27T06:02:10","modified_gmt":"2026-03-27T06:02:10","slug":"orange-slim-tape-50mm-x-50m-100c","status":"publish","type":"product","link":"https:\/\/car-refinish-system.com\/beta\/produs\/orange-slim-tape-50mm-x-50m-100c\/","title":{"rendered":"Orange Slim Tape 50mm x 50m 100\u00b0C"},"content":{"rendered":"<p>\u25cf Hochwertiges  Spezialabdeckband mit Acrylatkleber, der neuesten Washi-Tape-Generation<br \/>\n\u25cf sehr flexibel, sehr d\u00fcnn.<br \/>\n\u25cf f\u00fcr feinste Farblinien (kein Hinterlaufen der Farbe am Abdeckband)<br \/>\n\u25cf optimale Haftung auf Kunststoffteilen und Dichtungsgummis<br \/>\n\u25cf keine Klebstoffr\u00fcckst\u00e4nde nach dem Abziehen,<br \/>\n\u25cf Temperaturbest\u00e4ndig bis 100\u00b0C, UV-Best\u00e4ndigkeit im Au\u00dfenbereich max. 7 Tage<br \/>\n\u25cf Feuchtigkeitsbest\u00e4ndig bei Na\u00dfschliff, L\u00f6semittelbest\u00e4ndig<\/p>\n","protected":false},"excerpt":{"rendered":"<p>\u25cf Hochwertiges Spezialabdeckband mit Acrylatkleber, der neuesten Washi-Tape-Generation \u25cf sehr flexibel, sehr d\u00fcnn. \u25cf f\u00fcr feinste Farblinien (kein Hinterlaufen der Farbe am Abdeckband) \u25cf optimale Haftung<span class=\"excerpt-hellip\"> [\u2026]<\/span><\/p>\n","protected":false},"featured_media":6046,"template":"","meta":{"_acf_changed":false},"product_brand":[],"product_cat":[861],"product_tag":[],"class_list":{"0":"post-7045","1":"product","2":"type-product","3":"status-publish","4":"has-post-thumbnail","6":"product_cat-maskieren-abdecken","8":"first","9":"instock","10":"purchasable","11":"product-type-simple"},"acf":[],"_links":{"self":[{"href":"https:\/\/car-refinish-system.com\/beta\/wp-json\/wp\/v2\/product\/7045","targetHints":{"allow":["GET"]}}],"collection":[{"href":"https:\/\/car-refinish-system.com\/beta\/wp-json\/wp\/v2\/product"}],"about":[{"href":"https:\/\/car-refinish-system.com\/beta\/wp-json\/wp\/v2\/types\/product"}],"wp:featuredmedia":[{"embeddable":true,"href":"https:\/\/car-refinish-system.com\/beta\/wp-json\/wp\/v2\/media\/6046"}],"wp:attachment":[{"href":"https:\/\/car-refinish-system.com\/beta\/wp-json\/wp\/v2\/media?parent=7045"}],"wp:term":[{"taxonomy":"product_brand","embeddable":true,"href":"https:\/\/car-refinish-system.com\/beta\/wp-json\/wp\/v2\/product_brand?post=7045"},{"taxonomy":"product_cat","embeddable":true,"href":"https:\/\/car-refinish-system.com\/beta\/wp-json\/wp\/v2\/product_cat?post=7045"},{"taxonomy":"product_tag","embeddable":true,"href":"https:\/\/car-refinish-system.com\/beta\/wp-json\/wp\/v2\/product_tag?post=7045"}],"curies":[{"name":"wp","href":"https:\/\/api.w.org\/{rel}","templated":true}]}}