{"id":7046,"date":"2026-03-27T06:02:06","date_gmt":"2026-03-27T06:02:06","guid":{"rendered":"https:\/\/car-refinish-system.com\/beta\/produs\/kombi-mask-27m-x-16m-mit-orange-slim-tape\/"},"modified":"2026-03-27T09:51:00","modified_gmt":"2026-03-27T09:51:00","slug":"kombi-mask-27m-x-16m-mit-orange-slim-tape","status":"publish","type":"product","link":"https:\/\/car-refinish-system.com\/beta\/produs\/kombi-mask-27m-x-16m-mit-orange-slim-tape\/","title":{"rendered":"Kombi Mask 2,7m x 16m mit Orange Slim Tape"},"content":{"rendered":"<p>\u25cf Kabinenschutz und Abdeckfolie zum Maskieren und Sch\u00fctzen von Oberfl\u00e4chen in einem Arbeitsgang<br \/>\n\u25cf Folienl\u00e4nge 16m, Folienbreite ausgefaltet 2,7m, Rollenbreite 20cm, mit Klebeband 25mm<br \/>\n\u25cf Hochwertiges  Spezialabdeckband mit Acrylatkleber, der neuesten Washi-Tape-Generation<br \/>\n\u25cf statisch leicht geladen um sowohl das Anhaften an der Lackierkabinenwand\/Oberfl\u00e4che, als auch das Anhaften des Lacknebels zu erh\u00f6hen<br \/>\n\u25cf verschmutzte Folie einfach Abziehen, Entsorgen und neue Folie anbringen<br \/>\n\u25cf mehr als 95% Energie-, Kosten- und Zeitersparnis zur herk\u00f6mmlichen Abklebungen<br \/>\n\u25cf leicht milchig transparente HDPE-Folie mit 8-12\u00b5m<br \/>\n\u25cf Anwendung f\u00fcr Innen und kurzfristig auch f\u00fcr den Au\u00dfenbereich (\u00dcberpr\u00fcfung des Untergrundes durchf\u00fchren)<br \/>\n\u25cf Aufbringen der Folie von links nach rechts, um die Folie m\u00fchelos an Objekten zu befestigen<\/p>\n","protected":false},"excerpt":{"rendered":"<p>\u25cf Kabinenschutz und Abdeckfolie zum Maskieren und Sch\u00fctzen von Oberfl\u00e4chen in einem Arbeitsgang \u25cf Folienl\u00e4nge 16m, Folienbreite ausgefaltet 2,7m, Rollenbreite 20cm, mit Klebeband 25mm \u25cf Hochwertiges<span class=\"excerpt-hellip\"> [\u2026]<\/span><\/p>\n","protected":false},"featured_media":7799,"template":"","meta":{"_acf_changed":false},"product_brand":[],"product_cat":[861],"product_tag":[],"class_list":{"0":"post-7046","1":"product","2":"type-product","3":"status-publish","4":"has-post-thumbnail","6":"product_cat-maskieren-abdecken","8":"first","9":"instock","10":"purchasable","11":"product-type-simple"},"acf":[],"_links":{"self":[{"href":"https:\/\/car-refinish-system.com\/beta\/wp-json\/wp\/v2\/product\/7046","targetHints":{"allow":["GET"]}}],"collection":[{"href":"https:\/\/car-refinish-system.com\/beta\/wp-json\/wp\/v2\/product"}],"about":[{"href":"https:\/\/car-refinish-system.com\/beta\/wp-json\/wp\/v2\/types\/product"}],"wp:featuredmedia":[{"embeddable":true,"href":"https:\/\/car-refinish-system.com\/beta\/wp-json\/wp\/v2\/media\/7799"}],"wp:attachment":[{"href":"https:\/\/car-refinish-system.com\/beta\/wp-json\/wp\/v2\/media?parent=7046"}],"wp:term":[{"taxonomy":"product_brand","embeddable":true,"href":"https:\/\/car-refinish-system.com\/beta\/wp-json\/wp\/v2\/product_brand?post=7046"},{"taxonomy":"product_cat","embeddable":true,"href":"https:\/\/car-refinish-system.com\/beta\/wp-json\/wp\/v2\/product_cat?post=7046"},{"taxonomy":"product_tag","embeddable":true,"href":"https:\/\/car-refinish-system.com\/beta\/wp-json\/wp\/v2\/product_tag?post=7046"}],"curies":[{"name":"wp","href":"https:\/\/api.w.org\/{rel}","templated":true}]}}