{"id":7071,"date":"2026-03-27T06:02:22","date_gmt":"2026-03-27T06:02:22","guid":{"rendered":"https:\/\/car-refinish-system.com\/beta\/produs\/faltkantenzieher-fuer-klebebaender-15-25mm\/"},"modified":"2026-03-27T06:02:29","modified_gmt":"2026-03-27T06:02:29","slug":"faltkantenzieher-fuer-klebebaender-15-25mm","status":"publish","type":"product","link":"https:\/\/car-refinish-system.com\/beta\/produs\/faltkantenzieher-fuer-klebebaender-15-25mm\/","title":{"rendered":"Faltkantenzieher f\u00fcr Klebeb\u00e4nder 15-25mm"},"content":{"rendered":"<p>\u25cf Faltkantenzieher f\u00fcr 19mm  Klebeb\u00e4nder<br \/>\n\u25cf zum Erstellen von l\u00e4ngsgefalteten Klebeb\u00e4ndern f\u00fcr doppelseitige Verklebung auf der zu lackierenden Oberfl\u00e4che<br \/>\n\u25cf zum Erstellung von Doppelseitigen Klebefl\u00e4chen zur optimalen Aufnahme von Abdeckpapier oder Abdeckfolie<br \/>\n\u25cf zum Erzielen weicher und exakter Lackier\u00fcberg\u00e4nge<br \/>\n\u25cf mit extra starkem Magnet, f\u00fcr eine optimale Haftung am Einsatzort<br \/>\n\u25cf zum magnetischen fixieren an der Lackierkabinenwand<br \/>\n\u25cf zum magnetischen fixieren an der Karosserie oder an jedem anderen Ort des Einsatzes mit metallisch\/magnetischem Untergrund<br \/>\n\u25cf Sehr robuster, stabiler und praktischer Abroller aus Metall<br \/>\n\u25cf Optimaler Einsatz auch mit Klebeb\u00e4ndern von 15 &#8211; 25mm<br \/>\n\u25cf zum Erzielen exakter und scharfer Kanten<br \/>\n\u25cf Erm\u00f6glicht einen exakten und weichen \u00dcberg\u00e4ngen von zu lackierenden- und nicht zu lackierenden Oberfl\u00e4chen<br \/>\n\u25cf Erhebliche Zeitreduzierung und Erleichterung der Abklebearbeiten an Fahrzeugen<br \/>\n\u25cf  minimale Nacharbeitung nach dem Abziehen des Klebebandes, wie z, B Beseitigung von Lackierkanten<br \/>\n\u25cf Zum Erstellen pr\u00e4ziser und exakter Faltkanten<br \/>\n\u25cf Optimal f\u00fcr professionelle Abdeckarbeiten<br \/>\n\u25cf Professioneller und sehr n\u00fctzlicher Helfer f\u00fcr Abklebungen bei Teillackierungen<\/p>\n","protected":false},"excerpt":{"rendered":"<p>\u25cf Faltkantenzieher f\u00fcr 19mm Klebeb\u00e4nder \u25cf zum Erstellen von l\u00e4ngsgefalteten Klebeb\u00e4ndern f\u00fcr doppelseitige Verklebung auf der zu lackierenden Oberfl\u00e4che \u25cf zum Erstellung von Doppelseitigen Klebefl\u00e4chen zur<span class=\"excerpt-hellip\"> [\u2026]<\/span><\/p>\n","protected":false},"featured_media":6087,"template":"","meta":{"_acf_changed":false},"product_brand":[],"product_cat":[861],"product_tag":[],"class_list":{"0":"post-7071","1":"product","2":"type-product","3":"status-publish","4":"has-post-thumbnail","6":"product_cat-maskieren-abdecken","8":"first","9":"instock","10":"purchasable","11":"product-type-simple"},"acf":[],"_links":{"self":[{"href":"https:\/\/car-refinish-system.com\/beta\/wp-json\/wp\/v2\/product\/7071","targetHints":{"allow":["GET"]}}],"collection":[{"href":"https:\/\/car-refinish-system.com\/beta\/wp-json\/wp\/v2\/product"}],"about":[{"href":"https:\/\/car-refinish-system.com\/beta\/wp-json\/wp\/v2\/types\/product"}],"wp:featuredmedia":[{"embeddable":true,"href":"https:\/\/car-refinish-system.com\/beta\/wp-json\/wp\/v2\/media\/6087"}],"wp:attachment":[{"href":"https:\/\/car-refinish-system.com\/beta\/wp-json\/wp\/v2\/media?parent=7071"}],"wp:term":[{"taxonomy":"product_brand","embeddable":true,"href":"https:\/\/car-refinish-system.com\/beta\/wp-json\/wp\/v2\/product_brand?post=7071"},{"taxonomy":"product_cat","embeddable":true,"href":"https:\/\/car-refinish-system.com\/beta\/wp-json\/wp\/v2\/product_cat?post=7071"},{"taxonomy":"product_tag","embeddable":true,"href":"https:\/\/car-refinish-system.com\/beta\/wp-json\/wp\/v2\/product_tag?post=7071"}],"curies":[{"name":"wp","href":"https:\/\/api.w.org\/{rel}","templated":true}]}}