{"id":7076,"date":"2026-03-27T06:02:22","date_gmt":"2026-03-27T06:02:22","guid":{"rendered":"https:\/\/car-refinish-system.com\/beta\/produs\/t-foam-tape-10mm-x-25m-rolle\/"},"modified":"2026-03-27T06:02:32","modified_gmt":"2026-03-27T06:02:32","slug":"t-foam-tape-10mm-x-25m-rolle","status":"publish","type":"product","link":"https:\/\/car-refinish-system.com\/beta\/produs\/t-foam-tape-10mm-x-25m-rolle\/","title":{"rendered":"T-Foam Tape 10mm x 25m Rolle"},"content":{"rendered":"<p>\u25cf Multi Universalschaumband in T-Form aus Polypropylen und Polyethylen<br \/>\n\u25cf f\u00fcr Spaltenschutz von T\u00fcren, Kofferraumdeckeln und Motorhauben u.v.a.<br \/>\n\u25cf sch\u00fctzt vor dem Eindringen der Farbe w\u00e4hren des Lackiervorganges ins Fahrzeuginnere<br \/>\n\u25cf Einseitiger, silikonfreier, r\u00fcckstandsfrei Abl\u00f6sbarerer, Kleberauftrag auf der T-Oberseite<br \/>\n\u25cf optimale Abdeckarbeiten im speziellen beim Abdecken von Spalten<br \/>\n\u25cf optimale Lackier\u00fcberg\u00e4nge durch speziellen Lackaufnahmef\u00e4higen Schaumstoff  (verhindern von Kantenbildung)<br \/>\n\u25cf Schutz vor Verschmutzung von Farbnebel oder Schleifstaub im Fahrzeuginneren<br \/>\n\u25cf Temperaturbest\u00e4ndig kurzfristig bis 90\u00b0C\/ 1h bis 80C<br \/>\n\u25cf saubere und einfache Verwendung durch Dispenserkarton<\/p>\n","protected":false},"excerpt":{"rendered":"<p>\u25cf Multi Universalschaumband in T-Form aus Polypropylen und Polyethylen \u25cf f\u00fcr Spaltenschutz von T\u00fcren, Kofferraumdeckeln und Motorhauben u.v.a. \u25cf sch\u00fctzt vor dem Eindringen der Farbe w\u00e4hren<span class=\"excerpt-hellip\"> [\u2026]<\/span><\/p>\n","protected":false},"featured_media":6097,"template":"","meta":{"_acf_changed":false},"product_brand":[],"product_cat":[861],"product_tag":[],"class_list":{"0":"post-7076","1":"product","2":"type-product","3":"status-publish","4":"has-post-thumbnail","6":"product_cat-maskieren-abdecken","8":"first","9":"instock","10":"purchasable","11":"product-type-simple"},"acf":[],"_links":{"self":[{"href":"https:\/\/car-refinish-system.com\/beta\/wp-json\/wp\/v2\/product\/7076","targetHints":{"allow":["GET"]}}],"collection":[{"href":"https:\/\/car-refinish-system.com\/beta\/wp-json\/wp\/v2\/product"}],"about":[{"href":"https:\/\/car-refinish-system.com\/beta\/wp-json\/wp\/v2\/types\/product"}],"wp:featuredmedia":[{"embeddable":true,"href":"https:\/\/car-refinish-system.com\/beta\/wp-json\/wp\/v2\/media\/6097"}],"wp:attachment":[{"href":"https:\/\/car-refinish-system.com\/beta\/wp-json\/wp\/v2\/media?parent=7076"}],"wp:term":[{"taxonomy":"product_brand","embeddable":true,"href":"https:\/\/car-refinish-system.com\/beta\/wp-json\/wp\/v2\/product_brand?post=7076"},{"taxonomy":"product_cat","embeddable":true,"href":"https:\/\/car-refinish-system.com\/beta\/wp-json\/wp\/v2\/product_cat?post=7076"},{"taxonomy":"product_tag","embeddable":true,"href":"https:\/\/car-refinish-system.com\/beta\/wp-json\/wp\/v2\/product_tag?post=7076"}],"curies":[{"name":"wp","href":"https:\/\/api.w.org\/{rel}","templated":true}]}}