{"id":7077,"date":"2026-03-27T06:02:22","date_gmt":"2026-03-27T06:02:22","guid":{"rendered":"https:\/\/car-refinish-system.com\/beta\/produs\/logo-tape-200mm-x-60mm\/"},"modified":"2026-03-27T06:02:32","modified_gmt":"2026-03-27T06:02:32","slug":"logo-tape-200mm-x-60mm","status":"publish","type":"product","link":"https:\/\/car-refinish-system.com\/beta\/produs\/logo-tape-200mm-x-60mm\/","title":{"rendered":"Logo Tape 200mm x 60mm"},"content":{"rendered":"<p>\u25cf Klebestreifen auf Acrylbasisklebstoff zum Wiederverwenden\/Ankleben von Logos\/Emblemen am Fahrzeug<br \/>\n\u25cf Druckempfindlicher selbstabl\u00f6sender Klebstoff, ein Ausschneiden des Logos\/Emblems mittels Schere ist nicht notwendig.<br \/>\n\u25cf Logo\/Emblem einfach in Klebstoff Eindr\u00fccken -> Abnehmen -> Aufbringen -> Andr\u00fccken<br \/>\n\u25cf 10 Streifen mit 60 mm x 300 mm pro Streifen,<br \/>\n\u25cf 40\u03bcm Klebstoffst\u00e4rke auf Silikonpapiertr\u00e4ger f\u00fcr hauchd\u00fcnne Verklebungen von Logos\/Emblemen<br \/>\n\u25cf optimale Haftung auf Lackoberfl\u00e4chen oder anderen gereinigtem und entfettetem Oberfl\u00e4chen<br \/>\n\u25cf Hochwitterungs- und Waschanlagenbest\u00e4ndig<br \/>\n\u25cf Permanente Haftung wird nach 24 Stunden erreicht. Klebekraft gereinigter und entfetteter Stahl 8.75N\/10cm<br \/>\n\u25cf Mindesttemperatur bei der Verarbeitung 15\u00b0C Umgebungstemperatur<br \/>\n\u25cf Temperaturbest\u00e4ndig nach Aush\u00e4rtung -40\u00b0C bis + 170\u00b0C<\/p>\n","protected":false},"excerpt":{"rendered":"<p>\u25cf Klebestreifen auf Acrylbasisklebstoff zum Wiederverwenden\/Ankleben von Logos\/Emblemen am Fahrzeug \u25cf Druckempfindlicher selbstabl\u00f6sender Klebstoff, ein Ausschneiden des Logos\/Emblems mittels Schere ist nicht notwendig. \u25cf Logo\/Emblem einfach<span class=\"excerpt-hellip\"> [\u2026]<\/span><\/p>\n","protected":false},"featured_media":6099,"template":"","meta":{"_acf_changed":false},"product_brand":[],"product_cat":[861],"product_tag":[],"class_list":{"0":"post-7077","1":"product","2":"type-product","3":"status-publish","4":"has-post-thumbnail","6":"product_cat-maskieren-abdecken","8":"first","9":"instock","10":"purchasable","11":"product-type-simple"},"acf":[],"_links":{"self":[{"href":"https:\/\/car-refinish-system.com\/beta\/wp-json\/wp\/v2\/product\/7077","targetHints":{"allow":["GET"]}}],"collection":[{"href":"https:\/\/car-refinish-system.com\/beta\/wp-json\/wp\/v2\/product"}],"about":[{"href":"https:\/\/car-refinish-system.com\/beta\/wp-json\/wp\/v2\/types\/product"}],"wp:featuredmedia":[{"embeddable":true,"href":"https:\/\/car-refinish-system.com\/beta\/wp-json\/wp\/v2\/media\/6099"}],"wp:attachment":[{"href":"https:\/\/car-refinish-system.com\/beta\/wp-json\/wp\/v2\/media?parent=7077"}],"wp:term":[{"taxonomy":"product_brand","embeddable":true,"href":"https:\/\/car-refinish-system.com\/beta\/wp-json\/wp\/v2\/product_brand?post=7077"},{"taxonomy":"product_cat","embeddable":true,"href":"https:\/\/car-refinish-system.com\/beta\/wp-json\/wp\/v2\/product_cat?post=7077"},{"taxonomy":"product_tag","embeddable":true,"href":"https:\/\/car-refinish-system.com\/beta\/wp-json\/wp\/v2\/product_tag?post=7077"}],"curies":[{"name":"wp","href":"https:\/\/api.w.org\/{rel}","templated":true}]}}