{"id":7079,"date":"2026-03-27T06:02:35","date_gmt":"2026-03-27T06:02:35","guid":{"rendered":"https:\/\/car-refinish-system.com\/beta\/produs\/bladescraper-39mm-ohne-klinge\/"},"modified":"2026-03-27T06:02:36","modified_gmt":"2026-03-27T06:02:36","slug":"bladescraper-39mm-ohne-klinge","status":"publish","type":"product","link":"https:\/\/car-refinish-system.com\/beta\/produs\/bladescraper-39mm-ohne-klinge\/","title":{"rendered":"BladeScraper 39mm (ohne Klinge)"},"content":{"rendered":"<p>\u25cf Rostfreier optimal ergonomisch geformter, sehr handlicher Metallschaber zum Entfernen von R\u00fcckst\u00e4nden auf Oberfl\u00e4chen<br \/>\n\u25cf mit 39mm breiten Klingen verwendbar<br \/>\n\u25cf Besonders flach anstellbar und daher sehr schonend zum Untergrund.<br \/>\n\u25cf optimal zum Entfernen\/Abschaben von getrockneten Lacktropfen und hartn\u00e4ckigen Aufklebern<br \/>\n\u25cf Mit Sicherungsmechanismus durch ein- und ausschiebbare Klinge<br \/>\n\u25cf Langfristig einsetzbar durch sehr stabile doppelseitige Klingennutzung<\/p>\n","protected":false},"excerpt":{"rendered":"<p>\u25cf Rostfreier optimal ergonomisch geformter, sehr handlicher Metallschaber zum Entfernen von R\u00fcckst\u00e4nden auf Oberfl\u00e4chen \u25cf mit 39mm breiten Klingen verwendbar \u25cf Besonders flach anstellbar und daher<span class=\"excerpt-hellip\"> [\u2026]<\/span><\/p>\n","protected":false},"featured_media":6103,"template":"","meta":{"_acf_changed":false},"product_brand":[],"product_cat":[861],"product_tag":[],"class_list":{"0":"post-7079","1":"product","2":"type-product","3":"status-publish","4":"has-post-thumbnail","6":"product_cat-maskieren-abdecken","8":"first","9":"instock","10":"purchasable","11":"product-type-simple"},"acf":[],"_links":{"self":[{"href":"https:\/\/car-refinish-system.com\/beta\/wp-json\/wp\/v2\/product\/7079","targetHints":{"allow":["GET"]}}],"collection":[{"href":"https:\/\/car-refinish-system.com\/beta\/wp-json\/wp\/v2\/product"}],"about":[{"href":"https:\/\/car-refinish-system.com\/beta\/wp-json\/wp\/v2\/types\/product"}],"wp:featuredmedia":[{"embeddable":true,"href":"https:\/\/car-refinish-system.com\/beta\/wp-json\/wp\/v2\/media\/6103"}],"wp:attachment":[{"href":"https:\/\/car-refinish-system.com\/beta\/wp-json\/wp\/v2\/media?parent=7079"}],"wp:term":[{"taxonomy":"product_brand","embeddable":true,"href":"https:\/\/car-refinish-system.com\/beta\/wp-json\/wp\/v2\/product_brand?post=7079"},{"taxonomy":"product_cat","embeddable":true,"href":"https:\/\/car-refinish-system.com\/beta\/wp-json\/wp\/v2\/product_cat?post=7079"},{"taxonomy":"product_tag","embeddable":true,"href":"https:\/\/car-refinish-system.com\/beta\/wp-json\/wp\/v2\/product_tag?post=7079"}],"curies":[{"name":"wp","href":"https:\/\/api.w.org\/{rel}","templated":true}]}}