{"id":7095,"date":"2026-03-27T06:02:35","date_gmt":"2026-03-27T06:02:35","guid":{"rendered":"https:\/\/car-refinish-system.com\/beta\/produs\/pe-sprayputty-grey-15kg-incl-hardener\/"},"modified":"2026-04-28T07:02:37","modified_gmt":"2026-04-28T07:02:37","slug":"pe-sprayputty-grey-15kg-incl-hardener","status":"publish","type":"product","link":"https:\/\/car-refinish-system.com\/beta\/produs\/pe-sprayputty-grey-15kg-incl-hardener\/","title":{"rendered":"PE SprayPutty grey 1,5kg incl Hardener"},"content":{"rendered":"<p>\u25cf  Graugr\u00fcner, 2K- Styrolreduzierter Polyesterspritzpachtel<br \/>\n\u25cf  F\u00fcr metallische Oberfl\u00e4chen und Kunststoffe sowie Holz- und GFK Untergr\u00fcnde<br \/>\n\u25cf  sehr hohe Schichtst\u00e4rken bis 1000micron in mehreren Schichten<br \/>\n\u25cf  leicht schleifbar<br \/>\n\u25cf  kein Nachsinken, auch bei hohen Aufbringmengen<br \/>\n\u25cf  sehr schnell trocknend und schleifbar<br \/>\n\u25cf  Verarbeitungszeit\/Trockenzeit\/Mischungsverh\u00e4ltnis<br \/>\n     20-30min bei 20\u00b0C \/ 120-180min bei 20\u00b0C, 30-min bei 60\u00b0C \/ 3,5 Gew. % mit CHP-H\u00e4rter<\/p>\n","protected":false},"excerpt":{"rendered":"<p>\u25cf Graugr\u00fcner, 2K- Styrolreduzierter Polyesterspritzpachtel \u25cf F\u00fcr metallische Oberfl\u00e4chen und Kunststoffe sowie Holz- und GFK Untergr\u00fcnde \u25cf sehr hohe Schichtst\u00e4rken bis 1000micron in mehreren Schichten \u25cf<span class=\"excerpt-hellip\"> [\u2026]<\/span><\/p>\n","protected":false},"featured_media":7792,"template":"","meta":{"_acf_changed":false},"product_brand":[],"product_cat":[862],"product_tag":[],"class_list":{"0":"post-7095","1":"product","2":"type-product","3":"status-publish","4":"has-post-thumbnail","6":"product_cat-pe-fuellspachtel-zubehoer","8":"first","9":"instock","10":"purchasable","11":"product-type-simple"},"acf":[],"_links":{"self":[{"href":"https:\/\/car-refinish-system.com\/beta\/wp-json\/wp\/v2\/product\/7095","targetHints":{"allow":["GET"]}}],"collection":[{"href":"https:\/\/car-refinish-system.com\/beta\/wp-json\/wp\/v2\/product"}],"about":[{"href":"https:\/\/car-refinish-system.com\/beta\/wp-json\/wp\/v2\/types\/product"}],"wp:featuredmedia":[{"embeddable":true,"href":"https:\/\/car-refinish-system.com\/beta\/wp-json\/wp\/v2\/media\/7792"}],"wp:attachment":[{"href":"https:\/\/car-refinish-system.com\/beta\/wp-json\/wp\/v2\/media?parent=7095"}],"wp:term":[{"taxonomy":"product_brand","embeddable":true,"href":"https:\/\/car-refinish-system.com\/beta\/wp-json\/wp\/v2\/product_brand?post=7095"},{"taxonomy":"product_cat","embeddable":true,"href":"https:\/\/car-refinish-system.com\/beta\/wp-json\/wp\/v2\/product_cat?post=7095"},{"taxonomy":"product_tag","embeddable":true,"href":"https:\/\/car-refinish-system.com\/beta\/wp-json\/wp\/v2\/product_tag?post=7095"}],"curies":[{"name":"wp","href":"https:\/\/api.w.org\/{rel}","templated":true}]}}