{"id":7096,"date":"2026-03-27T06:02:35","date_gmt":"2026-03-27T06:02:35","guid":{"rendered":"https:\/\/car-refinish-system.com\/beta\/produs\/putty-board-100-sheets\/"},"modified":"2026-03-27T06:02:45","modified_gmt":"2026-03-27T06:02:45","slug":"putty-board-100-sheets","status":"publish","type":"product","link":"https:\/\/car-refinish-system.com\/beta\/produs\/putty-board-100-sheets\/","title":{"rendered":"Putty Board 100 Sheets"},"content":{"rendered":"<p>\u25cf Spachtelmischbrett zum einfachen und sauberen Anmischen von Spachtelmaterialien mit H\u00e4rter<br \/>\n\u25cf 100 Blatt 255mm x 215mm<br \/>\n\u25cf je Blatt zum Abrei\u00dfen nach der Verwendung.<br \/>\n\u25cf Spachtel Aufbringen -> H\u00e4rter Aufbringen -> nach unten dr\u00fcckend vermischen -> nach Verwendung Abrei\u00dfen -> Entsorgen<br \/>\n\u25cf speziell beschichtetes Papier f\u00fcr optimale Anmischung und Verwendung<br \/>\n\u25cf Stabile Tr\u00e4gerform aus Pappe mit Griffloch zur optimalen Verwendung<\/p>\n","protected":false},"excerpt":{"rendered":"<p>\u25cf Spachtelmischbrett zum einfachen und sauberen Anmischen von Spachtelmaterialien mit H\u00e4rter \u25cf 100 Blatt 255mm x 215mm \u25cf je Blatt zum Abrei\u00dfen nach der Verwendung. \u25cf<span class=\"excerpt-hellip\"> [\u2026]<\/span><\/p>\n","protected":false},"featured_media":6128,"template":"","meta":{"_acf_changed":false},"product_brand":[],"product_cat":[862],"product_tag":[],"class_list":{"0":"post-7096","1":"product","2":"type-product","3":"status-publish","4":"has-post-thumbnail","6":"product_cat-pe-fuellspachtel-zubehoer","8":"first","9":"instock","10":"purchasable","11":"product-type-simple"},"acf":[],"_links":{"self":[{"href":"https:\/\/car-refinish-system.com\/beta\/wp-json\/wp\/v2\/product\/7096","targetHints":{"allow":["GET"]}}],"collection":[{"href":"https:\/\/car-refinish-system.com\/beta\/wp-json\/wp\/v2\/product"}],"about":[{"href":"https:\/\/car-refinish-system.com\/beta\/wp-json\/wp\/v2\/types\/product"}],"wp:featuredmedia":[{"embeddable":true,"href":"https:\/\/car-refinish-system.com\/beta\/wp-json\/wp\/v2\/media\/6128"}],"wp:attachment":[{"href":"https:\/\/car-refinish-system.com\/beta\/wp-json\/wp\/v2\/media?parent=7096"}],"wp:term":[{"taxonomy":"product_brand","embeddable":true,"href":"https:\/\/car-refinish-system.com\/beta\/wp-json\/wp\/v2\/product_brand?post=7096"},{"taxonomy":"product_cat","embeddable":true,"href":"https:\/\/car-refinish-system.com\/beta\/wp-json\/wp\/v2\/product_cat?post=7096"},{"taxonomy":"product_tag","embeddable":true,"href":"https:\/\/car-refinish-system.com\/beta\/wp-json\/wp\/v2\/product_tag?post=7096"}],"curies":[{"name":"wp","href":"https:\/\/api.w.org\/{rel}","templated":true}]}}