{"id":7101,"date":"2026-03-27T06:02:49","date_gmt":"2026-03-27T06:02:49","guid":{"rendered":"https:\/\/car-refinish-system.com\/beta\/produs\/spachteldosiergeraet-dispenser-3kg\/"},"modified":"2026-03-27T06:02:51","modified_gmt":"2026-03-27T06:02:51","slug":"spachteldosiergeraet-dispenser-3kg","status":"publish","type":"product","link":"https:\/\/car-refinish-system.com\/beta\/produs\/spachteldosiergeraet-dispenser-3kg\/","title":{"rendered":"Spachteldosierger\u00e4t Dispenser 3kg"},"content":{"rendered":"<p>\u25cf Hocheffizientes manuelles Spachteldosierger\u00e4t f\u00fcr eine gleichzeitig optimale Dosierung von Spachtel und H\u00e4rter<br \/>\n\u25cf f\u00fcr CRS 2,9kg Kartuschen mit zentriertem Auslass<br \/>\n\u25cf geeignet f\u00fcr alle Kartuschen mit einer L\u00e4nge von 245mm und einem Durchmesser von 99mm und 19mm H\u00e4rter Kartuschen<br \/>\n\u25cf H\u00e4rter zug\u00e4be einstellbar: 1 % bis 3 % speziell f\u00fcr Sommer oder Wintereinstellung (l\u00e4ngere oder k\u00fcrzere Trockenzeiten)<br \/>\n\u25cf Optimal f\u00fcr exakte Dosierung und gr\u00f6\u00dferen Verarbeitungsmengen sowie Industriebetrieben<br \/>\n\u25cf mit Abschneidevorrichtung nach der Dosierung<br \/>\n\u25cf Vorbereitet f\u00fcr die Wandmontage<br \/>\n\u25cf Sehr einfache Bedienung<\/p>\n","protected":false},"excerpt":{"rendered":"<p>\u25cf Hocheffizientes manuelles Spachteldosierger\u00e4t f\u00fcr eine gleichzeitig optimale Dosierung von Spachtel und H\u00e4rter \u25cf f\u00fcr CRS 2,9kg Kartuschen mit zentriertem Auslass \u25cf geeignet f\u00fcr alle Kartuschen<span class=\"excerpt-hellip\"> [\u2026]<\/span><\/p>\n","protected":false},"featured_media":6138,"template":"","meta":{"_acf_changed":false},"product_brand":[],"product_cat":[862],"product_tag":[],"class_list":{"0":"post-7101","1":"product","2":"type-product","3":"status-publish","4":"has-post-thumbnail","6":"product_cat-pe-fuellspachtel-zubehoer","8":"first","9":"instock","10":"purchasable","11":"product-type-simple"},"acf":[],"_links":{"self":[{"href":"https:\/\/car-refinish-system.com\/beta\/wp-json\/wp\/v2\/product\/7101","targetHints":{"allow":["GET"]}}],"collection":[{"href":"https:\/\/car-refinish-system.com\/beta\/wp-json\/wp\/v2\/product"}],"about":[{"href":"https:\/\/car-refinish-system.com\/beta\/wp-json\/wp\/v2\/types\/product"}],"wp:featuredmedia":[{"embeddable":true,"href":"https:\/\/car-refinish-system.com\/beta\/wp-json\/wp\/v2\/media\/6138"}],"wp:attachment":[{"href":"https:\/\/car-refinish-system.com\/beta\/wp-json\/wp\/v2\/media?parent=7101"}],"wp:term":[{"taxonomy":"product_brand","embeddable":true,"href":"https:\/\/car-refinish-system.com\/beta\/wp-json\/wp\/v2\/product_brand?post=7101"},{"taxonomy":"product_cat","embeddable":true,"href":"https:\/\/car-refinish-system.com\/beta\/wp-json\/wp\/v2\/product_cat?post=7101"},{"taxonomy":"product_tag","embeddable":true,"href":"https:\/\/car-refinish-system.com\/beta\/wp-json\/wp\/v2\/product_tag?post=7101"}],"curies":[{"name":"wp","href":"https:\/\/api.w.org\/{rel}","templated":true}]}}