{"id":7124,"date":"2026-03-27T06:03:03","date_gmt":"2026-03-27T06:03:03","guid":{"rendered":"https:\/\/car-refinish-system.com\/beta\/produs\/blueflex-disc-p800-150mm-15h-100pc\/"},"modified":"2026-03-27T06:03:06","modified_gmt":"2026-03-27T06:03:06","slug":"blueflex-disc-p800-150mm-15h-100pc","status":"publish","type":"product","link":"https:\/\/car-refinish-system.com\/beta\/produs\/blueflex-disc-p800-150mm-15h-100pc\/","title":{"rendered":"BlueFlex Disc P800  150mm 15H 100Pc"},"content":{"rendered":"<p>\u25cf  T\u00fcrkisblaue Schleifscheiben aus sehr hochwertigem Spezialpapier als Tr\u00e4germaterial<br \/>\n\u25cf  Extrem d\u00fcnnes, sehr rei\u00dffestes und hoch flexibles Tr\u00e4gerspezialpapier<br \/>\n\u25cf  sehr hohe Anfangsabtrag und extrem hohe Standzeit<br \/>\n\u25cf  f\u00fcr 6-, 8-, und 15 Loch Schleifteller verwendbar<br \/>\n\u25cf  Halboffene Kornstreuung mit spitzen Korn f\u00fcr sehr guten Abrieb und hohem Staubabtransport<br \/>\n\u25cf  sehr hochwertige Stearatbeschichtung um ein Zuschmieren des Schleifmittels zu verhindern<\/p>\n","protected":false},"excerpt":{"rendered":"<p>\u25cf T\u00fcrkisblaue Schleifscheiben aus sehr hochwertigem Spezialpapier als Tr\u00e4germaterial \u25cf Extrem d\u00fcnnes, sehr rei\u00dffestes und hoch flexibles Tr\u00e4gerspezialpapier \u25cf sehr hohe Anfangsabtrag und extrem hohe Standzeit<span class=\"excerpt-hellip\"> [\u2026]<\/span><\/p>\n","protected":false},"featured_media":6183,"template":"","meta":{"_acf_changed":false},"product_brand":[],"product_cat":[863],"product_tag":[],"class_list":{"0":"post-7124","1":"product","2":"type-product","3":"status-publish","4":"has-post-thumbnail","6":"product_cat-schleifen-zubehoer","8":"first","9":"instock","10":"purchasable","11":"product-type-simple"},"acf":[],"_links":{"self":[{"href":"https:\/\/car-refinish-system.com\/beta\/wp-json\/wp\/v2\/product\/7124","targetHints":{"allow":["GET"]}}],"collection":[{"href":"https:\/\/car-refinish-system.com\/beta\/wp-json\/wp\/v2\/product"}],"about":[{"href":"https:\/\/car-refinish-system.com\/beta\/wp-json\/wp\/v2\/types\/product"}],"wp:featuredmedia":[{"embeddable":true,"href":"https:\/\/car-refinish-system.com\/beta\/wp-json\/wp\/v2\/media\/6183"}],"wp:attachment":[{"href":"https:\/\/car-refinish-system.com\/beta\/wp-json\/wp\/v2\/media?parent=7124"}],"wp:term":[{"taxonomy":"product_brand","embeddable":true,"href":"https:\/\/car-refinish-system.com\/beta\/wp-json\/wp\/v2\/product_brand?post=7124"},{"taxonomy":"product_cat","embeddable":true,"href":"https:\/\/car-refinish-system.com\/beta\/wp-json\/wp\/v2\/product_cat?post=7124"},{"taxonomy":"product_tag","embeddable":true,"href":"https:\/\/car-refinish-system.com\/beta\/wp-json\/wp\/v2\/product_tag?post=7124"}],"curies":[{"name":"wp","href":"https:\/\/api.w.org\/{rel}","templated":true}]}}