{"id":7145,"date":"2026-03-27T06:03:16","date_gmt":"2026-03-27T06:03:16","guid":{"rendered":"https:\/\/car-refinish-system.com\/beta\/produs\/galaxy-film-disc-p320-150mm-15h-100pcs\/"},"modified":"2026-03-27T06:03:20","modified_gmt":"2026-03-27T06:03:20","slug":"galaxy-film-disc-p320-150mm-15h-100pcs","status":"publish","type":"product","link":"https:\/\/car-refinish-system.com\/beta\/produs\/galaxy-film-disc-p320-150mm-15h-100pcs\/","title":{"rendered":"Galaxy+ Film Disc P320 150mm 15H 100Pcs"},"content":{"rendered":"<p>\u25cf sehr hochwertiges Edelkorund Schleifmittel mit geringem aber optimal ausgewogenem Keramikanteil<br \/>\n\u25cf 15Loch, 150mm Film-Schleifscheiben mit Kletthaftung und Anti-Burn Technologie,<br \/>\n\u25cf rei\u00dffeste PET\/POLYESTER Tr\u00e4gerfolie<br \/>\n\u25cf extrem hochfeste PU Harzbindung, mit sehr geringem VOC Anteil, zwischen Folie und Edelkorund<br \/>\n\u25cf gleichm\u00e4\u00dfig geringe Rauhtiefe durch sehr hochwertigen Folientr\u00e4ger<br \/>\n\u25cf qualitativ sehr hochwertiges, aufgeschmolzenes Aluminiumoxid Al\u2082O\u2083<br \/>\n\u25cf \u00c4u\u00dferst hitzebest\u00e4ndiges Korn mit einem Schmelzpunkt von \u00fcber 2.000 \u00b0C.<br \/>\n\u25cf H\u00e4rte nach Mohs: ca. 8-9: ca. 9. H\u00e4rte nach Knoop: ca. 22,5 kN\/mm\u00b2<br \/>\n\u25cf Gleichm\u00e4\u00dfiger Kornauftrag mit halboffener Streuung und spitzen selbstsch\u00e4rfendem Korn<br \/>\n\u25cf sehr hohe abrasive Wirkung und optimale Abriebfestigkeit<br \/>\n\u25cf spezielle Antihaft-Kalcium-Stearatbeschichtung, dadurch kein Zuschmieren des Schleifmittels<br \/>\n\u25cf extrem hohe Staubabweisung durch &#8220;Anti Glogging Surface&#8221;<br \/>\n\u25cf K\u00f6rniges, scharfes und selbstsch\u00e4rfendes Schleifkorn, mit einem sehr aggressivem Abtrag bei groben K\u00f6rnungen.<br \/>\n\u25cf extrem hohe Standzeit auch im feinen K\u00f6rnungsbereich, durch selbstsch\u00e4rfendes Korn.<br \/>\n\u25cf Eisenfrei f\u00fcr die Bearbeitung von empfindlichen Metallen wie Edelstahl und Aluminium, da es keine Verf\u00e4rbungen verursacht<br \/>\n\u25cf sowohl f\u00fcr Trocken als auch f\u00fcr Feuchtschliff geeignet<br \/>\n\u25cf hohe Flexibilit\u00e4t f\u00fcr optimalen Konturenschliff<\/p>\n","protected":false},"excerpt":{"rendered":"<p>\u25cf sehr hochwertiges Edelkorund Schleifmittel mit geringem aber optimal ausgewogenem Keramikanteil \u25cf 15Loch, 150mm Film-Schleifscheiben mit Kletthaftung und Anti-Burn Technologie, \u25cf rei\u00dffeste PET\/POLYESTER Tr\u00e4gerfolie \u25cf extrem<span class=\"excerpt-hellip\"> [\u2026]<\/span><\/p>\n","protected":false},"featured_media":6225,"template":"","meta":{"_acf_changed":false},"product_brand":[],"product_cat":[863],"product_tag":[],"class_list":{"0":"post-7145","1":"product","2":"type-product","3":"status-publish","4":"has-post-thumbnail","6":"product_cat-schleifen-zubehoer","8":"first","9":"instock","10":"purchasable","11":"product-type-simple"},"acf":[],"_links":{"self":[{"href":"https:\/\/car-refinish-system.com\/beta\/wp-json\/wp\/v2\/product\/7145","targetHints":{"allow":["GET"]}}],"collection":[{"href":"https:\/\/car-refinish-system.com\/beta\/wp-json\/wp\/v2\/product"}],"about":[{"href":"https:\/\/car-refinish-system.com\/beta\/wp-json\/wp\/v2\/types\/product"}],"wp:featuredmedia":[{"embeddable":true,"href":"https:\/\/car-refinish-system.com\/beta\/wp-json\/wp\/v2\/media\/6225"}],"wp:attachment":[{"href":"https:\/\/car-refinish-system.com\/beta\/wp-json\/wp\/v2\/media?parent=7145"}],"wp:term":[{"taxonomy":"product_brand","embeddable":true,"href":"https:\/\/car-refinish-system.com\/beta\/wp-json\/wp\/v2\/product_brand?post=7145"},{"taxonomy":"product_cat","embeddable":true,"href":"https:\/\/car-refinish-system.com\/beta\/wp-json\/wp\/v2\/product_cat?post=7145"},{"taxonomy":"product_tag","embeddable":true,"href":"https:\/\/car-refinish-system.com\/beta\/wp-json\/wp\/v2\/product_tag?post=7145"}],"curies":[{"name":"wp","href":"https:\/\/api.w.org\/{rel}","templated":true}]}}