{"id":7157,"date":"2026-03-27T06:03:16","date_gmt":"2026-03-27T06:03:16","guid":{"rendered":"https:\/\/car-refinish-system.com\/beta\/produs\/spongeflex-double-ultrafine-blue-800-1000-12pcpad-120-x-98mm-x-13mm\/"},"modified":"2026-03-27T06:03:27","modified_gmt":"2026-03-27T06:03:27","slug":"spongeflex-double-ultrafine-blue-800-1000-12pcpad-120-x-98mm-x-13mm","status":"publish","type":"product","link":"https:\/\/car-refinish-system.com\/beta\/produs\/spongeflex-double-ultrafine-blue-800-1000-12pcpad-120-x-98mm-x-13mm\/","title":{"rendered":"SpongeFlex Double ULTRAFINE Blue 800-1000 12pc\nPad 120 x 98mm x 13mm"},"content":{"rendered":"<p>\u25cf 2 Seitiger gelber Schleifschwamm der Spitzenklasse<br \/>\n\u25cf 120mm x 98mm, 13mm St\u00e4rke<br \/>\n\u25cf je K\u00f6rnung unterschiedliche Schwammfarbe und Aufdruck der K\u00f6rnung zur einfachen Zuordnung<br \/>\n\u25cf Hochflexibler L\u00f6semittelbest\u00e4ndiger PU-Schaumstoff als Tr\u00e4germaterial<br \/>\n\u25cf Edelkorund als Schleifkorn mit hochelastischem Bindemittel<br \/>\n\u25cf F\u00fcr alle Schleifarbeiten an allen Oberfl\u00e4chen, Nass- und Trockenschliff auch an schwer zug\u00e4nglichen Stellen<br \/>\n\u25cf Auswaschbar und Abblasbar<br \/>\n\u25cf Geringe Durchschleifgefahr im Lackschliff wegen optimalem Anpressdruck<br \/>\n\u25cf perfekter Formanpassung und dadurch keine Rauhtiefenunterschiede<br \/>\n\u25cf Zum Mattieren, Fein- und Grobschleifen und Vorbereitung f\u00fcr Beilackierungen und Polierarbeiten<br \/>\n\u25cf Optimal f\u00fcr Schleifarbeiten an Konturen, Rundungen und beim Profilschliff sowie an schwer zug\u00e4ngigen Stellen<\/p>\n","protected":false},"excerpt":{"rendered":"<p>\u25cf 2 Seitiger gelber Schleifschwamm der Spitzenklasse \u25cf 120mm x 98mm, 13mm St\u00e4rke \u25cf je K\u00f6rnung unterschiedliche Schwammfarbe und Aufdruck der K\u00f6rnung zur einfachen Zuordnung \u25cf<span class=\"excerpt-hellip\"> [\u2026]<\/span><\/p>\n","protected":false},"featured_media":6249,"template":"","meta":{"_acf_changed":false},"product_brand":[],"product_cat":[863],"product_tag":[],"class_list":{"0":"post-7157","1":"product","2":"type-product","3":"status-publish","4":"has-post-thumbnail","6":"product_cat-schleifen-zubehoer","8":"first","9":"instock","10":"purchasable","11":"product-type-simple"},"acf":[],"_links":{"self":[{"href":"https:\/\/car-refinish-system.com\/beta\/wp-json\/wp\/v2\/product\/7157","targetHints":{"allow":["GET"]}}],"collection":[{"href":"https:\/\/car-refinish-system.com\/beta\/wp-json\/wp\/v2\/product"}],"about":[{"href":"https:\/\/car-refinish-system.com\/beta\/wp-json\/wp\/v2\/types\/product"}],"wp:featuredmedia":[{"embeddable":true,"href":"https:\/\/car-refinish-system.com\/beta\/wp-json\/wp\/v2\/media\/6249"}],"wp:attachment":[{"href":"https:\/\/car-refinish-system.com\/beta\/wp-json\/wp\/v2\/media?parent=7157"}],"wp:term":[{"taxonomy":"product_brand","embeddable":true,"href":"https:\/\/car-refinish-system.com\/beta\/wp-json\/wp\/v2\/product_brand?post=7157"},{"taxonomy":"product_cat","embeddable":true,"href":"https:\/\/car-refinish-system.com\/beta\/wp-json\/wp\/v2\/product_cat?post=7157"},{"taxonomy":"product_tag","embeddable":true,"href":"https:\/\/car-refinish-system.com\/beta\/wp-json\/wp\/v2\/product_tag?post=7157"}],"curies":[{"name":"wp","href":"https:\/\/api.w.org\/{rel}","templated":true}]}}