{"id":7189,"date":"2026-03-27T06:03:46","date_gmt":"2026-03-27T06:03:46","guid":{"rendered":"https:\/\/car-refinish-system.com\/beta\/produs\/net-strip-p320-70-x-400mm-50pcs\/"},"modified":"2026-03-27T06:03:52","modified_gmt":"2026-03-27T06:03:52","slug":"net-strip-p320-70-x-400mm-50pcs","status":"publish","type":"product","link":"https:\/\/car-refinish-system.com\/beta\/produs\/net-strip-p320-70-x-400mm-50pcs\/","title":{"rendered":"Net Strip P320 70 x 400mm 50Pcs"},"content":{"rendered":"<p>\u25cf &#8220;Net&#8221; Klett-Schleifnetzsreifen 70mm x 400mm<br \/>\n\u25cf sehr hochwertiges Netzschleifmittel bestehend aus Pyolon\/Polyester als Tr\u00e4germaterial<br \/>\n\u25cf h\u00f6chst effiziente Mischung des Schleifkorns aus Aluminiumoxid- und Keramikgranulat<br \/>\n\u25cf geschlossene Streuung des Netztr\u00e4gers auf Basis einer &#8220;Harz auf Harz&#8221; Bindung<br \/>\n\u25cf Kein Zusetzen des Schleifkorn<br \/>\n\u25cf Extrem schnelle Schleifergebnisse durch eine hohe Schleifabtragsleistung<br \/>\n\u25cf Sehr lange Standzeit<br \/>\n\u25cf Erhebliches kostenreduziertes Arbeiten.<br \/>\n\u25cf &#8220;Net&#8221; Netzschleifmittel sorgt beim Einsatz f\u00fcr extremes und effektives staubreduziertes Schleifen w\u00e4hrend der Oberfl\u00e4chenbearbeitung.<br \/>\n\u25cf &#8220;Net&#8221; Netzschleifmittel kann f\u00fcr alle \u00fcblichen Schleifarbeiten auf fast allen g\u00e4ngigen Oberfl\u00e4chen verwendet werden.<\/p>\n","protected":false},"excerpt":{"rendered":"<p>\u25cf &#8220;Net&#8221; Klett-Schleifnetzsreifen 70mm x 400mm \u25cf sehr hochwertiges Netzschleifmittel bestehend aus Pyolon\/Polyester als Tr\u00e4germaterial \u25cf h\u00f6chst effiziente Mischung des Schleifkorns aus Aluminiumoxid- und Keramikgranulat \u25cf<span class=\"excerpt-hellip\"> [\u2026]<\/span><\/p>\n","protected":false},"featured_media":6313,"template":"","meta":{"_acf_changed":false},"product_brand":[],"product_cat":[863],"product_tag":[],"class_list":{"0":"post-7189","1":"product","2":"type-product","3":"status-publish","4":"has-post-thumbnail","6":"product_cat-schleifen-zubehoer","8":"first","9":"instock","10":"purchasable","11":"product-type-simple"},"acf":[],"_links":{"self":[{"href":"https:\/\/car-refinish-system.com\/beta\/wp-json\/wp\/v2\/product\/7189","targetHints":{"allow":["GET"]}}],"collection":[{"href":"https:\/\/car-refinish-system.com\/beta\/wp-json\/wp\/v2\/product"}],"about":[{"href":"https:\/\/car-refinish-system.com\/beta\/wp-json\/wp\/v2\/types\/product"}],"wp:featuredmedia":[{"embeddable":true,"href":"https:\/\/car-refinish-system.com\/beta\/wp-json\/wp\/v2\/media\/6313"}],"wp:attachment":[{"href":"https:\/\/car-refinish-system.com\/beta\/wp-json\/wp\/v2\/media?parent=7189"}],"wp:term":[{"taxonomy":"product_brand","embeddable":true,"href":"https:\/\/car-refinish-system.com\/beta\/wp-json\/wp\/v2\/product_brand?post=7189"},{"taxonomy":"product_cat","embeddable":true,"href":"https:\/\/car-refinish-system.com\/beta\/wp-json\/wp\/v2\/product_cat?post=7189"},{"taxonomy":"product_tag","embeddable":true,"href":"https:\/\/car-refinish-system.com\/beta\/wp-json\/wp\/v2\/product_tag?post=7189"}],"curies":[{"name":"wp","href":"https:\/\/api.w.org\/{rel}","templated":true}]}}