{"id":7201,"date":"2026-03-27T06:03:59","date_gmt":"2026-03-27T06:03:59","guid":{"rendered":"https:\/\/car-refinish-system.com\/beta\/produs\/goldstar-strip-p180-14h-70-x-420-100pcs\/"},"modified":"2026-03-27T06:04:01","modified_gmt":"2026-03-27T06:04:01","slug":"goldstar-strip-p180-14h-70-x-420-100pcs","status":"publish","type":"product","link":"https:\/\/car-refinish-system.com\/beta\/produs\/goldstar-strip-p180-14h-70-x-420-100pcs\/","title":{"rendered":"GoldStar Strip P180 14H 70 x 420 100pcs"},"content":{"rendered":"<p>\u25cf Goldfarbene Klett Schleifstreifen aus speziellem Latexpapier als Tr\u00e4germaterial<br \/>\n\u25cf Abmessung: 70mm x 420mm<br \/>\n\u25cf Extrem d\u00fcnnes, sehr rei\u00dffestes und hoch flexibles Tr\u00e4gerspezialpapier<br \/>\n\u25cf sehr hoher Anfangsabtrag und extrem hohe Standzeit<br \/>\n\u25cf f\u00fcr 14 Loch Schleifklotz\/-hobel verwendbar<br \/>\n\u25cf Halboffene Kornstreuung f\u00fcr sehr guten Abrieb und hohem Staubabtransport<br \/>\n\u25cf sehr hochwertige Stearatbeschichtung um ein Zuschmieren des Schleifmittels zu verhindern<\/p>\n","protected":false},"excerpt":{"rendered":"<p>\u25cf Goldfarbene Klett Schleifstreifen aus speziellem Latexpapier als Tr\u00e4germaterial \u25cf Abmessung: 70mm x 420mm \u25cf Extrem d\u00fcnnes, sehr rei\u00dffestes und hoch flexibles Tr\u00e4gerspezialpapier \u25cf sehr hoher<span class=\"excerpt-hellip\"> [\u2026]<\/span><\/p>\n","protected":false},"featured_media":6337,"template":"","meta":{"_acf_changed":false},"product_brand":[],"product_cat":[863],"product_tag":[],"class_list":{"0":"post-7201","1":"product","2":"type-product","3":"status-publish","4":"has-post-thumbnail","6":"product_cat-schleifen-zubehoer","8":"first","9":"instock","10":"purchasable","11":"product-type-simple"},"acf":[],"_links":{"self":[{"href":"https:\/\/car-refinish-system.com\/beta\/wp-json\/wp\/v2\/product\/7201","targetHints":{"allow":["GET"]}}],"collection":[{"href":"https:\/\/car-refinish-system.com\/beta\/wp-json\/wp\/v2\/product"}],"about":[{"href":"https:\/\/car-refinish-system.com\/beta\/wp-json\/wp\/v2\/types\/product"}],"wp:featuredmedia":[{"embeddable":true,"href":"https:\/\/car-refinish-system.com\/beta\/wp-json\/wp\/v2\/media\/6337"}],"wp:attachment":[{"href":"https:\/\/car-refinish-system.com\/beta\/wp-json\/wp\/v2\/media?parent=7201"}],"wp:term":[{"taxonomy":"product_brand","embeddable":true,"href":"https:\/\/car-refinish-system.com\/beta\/wp-json\/wp\/v2\/product_brand?post=7201"},{"taxonomy":"product_cat","embeddable":true,"href":"https:\/\/car-refinish-system.com\/beta\/wp-json\/wp\/v2\/product_cat?post=7201"},{"taxonomy":"product_tag","embeddable":true,"href":"https:\/\/car-refinish-system.com\/beta\/wp-json\/wp\/v2\/product_tag?post=7201"}],"curies":[{"name":"wp","href":"https:\/\/api.w.org\/{rel}","templated":true}]}}