{"id":7205,"date":"2026-03-27T06:03:59","date_gmt":"2026-03-27T06:03:59","guid":{"rendered":"https:\/\/car-refinish-system.com\/beta\/produs\/sanding-roll-p80-70mm-x-25m-vel\/"},"modified":"2026-03-27T12:15:43","modified_gmt":"2026-03-27T12:15:43","slug":"sanding-roll-p80-70mm-x-25m-vel","status":"publish","type":"product","link":"https:\/\/car-refinish-system.com\/beta\/produs\/sanding-roll-p80-70mm-x-25m-vel\/","title":{"rendered":"Sanding Roll P80 70mm x 25m Vel."},"content":{"rendered":"<p>\u25cf Goldfarbene Klett Schleifstreifenrolle aus speziellem Latexpapier als Tr\u00e4germaterial<br \/>\n\u25cf Abmessung: Rolle 70mm x 25m<br \/>\n\u25cf Extrem d\u00fcnnes, sehr rei\u00dffestes und hoch flexibles Tr\u00e4gerspezialpapier<br \/>\n\u25cf sehr hohe Anfangsabtrag und extrem hohe Standzeit<br \/>\n\u25cf f\u00fcr alle g\u00e4ngigen Schleifkl\u00f6tze\/-hobel verwendbar<br \/>\n\u25cf Halboffene Kornstreuung f\u00fcr sehr guten Abrieb und hohem Staubabtransport<br \/>\n\u25cf sehr hochwertige Stearatbeschichtung um ein Zuschmieren des Schleifmittels zu verhindern<\/p>\n","protected":false},"excerpt":{"rendered":"<p>\u25cf Goldfarbene Klett Schleifstreifenrolle aus speziellem Latexpapier als Tr\u00e4germaterial \u25cf Abmessung: Rolle 70mm x 25m \u25cf Extrem d\u00fcnnes, sehr rei\u00dffestes und hoch flexibles Tr\u00e4gerspezialpapier \u25cf sehr<span class=\"excerpt-hellip\"> [\u2026]<\/span><\/p>\n","protected":false},"featured_media":8043,"template":"","meta":{"_acf_changed":false},"product_brand":[],"product_cat":[863],"product_tag":[],"class_list":{"0":"post-7205","1":"product","2":"type-product","3":"status-publish","4":"has-post-thumbnail","6":"product_cat-schleifen-zubehoer","8":"first","9":"instock","10":"purchasable","11":"product-type-simple"},"acf":[],"_links":{"self":[{"href":"https:\/\/car-refinish-system.com\/beta\/wp-json\/wp\/v2\/product\/7205","targetHints":{"allow":["GET"]}}],"collection":[{"href":"https:\/\/car-refinish-system.com\/beta\/wp-json\/wp\/v2\/product"}],"about":[{"href":"https:\/\/car-refinish-system.com\/beta\/wp-json\/wp\/v2\/types\/product"}],"wp:featuredmedia":[{"embeddable":true,"href":"https:\/\/car-refinish-system.com\/beta\/wp-json\/wp\/v2\/media\/8043"}],"wp:attachment":[{"href":"https:\/\/car-refinish-system.com\/beta\/wp-json\/wp\/v2\/media?parent=7205"}],"wp:term":[{"taxonomy":"product_brand","embeddable":true,"href":"https:\/\/car-refinish-system.com\/beta\/wp-json\/wp\/v2\/product_brand?post=7205"},{"taxonomy":"product_cat","embeddable":true,"href":"https:\/\/car-refinish-system.com\/beta\/wp-json\/wp\/v2\/product_cat?post=7205"},{"taxonomy":"product_tag","embeddable":true,"href":"https:\/\/car-refinish-system.com\/beta\/wp-json\/wp\/v2\/product_tag?post=7205"}],"curies":[{"name":"wp","href":"https:\/\/api.w.org\/{rel}","templated":true}]}}