{"id":7232,"date":"2026-03-27T06:04:13","date_gmt":"2026-03-27T06:04:13","guid":{"rendered":"https:\/\/car-refinish-system.com\/beta\/produs\/wetflex-p2500-230-x-280mm-100pcs\/"},"modified":"2026-03-27T09:38:50","modified_gmt":"2026-03-27T09:38:50","slug":"wetflex-p2500-230-x-280mm-100pcs","status":"publish","type":"product","link":"https:\/\/car-refinish-system.com\/beta\/produs\/wetflex-p2500-230-x-280mm-100pcs\/","title":{"rendered":"WetFlex P2500 230 x 280mm 100Pcs"},"content":{"rendered":"<p>\u25cf Exzellentes und hochflexibles Latexpapier mit Siliciumcarbid Korn und Vollkunstharzbindung<br \/>\n\u25cf 230mm x 280mm<br \/>\n\u25cf gleichm\u00e4\u00dfig dicht gestreutes Korn f\u00fcr gleichm\u00e4\u00dfige Rauhtiefenergebnisse<br \/>\n\u25cf sehr gute Kornhaftung, extrem hohe Schleifkraft\/Schnittleistung und sehr lange Standzeit<br \/>\n\u25cf als Nass- und Trockenschleifmittel verwendbar<br \/>\n\u25cf Hochwertigstes Schleifmittel f\u00fcr ein perfektes Oberfl\u00e4chenfinish<br \/>\n\u25cf Flexibles und rei\u00dffestes Latex-Tr\u00e4gerpapier mit Anti-Slip R\u00fcckenbeschichtung<br \/>\n\u25cf sehr kurze Einweichzeiten (kurzes Eintauchen in Wasser)<br \/>\n\u25cf exzellente Anpassung an zu schleifende Konturen egal ob Nass oder Trocken.<br \/>\n\u25cf geringstes Zusetzen des Schleifpapiers<br \/>\n\u25cf optimal geeignet f\u00fcr das Mattieren von Oberfl\u00e4chen und die Feinschliffbearbeitung  von  Lacken und anderen Oberfl\u00e4chen\u25cf erzielt ein extrem feines Schliffbild um optimale Ergebnisse f\u00fcr Folgeprozesse, wie z.B. beim Polieren, zu erzielen<\/p>\n","protected":false},"excerpt":{"rendered":"<p>\u25cf Exzellentes und hochflexibles Latexpapier mit Siliciumcarbid Korn und Vollkunstharzbindung \u25cf 230mm x 280mm \u25cf gleichm\u00e4\u00dfig dicht gestreutes Korn f\u00fcr gleichm\u00e4\u00dfige Rauhtiefenergebnisse \u25cf sehr gute Kornhaftung,<span class=\"excerpt-hellip\"> [\u2026]<\/span><\/p>\n","protected":false},"featured_media":7774,"template":"","meta":{"_acf_changed":false},"product_brand":[],"product_cat":[863],"product_tag":[],"class_list":{"0":"post-7232","1":"product","2":"type-product","3":"status-publish","4":"has-post-thumbnail","6":"product_cat-schleifen-zubehoer","8":"first","9":"instock","10":"purchasable","11":"product-type-simple"},"acf":[],"_links":{"self":[{"href":"https:\/\/car-refinish-system.com\/beta\/wp-json\/wp\/v2\/product\/7232","targetHints":{"allow":["GET"]}}],"collection":[{"href":"https:\/\/car-refinish-system.com\/beta\/wp-json\/wp\/v2\/product"}],"about":[{"href":"https:\/\/car-refinish-system.com\/beta\/wp-json\/wp\/v2\/types\/product"}],"wp:featuredmedia":[{"embeddable":true,"href":"https:\/\/car-refinish-system.com\/beta\/wp-json\/wp\/v2\/media\/7774"}],"wp:attachment":[{"href":"https:\/\/car-refinish-system.com\/beta\/wp-json\/wp\/v2\/media?parent=7232"}],"wp:term":[{"taxonomy":"product_brand","embeddable":true,"href":"https:\/\/car-refinish-system.com\/beta\/wp-json\/wp\/v2\/product_brand?post=7232"},{"taxonomy":"product_cat","embeddable":true,"href":"https:\/\/car-refinish-system.com\/beta\/wp-json\/wp\/v2\/product_cat?post=7232"},{"taxonomy":"product_tag","embeddable":true,"href":"https:\/\/car-refinish-system.com\/beta\/wp-json\/wp\/v2\/product_tag?post=7232"}],"curies":[{"name":"wp","href":"https:\/\/api.w.org\/{rel}","templated":true}]}}