{"id":7262,"date":"2026-03-27T06:04:41","date_gmt":"2026-03-27T06:04:41","guid":{"rendered":"https:\/\/car-refinish-system.com\/beta\/produs\/scuffpad-uf-grey-152-x-230mm-10pcs\/"},"modified":"2026-03-27T06:04:44","modified_gmt":"2026-03-27T06:04:44","slug":"scuffpad-uf-grey-152-x-230mm-10pcs","status":"publish","type":"product","link":"https:\/\/car-refinish-system.com\/beta\/produs\/scuffpad-uf-grey-152-x-230mm-10pcs\/","title":{"rendered":"ScuffPad UF Grey 152 x 230mm 10Pcs"},"content":{"rendered":"<p>Sehr hochwertiges, dreidimensionales Schleifvlies, Farbe Grau<br \/>\n\u25cf K\u00f6rnung ca. P1500 Bezeichnung UF<br \/>\n\u25cf Pad 152 x 230mm, Dicke ca. 7mm<br \/>\n\u25cf dreidimensional gestreute Siliziumkarbidk\u00f6rnung mit Vollkunstahrzbindung<br \/>\n\u25cf zur Vorbereitung von Oberfl\u00e4chen, vor dem Farbauftrag von F\u00fcller, Deck-\/Basislack oder Klarlack und anderen Lackmaterialien<br \/>\n\u25cf zum Erzielen von feinsten und gleichm\u00e4\u00dfigen Oberfl\u00e4chen, um ein optimales Oberfl\u00e4chenfinish zu erhalten<br \/>\n\u25cf zu Anschleifen von Lackoberfl\u00e4chen vor dem Ein-\/ Beilackieren<br \/>\n\u25cf f\u00fcr Nass und Troceknschliff geeignet.<br \/>\n\u25cf Durch die hohe Flexibilit\u00e4t des Schleifmittels auch h\u00f6chsteffizient f\u00fcr gew\u00f6lbte Oberfl\u00e4chen<br \/>\n\u25cf zum Schleifen von schwerzug\u00e4nglichen Bereichen wie Sicken und Kanten.<br \/>\n\u25cf F\u00fcr alle Oberfl\u00e4chen einsetzbar wie z.B. Holz,\u00a0Kunststoff,\u00a0Metall-\/ und NE-Metallkomponenten\u00a0sowie auf\u00a0lackierten Oberfl\u00e4chen<br \/>\n\u25cf Auch als Reinigungs und Entfettungsvlies, sowie als Alternative zu Stahlwolle, zu verwenden<br \/>\n\u25cf Optimal auch f\u00fcr Entrostungsarbeitein und zur Schmutzentfernung einsetzbar.<\/p>\n","protected":false},"excerpt":{"rendered":"<p>Sehr hochwertiges, dreidimensionales Schleifvlies, Farbe Grau \u25cf K\u00f6rnung ca. P1500 Bezeichnung UF \u25cf Pad 152 x 230mm, Dicke ca. 7mm \u25cf dreidimensional gestreute Siliziumkarbidk\u00f6rnung mit Vollkunstahrzbindung<span class=\"excerpt-hellip\"> [\u2026]<\/span><\/p>\n","protected":false},"featured_media":6455,"template":"","meta":{"_acf_changed":false},"product_brand":[],"product_cat":[863],"product_tag":[],"class_list":{"0":"post-7262","1":"product","2":"type-product","3":"status-publish","4":"has-post-thumbnail","6":"product_cat-schleifen-zubehoer","8":"first","9":"instock","10":"purchasable","11":"product-type-simple"},"acf":[],"_links":{"self":[{"href":"https:\/\/car-refinish-system.com\/beta\/wp-json\/wp\/v2\/product\/7262","targetHints":{"allow":["GET"]}}],"collection":[{"href":"https:\/\/car-refinish-system.com\/beta\/wp-json\/wp\/v2\/product"}],"about":[{"href":"https:\/\/car-refinish-system.com\/beta\/wp-json\/wp\/v2\/types\/product"}],"wp:featuredmedia":[{"embeddable":true,"href":"https:\/\/car-refinish-system.com\/beta\/wp-json\/wp\/v2\/media\/6455"}],"wp:attachment":[{"href":"https:\/\/car-refinish-system.com\/beta\/wp-json\/wp\/v2\/media?parent=7262"}],"wp:term":[{"taxonomy":"product_brand","embeddable":true,"href":"https:\/\/car-refinish-system.com\/beta\/wp-json\/wp\/v2\/product_brand?post=7262"},{"taxonomy":"product_cat","embeddable":true,"href":"https:\/\/car-refinish-system.com\/beta\/wp-json\/wp\/v2\/product_cat?post=7262"},{"taxonomy":"product_tag","embeddable":true,"href":"https:\/\/car-refinish-system.com\/beta\/wp-json\/wp\/v2\/product_tag?post=7262"}],"curies":[{"name":"wp","href":"https:\/\/api.w.org\/{rel}","templated":true}]}}