{"id":7265,"date":"2026-03-27T06:04:41","date_gmt":"2026-03-27T06:04:41","guid":{"rendered":"https:\/\/car-refinish-system.com\/beta\/produs\/dust-extract-hose-grey-30mm-160cm\/"},"modified":"2026-03-27T09:20:21","modified_gmt":"2026-03-27T09:20:21","slug":"dust-extract-hose-grey-30mm-160cm","status":"publish","type":"product","link":"https:\/\/car-refinish-system.com\/beta\/produs\/dust-extract-hose-grey-30mm-160cm\/","title":{"rendered":"Dust &#038; Extract Hose grey 30mm, 160cm"},"content":{"rendered":"<p>\u25cf langlebiger Absaugschlauch f\u00fcr Exzenterschleifmaschinen<br \/>\n\u25cf \u00d832mm, L160cm<br \/>\n\u25cf PVC\/PU Schlauch mit stabilem Spiraleinsatz um ein Abknicken zu verhindern<br \/>\n\u25cf mit glatter Innen- und gewellter Au\u00dfenwand, f\u00fcr geringen Str\u00f6mungswiderstand<br \/>\n\u25cf in Bereichen von -10\u00b0C -60\u00b0C (kurzzeitig 80\u00b0C) einsetzbar<br \/>\n\u25cf flexibler, formstabiler, abriebfester und bedingt chemisch best\u00e4ndiger Absaugschlauch<br \/>\n\u25cf hochflexible Anschlussmuffen auf beiden Seiten, f\u00fcr Aufnahme bis \u00d835mm<\/p>\n","protected":false},"excerpt":{"rendered":"<p>\u25cf langlebiger Absaugschlauch f\u00fcr Exzenterschleifmaschinen \u25cf \u00d832mm, L160cm \u25cf PVC\/PU Schlauch mit stabilem Spiraleinsatz um ein Abknicken zu verhindern \u25cf mit glatter Innen- und gewellter Au\u00dfenwand,<span class=\"excerpt-hellip\"> [\u2026]<\/span><\/p>\n","protected":false},"featured_media":7755,"template":"","meta":{"_acf_changed":false},"product_brand":[],"product_cat":[863],"product_tag":[],"class_list":{"0":"post-7265","1":"product","2":"type-product","3":"status-publish","4":"has-post-thumbnail","6":"product_cat-schleifen-zubehoer","8":"first","9":"instock","10":"purchasable","11":"product-type-simple"},"acf":[],"_links":{"self":[{"href":"https:\/\/car-refinish-system.com\/beta\/wp-json\/wp\/v2\/product\/7265","targetHints":{"allow":["GET"]}}],"collection":[{"href":"https:\/\/car-refinish-system.com\/beta\/wp-json\/wp\/v2\/product"}],"about":[{"href":"https:\/\/car-refinish-system.com\/beta\/wp-json\/wp\/v2\/types\/product"}],"wp:featuredmedia":[{"embeddable":true,"href":"https:\/\/car-refinish-system.com\/beta\/wp-json\/wp\/v2\/media\/7755"}],"wp:attachment":[{"href":"https:\/\/car-refinish-system.com\/beta\/wp-json\/wp\/v2\/media?parent=7265"}],"wp:term":[{"taxonomy":"product_brand","embeddable":true,"href":"https:\/\/car-refinish-system.com\/beta\/wp-json\/wp\/v2\/product_brand?post=7265"},{"taxonomy":"product_cat","embeddable":true,"href":"https:\/\/car-refinish-system.com\/beta\/wp-json\/wp\/v2\/product_cat?post=7265"},{"taxonomy":"product_tag","embeddable":true,"href":"https:\/\/car-refinish-system.com\/beta\/wp-json\/wp\/v2\/product_tag?post=7265"}],"curies":[{"name":"wp","href":"https:\/\/api.w.org\/{rel}","templated":true}]}}