{"id":7268,"date":"2026-03-27T06:04:41","date_gmt":"2026-03-27T06:04:41","guid":{"rendered":"https:\/\/car-refinish-system.com\/beta\/produs\/sanding-block-procut-perfection-33910-40x30x28mm\/"},"modified":"2026-03-27T06:04:48","modified_gmt":"2026-03-27T06:04:48","slug":"sanding-block-procut-perfection-33910-40x30x28mm","status":"publish","type":"product","link":"https:\/\/car-refinish-system.com\/beta\/produs\/sanding-block-procut-perfection-33910-40x30x28mm\/","title":{"rendered":"Sanding Block &#8220;ProCut Perfection&#8221; 33910 40x30x28mm"},"content":{"rendered":"<p>\u25cf rechteckiger Handschleifblock f\u00fcr selbstklebende Schleifstreifen<br \/>\n\u25cf H30mm x B28mm x L40mm mit 1,5mm Moosgummiauflage<br \/>\n\u25cf einseitig mit hartem 1,5mm Moosgummi versehen<br \/>\n\u25cf verhindert Druckstellen in der frischen Lackierung<br \/>\n\u25cf zur manuellen Anwendung &#8211; optimal f\u00fcr feinste Arbeiten<br \/>\n\u25cf optimal zum Ausschleifen von Fehlstellen wie Lacknasen oder Staubeinschl\u00fcssen<br \/>\n\u25cf ideal zur Vorbereitung und Kontrolle der Lackoberfl\u00e4che vor dem Polieren<br \/>\n\u25cf sowohl f\u00fcr Token- als auch f\u00fcr Na\u00dfschliff geeignet<\/p>\n","protected":false},"excerpt":{"rendered":"<p>\u25cf rechteckiger Handschleifblock f\u00fcr selbstklebende Schleifstreifen \u25cf H30mm x B28mm x L40mm mit 1,5mm Moosgummiauflage \u25cf einseitig mit hartem 1,5mm Moosgummi versehen \u25cf verhindert Druckstellen in<span class=\"excerpt-hellip\"> [\u2026]<\/span><\/p>\n","protected":false},"featured_media":6466,"template":"","meta":{"_acf_changed":false},"product_brand":[],"product_cat":[863],"product_tag":[],"class_list":{"0":"post-7268","1":"product","2":"type-product","3":"status-publish","4":"has-post-thumbnail","6":"product_cat-schleifen-zubehoer","8":"first","9":"instock","10":"purchasable","11":"product-type-simple"},"acf":[],"_links":{"self":[{"href":"https:\/\/car-refinish-system.com\/beta\/wp-json\/wp\/v2\/product\/7268","targetHints":{"allow":["GET"]}}],"collection":[{"href":"https:\/\/car-refinish-system.com\/beta\/wp-json\/wp\/v2\/product"}],"about":[{"href":"https:\/\/car-refinish-system.com\/beta\/wp-json\/wp\/v2\/types\/product"}],"wp:featuredmedia":[{"embeddable":true,"href":"https:\/\/car-refinish-system.com\/beta\/wp-json\/wp\/v2\/media\/6466"}],"wp:attachment":[{"href":"https:\/\/car-refinish-system.com\/beta\/wp-json\/wp\/v2\/media?parent=7268"}],"wp:term":[{"taxonomy":"product_brand","embeddable":true,"href":"https:\/\/car-refinish-system.com\/beta\/wp-json\/wp\/v2\/product_brand?post=7268"},{"taxonomy":"product_cat","embeddable":true,"href":"https:\/\/car-refinish-system.com\/beta\/wp-json\/wp\/v2\/product_cat?post=7268"},{"taxonomy":"product_tag","embeddable":true,"href":"https:\/\/car-refinish-system.com\/beta\/wp-json\/wp\/v2\/product_tag?post=7268"}],"curies":[{"name":"wp","href":"https:\/\/api.w.org\/{rel}","templated":true}]}}