{"id":7278,"date":"2026-03-27T06:04:56","date_gmt":"2026-03-27T06:04:56","guid":{"rendered":"https:\/\/car-refinish-system.com\/beta\/produs\/backing-pad-141-150mm-standard-velcro-5-16\/"},"modified":"2026-03-27T08:05:12","modified_gmt":"2026-03-27T08:05:12","slug":"backing-pad-141-150mm-standard-velcro-5-16","status":"publish","type":"product","link":"https:\/\/car-refinish-system.com\/beta\/produs\/backing-pad-141-150mm-standard-velcro-5-16\/","title":{"rendered":"Backing Pad 14+1, 150mm Standard Velcro 5\/16&#8243;"},"content":{"rendered":"<p>\u25cf sehr hochwertiger, PU Multiloch Klettteller<br \/>\n\u25cf 150mm \/ 14+1 Centerloch Absaugung<br \/>\n\u25cf extrem stabiler und metallverst\u00e4rkter eingebetteter 5\/16&#8243; Gewindestift<br \/>\n\u25cf Deckteller aus Epoxidharz-Laminat mit glasfaserverst\u00e4rktem Kunststoff<br \/>\n\u25cf Bruchsicher auch bei starker Beanspruchung<br \/>\n\u25cf Flexibler PU-Schaum in Zylinderform<br \/>\n\u25cf Kompatibel mit allen Schleifmaschinen, welche eine 5\/16&#8243; Gewindeaufnahme unterst\u00fctzen<br \/>\n\u25cf sehr flache 13mm hohe Ausf\u00fchrung bei 10.000 U\/min max.<br \/>\n\u25cf Schaumstofffestigkeit: MEDIUM, mit einer Softzunahme am Rand, f\u00fcr besseres \u00dcbergangsschleifen<br \/>\n\u25cf Medium Ausf\u00fchrung ideal geeignet zum Schleifen gro\u00dfer Fl\u00e4chen sowie Ecken und Kanten.<br \/>\n\u25cf hochwertigster Klettbelag f\u00fcr schnelles Wechseln von Schleifmitteln.<br \/>\n\u25cf f\u00fcr Grob- und Endschliff optimal geeignet<br \/>\n\u25cf speziell getestete und ausgewuchtete Bauweise und dadurch vibrationsreduziertes Schleifen<br \/>\n\u25cf zum Schleifen f\u00fcr gro\u00dfe Fl\u00e4chen, Ecken, Kanten und Rundungen<br \/>\n\u25cf speziell optimierte Multilochung f\u00fcr 150mm Schleifscheiben mit 6-fach\/9-fach\/14-fach und 15-fach Lochung<br \/>\n\u25cf optimal auch zur Absaugung mit Netzschleifmittel geeignet<\/p>\n","protected":false},"excerpt":{"rendered":"<p>\u25cf sehr hochwertiger, PU Multiloch Klettteller \u25cf 150mm \/ 14+1 Centerloch Absaugung \u25cf extrem stabiler und metallverst\u00e4rkter eingebetteter 5\/16&#8243; Gewindestift \u25cf Deckteller aus Epoxidharz-Laminat mit glasfaserverst\u00e4rktem<span class=\"excerpt-hellip\"> [\u2026]<\/span><\/p>\n","protected":false},"featured_media":7740,"template":"","meta":{"_acf_changed":false},"product_brand":[],"product_cat":[863],"product_tag":[],"class_list":{"0":"post-7278","1":"product","2":"type-product","3":"status-publish","4":"has-post-thumbnail","6":"product_cat-schleifen-zubehoer","8":"first","9":"instock","10":"purchasable","11":"product-type-simple"},"acf":[],"_links":{"self":[{"href":"https:\/\/car-refinish-system.com\/beta\/wp-json\/wp\/v2\/product\/7278","targetHints":{"allow":["GET"]}}],"collection":[{"href":"https:\/\/car-refinish-system.com\/beta\/wp-json\/wp\/v2\/product"}],"about":[{"href":"https:\/\/car-refinish-system.com\/beta\/wp-json\/wp\/v2\/types\/product"}],"wp:featuredmedia":[{"embeddable":true,"href":"https:\/\/car-refinish-system.com\/beta\/wp-json\/wp\/v2\/media\/7740"}],"wp:attachment":[{"href":"https:\/\/car-refinish-system.com\/beta\/wp-json\/wp\/v2\/media?parent=7278"}],"wp:term":[{"taxonomy":"product_brand","embeddable":true,"href":"https:\/\/car-refinish-system.com\/beta\/wp-json\/wp\/v2\/product_brand?post=7278"},{"taxonomy":"product_cat","embeddable":true,"href":"https:\/\/car-refinish-system.com\/beta\/wp-json\/wp\/v2\/product_cat?post=7278"},{"taxonomy":"product_tag","embeddable":true,"href":"https:\/\/car-refinish-system.com\/beta\/wp-json\/wp\/v2\/product_tag?post=7278"}],"curies":[{"name":"wp","href":"https:\/\/api.w.org\/{rel}","templated":true}]}}