{"id":7282,"date":"2026-03-27T06:04:56","date_gmt":"2026-03-27T06:04:56","guid":{"rendered":"https:\/\/car-refinish-system.com\/beta\/produs\/sanding-block-flex-420mmx70mm-14h-konvex-konkav\/"},"modified":"2026-03-27T08:06:47","modified_gmt":"2026-03-27T08:06:47","slug":"sanding-block-flex-420mmx70mm-14h-konvex-konkav","status":"publish","type":"product","link":"https:\/\/car-refinish-system.com\/beta\/produs\/sanding-block-flex-420mmx70mm-14h-konvex-konkav\/","title":{"rendered":"Sanding Block Flex 420mmx70mm, 14H, konvex\/konkav"},"content":{"rendered":"<p>\u25cf Handschleifblock mit Kletthaftung zur manuellen Anwendung f\u00fcr gerade\/konvexe und konkave Formen<br \/>\n\u25cf L400mm B70mm<br \/>\n\u25cf drehbare Einstellung und Fixierung der geradem konvexen oder konkaven Form<br \/>\n\u25cf besonders haftf\u00e4hige Klettauflage f\u00fcr 14-Loch Staubabsaugung<br \/>\n\u25cf ergonomisch geformter Kunststoff, geringes Gewicht<br \/>\n\u25cf Handschleifklotz in sogenannter &#8220;Schleifhobel&#8221; Form<br \/>\n\u25cf Handschleifblock f\u00fcr einen festen rutschfreien Griff<br \/>\n\u25cf formstabil, f\u00fcr h\u00f6chsten Schleifkomfort und maximalen Abtrag<br \/>\n\u25cf ideale Kontrolle beim Schleifen vor Spachtelstellen oder der Formgebung vor den Lackierarbeiten<br \/>\n\u25cf f\u00fcr alle Schleifarbeiten im speziellen f\u00fcr Autoreparaturlackierung und Yachtbau.<br \/>\n\u25cf optimal zum Schleifen von planen konvexen und konkaven Fl\u00e4chen, Ecken, Sicken und Kanten<br \/>\n\u25cf speziell auch f\u00fcr den Schwellerschliff bei langen geraden und leicht gew\u00f6lbten Oberfl\u00e4chen<\/p>\n","protected":false},"excerpt":{"rendered":"<p>\u25cf Handschleifblock mit Kletthaftung zur manuellen Anwendung f\u00fcr gerade\/konvexe und konkave Formen \u25cf L400mm B70mm \u25cf drehbare Einstellung und Fixierung der geradem konvexen oder konkaven Form<span class=\"excerpt-hellip\"> [\u2026]<\/span><\/p>\n","protected":false},"featured_media":7743,"template":"","meta":{"_acf_changed":false},"product_brand":[],"product_cat":[863],"product_tag":[],"class_list":{"0":"post-7282","1":"product","2":"type-product","3":"status-publish","4":"has-post-thumbnail","6":"product_cat-schleifen-zubehoer","8":"first","9":"instock","10":"purchasable","11":"product-type-simple"},"acf":[],"_links":{"self":[{"href":"https:\/\/car-refinish-system.com\/beta\/wp-json\/wp\/v2\/product\/7282","targetHints":{"allow":["GET"]}}],"collection":[{"href":"https:\/\/car-refinish-system.com\/beta\/wp-json\/wp\/v2\/product"}],"about":[{"href":"https:\/\/car-refinish-system.com\/beta\/wp-json\/wp\/v2\/types\/product"}],"wp:featuredmedia":[{"embeddable":true,"href":"https:\/\/car-refinish-system.com\/beta\/wp-json\/wp\/v2\/media\/7743"}],"wp:attachment":[{"href":"https:\/\/car-refinish-system.com\/beta\/wp-json\/wp\/v2\/media?parent=7282"}],"wp:term":[{"taxonomy":"product_brand","embeddable":true,"href":"https:\/\/car-refinish-system.com\/beta\/wp-json\/wp\/v2\/product_brand?post=7282"},{"taxonomy":"product_cat","embeddable":true,"href":"https:\/\/car-refinish-system.com\/beta\/wp-json\/wp\/v2\/product_cat?post=7282"},{"taxonomy":"product_tag","embeddable":true,"href":"https:\/\/car-refinish-system.com\/beta\/wp-json\/wp\/v2\/product_tag?post=7282"}],"curies":[{"name":"wp","href":"https:\/\/api.w.org\/{rel}","templated":true}]}}