{"id":7284,"date":"2026-03-27T06:04:56","date_gmt":"2026-03-27T06:04:56","guid":{"rendered":"https:\/\/car-refinish-system.com\/beta\/produs\/sanding-block-200mm-x-70mm-8h\/"},"modified":"2026-03-27T06:04:59","modified_gmt":"2026-03-27T06:04:59","slug":"sanding-block-200mm-x-70mm-8h","status":"publish","type":"product","link":"https:\/\/car-refinish-system.com\/beta\/produs\/sanding-block-200mm-x-70mm-8h\/","title":{"rendered":"Sanding Block 200mm x 70mm 8H"},"content":{"rendered":"<p>\u25cf Handschleifblock mit Kletthaftung zur manuellen Anwendung<br \/>\n\u25cf L200mm B70mm<br \/>\n\u25cf besonders Haftf\u00e4hige Klettauflage f\u00fcr 8-Loch Staubabsaugung<br \/>\n\u25cf ergonomisch geformter Kunststoff, geringes Gewicht, f\u00fcr einen festen rutschfreien Griff<br \/>\n\u25cf Handschleifklotz in sogenannter &#8220;Schleifhobel&#8221; Form<br \/>\n\u25cf formstabil, f\u00fcr h\u00f6chsten Schleifkomfort und maximalen Abtrag<br \/>\n\u25cf ideale Kontrolle beim Schleifen vor Lackierarbeiten<br \/>\n\u25cf f\u00fcr alle Schleifarbeiten im speziellen f\u00fcr Autoreparaturlackierung und Yachtbau.<br \/>\n\u25cf optimal zum Schleifen von planen Fl\u00e4chen, Ecken, Sicken und Kanten<br \/>\n\u25cf speziell f\u00fcr den Schwellerschliff und bei l\u00e4ngeren geraden Oberfl\u00e4chen<\/p>\n","protected":false},"excerpt":{"rendered":"<p>\u25cf Handschleifblock mit Kletthaftung zur manuellen Anwendung \u25cf L200mm B70mm \u25cf besonders Haftf\u00e4hige Klettauflage f\u00fcr 8-Loch Staubabsaugung \u25cf ergonomisch geformter Kunststoff, geringes Gewicht, f\u00fcr einen festen<span class=\"excerpt-hellip\"> [\u2026]<\/span><\/p>\n","protected":false},"featured_media":6490,"template":"","meta":{"_acf_changed":false},"product_brand":[],"product_cat":[863],"product_tag":[],"class_list":{"0":"post-7284","1":"product","2":"type-product","3":"status-publish","4":"has-post-thumbnail","6":"product_cat-schleifen-zubehoer","8":"first","9":"instock","10":"purchasable","11":"product-type-simple"},"acf":[],"_links":{"self":[{"href":"https:\/\/car-refinish-system.com\/beta\/wp-json\/wp\/v2\/product\/7284","targetHints":{"allow":["GET"]}}],"collection":[{"href":"https:\/\/car-refinish-system.com\/beta\/wp-json\/wp\/v2\/product"}],"about":[{"href":"https:\/\/car-refinish-system.com\/beta\/wp-json\/wp\/v2\/types\/product"}],"wp:featuredmedia":[{"embeddable":true,"href":"https:\/\/car-refinish-system.com\/beta\/wp-json\/wp\/v2\/media\/6490"}],"wp:attachment":[{"href":"https:\/\/car-refinish-system.com\/beta\/wp-json\/wp\/v2\/media?parent=7284"}],"wp:term":[{"taxonomy":"product_brand","embeddable":true,"href":"https:\/\/car-refinish-system.com\/beta\/wp-json\/wp\/v2\/product_brand?post=7284"},{"taxonomy":"product_cat","embeddable":true,"href":"https:\/\/car-refinish-system.com\/beta\/wp-json\/wp\/v2\/product_cat?post=7284"},{"taxonomy":"product_tag","embeddable":true,"href":"https:\/\/car-refinish-system.com\/beta\/wp-json\/wp\/v2\/product_tag?post=7284"}],"curies":[{"name":"wp","href":"https:\/\/api.w.org\/{rel}","templated":true}]}}