{"id":7286,"date":"2026-03-27T06:04:56","date_gmt":"2026-03-27T06:04:56","guid":{"rendered":"https:\/\/car-refinish-system.com\/beta\/produs\/orbital-palm-sander-1125-125mm-5mm\/"},"modified":"2026-03-27T08:46:09","modified_gmt":"2026-03-27T08:46:09","slug":"orbital-palm-sander-1125-125mm-5mm","status":"publish","type":"product","link":"https:\/\/car-refinish-system.com\/beta\/produs\/orbital-palm-sander-1125-125mm-5mm\/","title":{"rendered":"Orbital Palm Sander 1125, 125mm 5mm"},"content":{"rendered":"<p>\u25cf Hochwertiges druckluftbetriebenes (pneumatisch) Einhand-Schleifger\u00e4t mit Exzenterschleifbewegung<br \/>\n\u25cf mit sehr hochwertigem 125mm Klett-Schleifteller mit 44Loch Multilochung<br \/>\n\u25cf f\u00fcr Schleifteller 125mm<br \/>\n\u25cf Maschinengewicht ohne Schleifteller: ca. 750g -790g<br \/>\n\u25cf Exzemterhub\/Vibration: 5mm<br \/>\n\u25cf zum Entrosten, Mattieren oder Gl\u00e4tten von Metallteilen (z.B. P40 -P80)<br \/>\n\u25cf zur Vorbereitung vor der Lackbearbeitung (z.B. P40 &#8211; P120)<br \/>\n\u25cf zum Abschleifen alter Lack-und Farbschichten<br \/>\n\u25cf als Einsatz zum Schleifen von Spachtelmasse (z.B. P80 &#8211; P240)<br \/>\n\u25cf zum Zwischenschliff beim Lackieren (z.\u202fB. P240 &#8211; P2000)<br \/>\n\u25cf als Feinschliff f\u00fcr Politur-Vorbereitung (z.B. P2000 &#8211; P2500)<br \/>\n\u25cf zum Schleifen vor der Klarlack Beilackierung (z.B. P800 &#8211; P2000)<br \/>\n\u25cf Betriebsdruck ca.6bar\/90psi<br \/>\n\u25cf Luftverbrauch ca. 130L p min\/4,5 cfm<br \/>\n\u25cf Leerlaufdrehzahl ca. 10.000 U p min \/ rpm<br \/>\n\u25cf Ger\u00e4uschpegel: 82-90db(A)<br \/>\n\u25cf Integrierter Absauganschluss f\u00fcr 30mm32mm Absaugschlauch<br \/>\n\u25cf Druckluftschnellkupplung DN7,2mm R1\/4&#8243;<br \/>\n\u25cf Silikofreies \u00d6l f\u00fcr ein optimales, ger\u00e4uscharmes und langlebiges Verwenden<\/p>\n","protected":false},"excerpt":{"rendered":"<p>\u25cf Hochwertiges druckluftbetriebenes (pneumatisch) Einhand-Schleifger\u00e4t mit Exzenterschleifbewegung \u25cf mit sehr hochwertigem 125mm Klett-Schleifteller mit 44Loch Multilochung \u25cf f\u00fcr Schleifteller 125mm \u25cf Maschinengewicht ohne Schleifteller: ca. 750g<span class=\"excerpt-hellip\"> [\u2026]<\/span><\/p>\n","protected":false},"featured_media":7745,"template":"","meta":{"_acf_changed":false},"product_brand":[],"product_cat":[863],"product_tag":[],"class_list":{"0":"post-7286","1":"product","2":"type-product","3":"status-publish","4":"has-post-thumbnail","6":"product_cat-schleifen-zubehoer","8":"first","9":"instock","10":"purchasable","11":"product-type-simple"},"acf":[],"_links":{"self":[{"href":"https:\/\/car-refinish-system.com\/beta\/wp-json\/wp\/v2\/product\/7286","targetHints":{"allow":["GET"]}}],"collection":[{"href":"https:\/\/car-refinish-system.com\/beta\/wp-json\/wp\/v2\/product"}],"about":[{"href":"https:\/\/car-refinish-system.com\/beta\/wp-json\/wp\/v2\/types\/product"}],"wp:featuredmedia":[{"embeddable":true,"href":"https:\/\/car-refinish-system.com\/beta\/wp-json\/wp\/v2\/media\/7745"}],"wp:attachment":[{"href":"https:\/\/car-refinish-system.com\/beta\/wp-json\/wp\/v2\/media?parent=7286"}],"wp:term":[{"taxonomy":"product_brand","embeddable":true,"href":"https:\/\/car-refinish-system.com\/beta\/wp-json\/wp\/v2\/product_brand?post=7286"},{"taxonomy":"product_cat","embeddable":true,"href":"https:\/\/car-refinish-system.com\/beta\/wp-json\/wp\/v2\/product_cat?post=7286"},{"taxonomy":"product_tag","embeddable":true,"href":"https:\/\/car-refinish-system.com\/beta\/wp-json\/wp\/v2\/product_tag?post=7286"}],"curies":[{"name":"wp","href":"https:\/\/api.w.org\/{rel}","templated":true}]}}