{"id":7287,"date":"2026-03-27T06:04:56","date_gmt":"2026-03-27T06:04:56","guid":{"rendered":"https:\/\/car-refinish-system.com\/beta\/produs\/sanding-block-manual-210mm-x-105-mm\/"},"modified":"2026-03-27T06:05:01","modified_gmt":"2026-03-27T06:05:01","slug":"sanding-block-manual-210mm-x-105-mm","status":"publish","type":"product","link":"https:\/\/car-refinish-system.com\/beta\/produs\/sanding-block-manual-210mm-x-105-mm\/","title":{"rendered":"Sanding Block Manual 210mm x 105 mm"},"content":{"rendered":"<p>\u25cf Handschleifblock zur manuellen Anwendung mit starker Klemmvorrichtung<br \/>\n\u25cf L212mm x B110mm<br \/>\n\u25cf sehr d\u00fcnne, ca. 3mm weiche PU Auflage f\u00fcr optimalen Schliff<br \/>\n\u25cf ergonomische Form f\u00fcr sehr guten und schnellen Schleifabtrag<br \/>\n\u25cf optimal sowohl f\u00fcr Nass- als auch f\u00fcr Trockenschliff geeignet<br \/>\n\u25cf speziell f\u00fcr plane Fl\u00e4chen, sehr Formstabil, f\u00fcr h\u00f6chsten Schleifkomfort<br \/>\n\u25cf ideale Kontrolle beim Schleifen vor Lackierarbeiten<br \/>\n\u25cf f\u00fcr alle Schleifarbeiten im speziellen f\u00fcr Autoreparaturlackierung und Yachtbau.<br \/>\n\u25cf optimal zum Schleifen von planen Fl\u00e4chen und Kanten<\/p>\n","protected":false},"excerpt":{"rendered":"<p>\u25cf Handschleifblock zur manuellen Anwendung mit starker Klemmvorrichtung \u25cf L212mm x B110mm \u25cf sehr d\u00fcnne, ca. 3mm weiche PU Auflage f\u00fcr optimalen Schliff \u25cf ergonomische Form<span class=\"excerpt-hellip\"> [\u2026]<\/span><\/p>\n","protected":false},"featured_media":6495,"template":"","meta":{"_acf_changed":false},"product_brand":[],"product_cat":[863],"product_tag":[],"class_list":{"0":"post-7287","1":"product","2":"type-product","3":"status-publish","4":"has-post-thumbnail","6":"product_cat-schleifen-zubehoer","8":"first","9":"instock","10":"purchasable","11":"product-type-simple"},"acf":[],"_links":{"self":[{"href":"https:\/\/car-refinish-system.com\/beta\/wp-json\/wp\/v2\/product\/7287","targetHints":{"allow":["GET"]}}],"collection":[{"href":"https:\/\/car-refinish-system.com\/beta\/wp-json\/wp\/v2\/product"}],"about":[{"href":"https:\/\/car-refinish-system.com\/beta\/wp-json\/wp\/v2\/types\/product"}],"wp:featuredmedia":[{"embeddable":true,"href":"https:\/\/car-refinish-system.com\/beta\/wp-json\/wp\/v2\/media\/6495"}],"wp:attachment":[{"href":"https:\/\/car-refinish-system.com\/beta\/wp-json\/wp\/v2\/media?parent=7287"}],"wp:term":[{"taxonomy":"product_brand","embeddable":true,"href":"https:\/\/car-refinish-system.com\/beta\/wp-json\/wp\/v2\/product_brand?post=7287"},{"taxonomy":"product_cat","embeddable":true,"href":"https:\/\/car-refinish-system.com\/beta\/wp-json\/wp\/v2\/product_cat?post=7287"},{"taxonomy":"product_tag","embeddable":true,"href":"https:\/\/car-refinish-system.com\/beta\/wp-json\/wp\/v2\/product_tag?post=7287"}],"curies":[{"name":"wp","href":"https:\/\/api.w.org\/{rel}","templated":true}]}}