{"id":7292,"date":"2026-03-27T06:04:56","date_gmt":"2026-03-27T06:04:56","guid":{"rendered":"https:\/\/car-refinish-system.com\/beta\/produs\/sand-clean-mat-express-1000g\/"},"modified":"2026-03-27T06:05:04","modified_gmt":"2026-03-27T06:05:04","slug":"sand-clean-mat-express-1000g","status":"publish","type":"product","link":"https:\/\/car-refinish-system.com\/beta\/produs\/sand-clean-mat-express-1000g\/","title":{"rendered":"Sand &#8211; Clean &#038; Mat Express 1000g"},"content":{"rendered":"<p>\u25cf Spezieller oliv-gr\u00fcner Vorreiniger auf Basis von wasserverd\u00fcnnbarer, emulgierter Schleifkorn-\/ Naphtha-\/ Aceton Emulgation<br \/>\n\u25cf f\u00fcr Oberfl\u00e4chen, zur Vorbereitung von Lackier- \/Spotrepair und Polierarbeiten<br \/>\n\u25cf 1kg, past\u00f6se, Schleif- und Mattierungspaste, Silikonfrei, Gebrauchsfertig<br \/>\n\u25cf sehr weiche PVC Flasche mit optimalem Dosierdeckel f\u00fcr einsparende Dosierung<br \/>\n\u25cf entspricht je nach Auftragsart einer K\u00f6rnung von P800 &#8211; P1200<br \/>\n\u25cf zur Bearbeitung von wasserbasierenden und l\u00f6semittelhaltigen Oberfl\u00e4chen geeignet<br \/>\n\u25cf f\u00fcr alle Kunststoffoberfl\u00e4chen und lackierte Kunststoffoberfl\u00e4chen geeignet<br \/>\n\u25cf VOC (B\/a 200 g\/l) enth\u00e4lt max. 188 g\/l, pH-Wert c. 7,5-8,5, Viskosit\u00e4t 800mPas, spez. Dichte ca. 1,33g-1,4g cm\u00b3 (20\u00b0C)<br \/>\n\u25cf Mattiert und l\u00f6st gleichzeitig Wachs-\/ Silikon-\/ Fett oder Politurreste<br \/>\n\u25cf zum Erzielen von gleichm\u00e4\u00dfigen-\/ matten und schleifspurenfreien Oberfl\u00e4chen<br \/>\n\u25cf zum Erstellen von gleichm\u00e4\u00dfig satinierten Oberfl\u00e4chen<br \/>\n\u25cf Optimal zur Vorbereitung von Oberfl\u00e4chen vor Klarlack-\/ Nach- oder Beilackierungen<br \/>\n\u25cf erhebliche Arbeitserleichterung im Verh\u00e4ltnis zu allen anderen Verarbeitungsmethoden<br \/>\n\u25cf kein Tempern von Kunststoffteilen erforderlich,<br \/>\n\u25cf Verbesserung der Lackhaftung von bis zu 60%<br \/>\n\u25cf 60% Zeitersparnis und Reinigungsersparnis durch reduzierten Reinigungsmittel- und\/oder Silikonentfernerverbrauch<br \/>\n\u25cf zur Verwendung mit leichtem Druck in Verbindung mit feuchtem feinem Schleifvlies oder Schwamm<br \/>\n\u25cf Maschinelle Anwendung mit Exzenter (ca. 2000 U\/min)- oder Rotationspoliermaschine (1200 U\/min)<br \/>\n\u25cf Maschinelle Anwendung nur in Verbindung mit einem groben Polierschwamm<br \/>\n\u25cf Muss nach der Anwendung und vor der weiteren Bearbeitung mit klarem Wasser nachgewaschen werden<br \/>\n\u25cf Leicht mit Wasser abwischbar<br \/>\n\u25cf vor dem Antrocknen muss der Vorreiniger entfernt\/mit Wasser abgewaschen werden<\/p>\n","protected":false},"excerpt":{"rendered":"<p>\u25cf Spezieller oliv-gr\u00fcner Vorreiniger auf Basis von wasserverd\u00fcnnbarer, emulgierter Schleifkorn-\/ Naphtha-\/ Aceton Emulgation \u25cf f\u00fcr Oberfl\u00e4chen, zur Vorbereitung von Lackier- \/Spotrepair und Polierarbeiten \u25cf 1kg, past\u00f6se,<span class=\"excerpt-hellip\"> [\u2026]<\/span><\/p>\n","protected":false},"featured_media":6505,"template":"","meta":{"_acf_changed":false},"product_brand":[],"product_cat":[863],"product_tag":[],"class_list":{"0":"post-7292","1":"product","2":"type-product","3":"status-publish","4":"has-post-thumbnail","6":"product_cat-schleifen-zubehoer","8":"first","9":"instock","10":"purchasable","11":"product-type-simple"},"acf":[],"_links":{"self":[{"href":"https:\/\/car-refinish-system.com\/beta\/wp-json\/wp\/v2\/product\/7292","targetHints":{"allow":["GET"]}}],"collection":[{"href":"https:\/\/car-refinish-system.com\/beta\/wp-json\/wp\/v2\/product"}],"about":[{"href":"https:\/\/car-refinish-system.com\/beta\/wp-json\/wp\/v2\/types\/product"}],"wp:featuredmedia":[{"embeddable":true,"href":"https:\/\/car-refinish-system.com\/beta\/wp-json\/wp\/v2\/media\/6505"}],"wp:attachment":[{"href":"https:\/\/car-refinish-system.com\/beta\/wp-json\/wp\/v2\/media?parent=7292"}],"wp:term":[{"taxonomy":"product_brand","embeddable":true,"href":"https:\/\/car-refinish-system.com\/beta\/wp-json\/wp\/v2\/product_brand?post=7292"},{"taxonomy":"product_cat","embeddable":true,"href":"https:\/\/car-refinish-system.com\/beta\/wp-json\/wp\/v2\/product_cat?post=7292"},{"taxonomy":"product_tag","embeddable":true,"href":"https:\/\/car-refinish-system.com\/beta\/wp-json\/wp\/v2\/product_tag?post=7292"}],"curies":[{"name":"wp","href":"https:\/\/api.w.org\/{rel}","templated":true}]}}