{"id":7309,"date":"2026-03-27T06:05:10","date_gmt":"2026-03-27T06:05:10","guid":{"rendered":"https:\/\/car-refinish-system.com\/beta\/produs\/acryl-filler-41-premium-36l-grey-ca-ral-7046\/"},"modified":"2026-04-28T07:08:59","modified_gmt":"2026-04-28T07:08:59","slug":"acryl-filler-41-premium-36l-grey-ca-ral-7046","status":"publish","type":"product","link":"https:\/\/car-refinish-system.com\/beta\/produs\/acryl-filler-41-premium-36l-grey-ca-ral-7046\/","title":{"rendered":"Acryl Filler 4+1 Premium 3,6L Grey ca Ral 7046"},"content":{"rendered":"<p>2K-HS-Acryl F\u00fcller 4+1 nach Volumen<br \/>\n\u25cf  Einsatz<br \/>\n     Alle Arten der Fahrzeugreparatur \/ alle Arten der Industriellen Lackierung<br \/>\n     Auch als Nass-in-Nass nach H\u00e4rterzugabe mit 30% Verd\u00fcnner und D\u00fcsengr\u00f6\u00dfe 1,3mm einsetzbar<br \/>\n     bis 450\u03bcm auf 3 Spritzg\u00e4nge (Abl\u00fcftzeit 8 min je Spritzgang) Nass-in-Nass zu verwenden<br \/>\n\u25cf  Technische Merkmale<br \/>\n     Kein Nachsacken<br \/>\n     optimal zur Verwendung bei Spot Repair<br \/>\n\u25cf  Haftung<br \/>\n     auf verzinkten-, Aluminium-, metallischen Oberfl\u00e4chen<br \/>\n\u25cf  Trockenzeiten<br \/>\n     Schleifbar: 20min\/60\u00b0C &#8211; 150min 20\u00b0C &#8211; 7-9min m. IR-Kurzwelle<br \/>\n     durch Verwendung von H30N auch bei hohen Temperaturen einsetzbar (ab 30\u00b0C Au\u00dfentemperatur)<br \/>\n\u25cf  Schleifbarkeit<br \/>\n     Sehr gut und leicht schleifbar<br \/>\n     kein Zusetzen des Schleifpapiers nach Trocknung<\/p>\n","protected":false},"excerpt":{"rendered":"<p>2K-HS-Acryl F\u00fcller 4+1 nach Volumen \u25cf Einsatz Alle Arten der Fahrzeugreparatur \/ alle Arten der Industriellen Lackierung Auch als Nass-in-Nass nach H\u00e4rterzugabe mit 30% Verd\u00fcnner und<span class=\"excerpt-hellip\"> [\u2026]<\/span><\/p>\n","protected":false},"featured_media":7730,"template":"","meta":{"_acf_changed":false},"product_brand":[],"product_cat":[864],"product_tag":[],"class_list":{"0":"post-7309","1":"product","2":"type-product","3":"status-publish","4":"has-post-thumbnail","6":"product_cat-grundierung-fuellen","8":"first","9":"instock","10":"purchasable","11":"product-type-simple"},"acf":[],"_links":{"self":[{"href":"https:\/\/car-refinish-system.com\/beta\/wp-json\/wp\/v2\/product\/7309","targetHints":{"allow":["GET"]}}],"collection":[{"href":"https:\/\/car-refinish-system.com\/beta\/wp-json\/wp\/v2\/product"}],"about":[{"href":"https:\/\/car-refinish-system.com\/beta\/wp-json\/wp\/v2\/types\/product"}],"wp:featuredmedia":[{"embeddable":true,"href":"https:\/\/car-refinish-system.com\/beta\/wp-json\/wp\/v2\/media\/7730"}],"wp:attachment":[{"href":"https:\/\/car-refinish-system.com\/beta\/wp-json\/wp\/v2\/media?parent=7309"}],"wp:term":[{"taxonomy":"product_brand","embeddable":true,"href":"https:\/\/car-refinish-system.com\/beta\/wp-json\/wp\/v2\/product_brand?post=7309"},{"taxonomy":"product_cat","embeddable":true,"href":"https:\/\/car-refinish-system.com\/beta\/wp-json\/wp\/v2\/product_cat?post=7309"},{"taxonomy":"product_tag","embeddable":true,"href":"https:\/\/car-refinish-system.com\/beta\/wp-json\/wp\/v2\/product_tag?post=7309"}],"curies":[{"name":"wp","href":"https:\/\/api.w.org\/{rel}","templated":true}]}}