{"id":7315,"date":"2026-03-27T06:05:10","date_gmt":"2026-03-27T06:05:10","guid":{"rendered":"https:\/\/car-refinish-system.com\/beta\/produs\/1k-fast-primer-lgrey-ca-ral-7035-1l\/"},"modified":"2026-04-28T07:10:58","modified_gmt":"2026-04-28T07:10:58","slug":"1k-fast-primer-lgrey-ca-ral-7035-1l","status":"publish","type":"product","link":"https:\/\/car-refinish-system.com\/beta\/produs\/1k-fast-primer-lgrey-ca-ral-7035-1l\/","title":{"rendered":"1K Fast Primer L\u00b4Grey (ca. RAL 7035) 1L"},"content":{"rendered":"<p>1K-AK-NC Fast Primer hellgrau<br \/>\n\u25cf Einsatz<br \/>\n    Alle Arten von Fahrzeugen sowie alle Arten von industriellen Lackierungen<br \/>\n    \u00dcberlackierbar mit allen herk\u00f6mmlichen 1K AK\/ AC und 1K-wasserverd\u00fcnnbaren<br \/>\n    Schichtst\u00e4rke bis 40\u03bcm auf 2 Spritzg\u00e4nge (Abl\u00fcftzeit 6 min je Spritzgang) Nass-in-Nass zu verwenden<br \/>\n    Ergiebigkeit ca. 7m\u00b2 &#8211; 9m\u00b2\/Ltr.<br \/>\n\u25cf Technische Merkmale<br \/>\n    Haftvermittler mit hervorragendem aktivem Korrosionsschutz<br \/>\n    Korrosionsschutz 350 Std\/40\u03bcm Salzwasser-\/ Schwitzwassertest &#8211; 6 Monate Freibewitterung ohne wesentliche Rostbildung<br \/>\n    sehr schnell trocknender, tempor\u00e4rer Korrosionsschutz<br \/>\n    Schichtst\u00e4rke bis 40\u03bcm auf 2 Spritzg\u00e4nge (Abl\u00fcftzeit 6 min je Spritzgang) Nass-in-Nass zu verwenden<br \/>\n    Ergiebigkeit ca. 7m\u00b2 &#8211; 9m\u00b2\/Ltr<br \/>\n\u25cf Haftung<br \/>\n    auf Stahl und gut entfetteten NE-Metallen nach intensiver Netzmittelw\u00e4sche<br \/>\n\u25cf Trockenzeiten<br \/>\n    Staubtrocken 3min\/60\u00b0C &#8211; 10min 20\u00b0C; \u00dcberlackierbar nach 6min\/60\u00b0C &#8211; 50min20\u00b0C<br \/>\n    Schichtst\u00e4rke bis 40\u03bcm auf 2 Spritzg\u00e4nge (Abl\u00fcftzeit 6 min je Spritzgang) Nass-in-Nass zu verwenden<br \/>\n\u25cf Verarbeitung<br \/>\n    Flie\u00dfbecherpistole 1,8 &#8211; 3 bar; 1,3mm -1,8mm D\u00fcsengr\u00f6\u00dfe<br \/>\n    Spritzviskosit\u00e4t ca. 18-22 sec DIN 4mm<br \/>\n    Verd\u00fcnnung mit allen herk\u00f6mmlichen Nitro- oder Acrlyverd\u00fcnnungen<\/p>\n","protected":false},"excerpt":{"rendered":"<p>1K-AK-NC Fast Primer hellgrau \u25cf Einsatz Alle Arten von Fahrzeugen sowie alle Arten von industriellen Lackierungen \u00dcberlackierbar mit allen herk\u00f6mmlichen 1K AK\/ AC und 1K-wasserverd\u00fcnnbaren Schichtst\u00e4rke<span class=\"excerpt-hellip\"> [\u2026]<\/span><\/p>\n","protected":false},"featured_media":7737,"template":"","meta":{"_acf_changed":false},"product_brand":[],"product_cat":[864],"product_tag":[],"class_list":{"0":"post-7315","1":"product","2":"type-product","3":"status-publish","4":"has-post-thumbnail","6":"product_cat-grundierung-fuellen","8":"first","9":"instock","10":"purchasable","11":"product-type-simple"},"acf":[],"_links":{"self":[{"href":"https:\/\/car-refinish-system.com\/beta\/wp-json\/wp\/v2\/product\/7315","targetHints":{"allow":["GET"]}}],"collection":[{"href":"https:\/\/car-refinish-system.com\/beta\/wp-json\/wp\/v2\/product"}],"about":[{"href":"https:\/\/car-refinish-system.com\/beta\/wp-json\/wp\/v2\/types\/product"}],"wp:featuredmedia":[{"embeddable":true,"href":"https:\/\/car-refinish-system.com\/beta\/wp-json\/wp\/v2\/media\/7737"}],"wp:attachment":[{"href":"https:\/\/car-refinish-system.com\/beta\/wp-json\/wp\/v2\/media?parent=7315"}],"wp:term":[{"taxonomy":"product_brand","embeddable":true,"href":"https:\/\/car-refinish-system.com\/beta\/wp-json\/wp\/v2\/product_brand?post=7315"},{"taxonomy":"product_cat","embeddable":true,"href":"https:\/\/car-refinish-system.com\/beta\/wp-json\/wp\/v2\/product_cat?post=7315"},{"taxonomy":"product_tag","embeddable":true,"href":"https:\/\/car-refinish-system.com\/beta\/wp-json\/wp\/v2\/product_tag?post=7315"}],"curies":[{"name":"wp","href":"https:\/\/api.w.org\/{rel}","templated":true}]}}