{"id":7317,"date":"2026-03-27T06:05:10","date_gmt":"2026-03-27T06:05:10","guid":{"rendered":"https:\/\/car-refinish-system.com\/beta\/produs\/ep-filler-41-vol-1l-lightgrey-ca-ral-7032\/"},"modified":"2026-04-28T07:11:09","modified_gmt":"2026-04-28T07:11:09","slug":"ep-filler-41-vol-1l-lightgrey-ca-ral-7032","status":"publish","type":"product","link":"https:\/\/car-refinish-system.com\/beta\/produs\/ep-filler-41-vol-1l-lightgrey-ca-ral-7032\/","title":{"rendered":"EP Filler 4+1 Vol. 1L LightGrey ca Ral 7032"},"content":{"rendered":"<p>2K-EP F\u00fcller-Primer hellgrau<br \/>\n\u25cf Einsatz<br \/>\n    Alle Arten der Fahrzeugreparatur \/ alle Arten der Industriellen Lackierung<br \/>\n    speziell auch f\u00fcr Restaurationsarbeiten und f\u00fcr historische und speziell zu sch\u00fctzende Fahrzeug (z.B. Oldtimer)<br \/>\n    \u00dcberlackierbar mit allen handels\u00fcblichen 1K- oder 2K- F\u00fcllern, 1K&#8211; oder 2K- Decklacken oder Klarlacken<br \/>\n\u25cf Technische Merkmale<br \/>\n    Haftvermittler und F\u00fcllprimer mit hervorragendem aktivem Korrosionsschutz<br \/>\n    sehr hochwertiger Korrosionsschutz mit Salzwasser-\/ Schwitzwassertest \/ sowie langzeitliche Freibewitterung ohne Rostbildung<br \/>\n    Schichtst\u00e4rke bis 150\u03bcm (Trockenschichtdicke) auf 3 Spritzg\u00e4nge (Abl\u00fcftzeit 10-12 min je Spritzgang) Nass-in-Nass verwendbar.<br \/>\n    Ergiebigkeit ca. 6m\u00b2 &#8211; 7m\u00b2\/Ltr<br \/>\n    VOC-Grenzwert: B\/c 540 g\/l.<br \/>\n\u25cf Haftung<br \/>\n    Stahl, MDF, Nichteisenmetalle, verzinkte Metalle, Aluminium, Eloxiertes Aluminium bei allen Untergr\u00fcnden<br \/>\n    ist eine gute Netzmittelw\u00e4sche durchzuf\u00fchren<br \/>\n\u25cf Trockenzeiten<br \/>\n    Staubtrocken 10min\/60\u00b0C &#8211; 20min\/20\u00b0C; Schleifbar nach 30min\/60\u00b0C &#8211; 16h\/20\u00b0C<br \/>\n    Schichtst\u00e4rke bis 100-150\u03bcm auf 2-3 Spritzg\u00e4nge (Abl\u00fcftzeit 10 &#8211; 12 min je Spritzgang) Nass-in-Nass zu verwenden<br \/>\n\u25cf Verarbeitung<br \/>\n    Flie\u00dfbecherpistole 1,8 &#8211; 3 bar; 1,3mm -2,0mm D\u00fcsengr\u00f6\u00dfe<br \/>\n    Spritzviskosit\u00e4t ca. 18 &#8211; 25 sec DIN 4mm<br \/>\n    Pinsel und Rolle z.B. Mohair, Flor, Velour, nicht geeignet: Moltopren\/Schaumstoffrolle<br \/>\n    vor Verwendung mindestens 10min, mit H\u00e4rter anger\u00fchrt, stehen lassen<br \/>\n    Topfzeit: ca. 9h\/20\u00b0C<br \/>\n    Verd\u00fcnnung mit EP Verd\u00fcnner 0-20%<\/p>\n","protected":false},"excerpt":{"rendered":"<p>2K-EP F\u00fcller-Primer hellgrau \u25cf Einsatz Alle Arten der Fahrzeugreparatur \/ alle Arten der Industriellen Lackierung speziell auch f\u00fcr Restaurationsarbeiten und f\u00fcr historische und speziell zu sch\u00fctzende<span class=\"excerpt-hellip\"> [\u2026]<\/span><\/p>\n","protected":false},"featured_media":7739,"template":"","meta":{"_acf_changed":false},"product_brand":[],"product_cat":[864],"product_tag":[],"class_list":{"0":"post-7317","1":"product","2":"type-product","3":"status-publish","4":"has-post-thumbnail","6":"product_cat-grundierung-fuellen","8":"first","9":"instock","10":"purchasable","11":"product-type-simple"},"acf":[],"_links":{"self":[{"href":"https:\/\/car-refinish-system.com\/beta\/wp-json\/wp\/v2\/product\/7317","targetHints":{"allow":["GET"]}}],"collection":[{"href":"https:\/\/car-refinish-system.com\/beta\/wp-json\/wp\/v2\/product"}],"about":[{"href":"https:\/\/car-refinish-system.com\/beta\/wp-json\/wp\/v2\/types\/product"}],"wp:featuredmedia":[{"embeddable":true,"href":"https:\/\/car-refinish-system.com\/beta\/wp-json\/wp\/v2\/media\/7739"}],"wp:attachment":[{"href":"https:\/\/car-refinish-system.com\/beta\/wp-json\/wp\/v2\/media?parent=7317"}],"wp:term":[{"taxonomy":"product_brand","embeddable":true,"href":"https:\/\/car-refinish-system.com\/beta\/wp-json\/wp\/v2\/product_brand?post=7317"},{"taxonomy":"product_cat","embeddable":true,"href":"https:\/\/car-refinish-system.com\/beta\/wp-json\/wp\/v2\/product_cat?post=7317"},{"taxonomy":"product_tag","embeddable":true,"href":"https:\/\/car-refinish-system.com\/beta\/wp-json\/wp\/v2\/product_tag?post=7317"}],"curies":[{"name":"wp","href":"https:\/\/api.w.org\/{rel}","templated":true}]}}