{"id":7325,"date":"2026-03-27T06:05:24","date_gmt":"2026-03-27T06:05:24","guid":{"rendered":"https:\/\/car-refinish-system.com\/beta\/produs\/stone-chip-protection-aerosol-500ml-black-overp\/"},"modified":"2026-04-28T07:12:39","modified_gmt":"2026-04-28T07:12:39","slug":"stone-chip-protection-aerosol-500ml-black-overp","status":"publish","type":"product","link":"https:\/\/car-refinish-system.com\/beta\/produs\/stone-chip-protection-aerosol-500ml-black-overp\/","title":{"rendered":"Stone Chip Protection Aerosol 500ml Black Overp."},"content":{"rendered":"<p>Schwarzer \u00fcberlackierbarer Unterboden- und Steinschlagschutz<br \/>\n\u25cf  Einsatz<br \/>\n     Steinschlag- und Korrosionsschutz f\u00fcr Fahrzeuge<br \/>\n     f\u00fcr alle Bleche an Fahrzeugen wie z. B T\u00fcrschwellern sowie Front und Heckblechen<br \/>\n     auch f\u00fcr industriellen Einsatz und am Unterboden von Fahrzeugen optimal geeignet<br \/>\n\u25cf  Technische Merkmale<br \/>\n     kratzfeste- PVC \u00e4hnliche Oberfl\u00e4che<br \/>\n     -25\u00b0C &#8211; 90\u00b0C Temperaturbest\u00e4ndigkeit<br \/>\n     Best\u00e4ndigkeit gegen Salzwasser von Fahrbahnen sowie leichten S\u00e4uren und \u00d6len<br \/>\n     Abriebfest, Witterungs- und Spritzwasserbest\u00e4ndig<br \/>\n     optimale schalld\u00e4mmende Antidr\u00f6hnwirkung durch Einsatz von Harzen in Verbindung mit Kautschuk<br \/>\n\u25cf  Haftung<br \/>\n     auf trockenen, sauberen-, fett- und rostfreien, verzinkten-, Aluminium- oder metallischen Untergr\u00fcnden<br \/>\n\u25cf  Trockenzeiten<br \/>\n     2h-3h\/20\u00b0C bei 400\u03bcm Na\u00dfschichtst\u00e4rke in mehreren Spritzg\u00e4ngen mit 10min Abl\u00fcftzeit zwischen den Spritzg\u00e4ngen<\/p>\n","protected":false},"excerpt":{"rendered":"<p>Schwarzer \u00fcberlackierbarer Unterboden- und Steinschlagschutz \u25cf Einsatz Steinschlag- und Korrosionsschutz f\u00fcr Fahrzeuge f\u00fcr alle Bleche an Fahrzeugen wie z. B T\u00fcrschwellern sowie Front und Heckblechen auch<span class=\"excerpt-hellip\"> [\u2026]<\/span><\/p>\n","protected":false},"featured_media":8145,"template":"","meta":{"_acf_changed":false},"product_brand":[],"product_cat":[865],"product_tag":[],"class_list":{"0":"post-7325","1":"product","2":"type-product","3":"status-publish","4":"has-post-thumbnail","6":"product_cat-verkleben-abdichten","8":"first","9":"instock","10":"purchasable","11":"product-type-simple"},"acf":[],"_links":{"self":[{"href":"https:\/\/car-refinish-system.com\/beta\/wp-json\/wp\/v2\/product\/7325","targetHints":{"allow":["GET"]}}],"collection":[{"href":"https:\/\/car-refinish-system.com\/beta\/wp-json\/wp\/v2\/product"}],"about":[{"href":"https:\/\/car-refinish-system.com\/beta\/wp-json\/wp\/v2\/types\/product"}],"wp:featuredmedia":[{"embeddable":true,"href":"https:\/\/car-refinish-system.com\/beta\/wp-json\/wp\/v2\/media\/8145"}],"wp:attachment":[{"href":"https:\/\/car-refinish-system.com\/beta\/wp-json\/wp\/v2\/media?parent=7325"}],"wp:term":[{"taxonomy":"product_brand","embeddable":true,"href":"https:\/\/car-refinish-system.com\/beta\/wp-json\/wp\/v2\/product_brand?post=7325"},{"taxonomy":"product_cat","embeddable":true,"href":"https:\/\/car-refinish-system.com\/beta\/wp-json\/wp\/v2\/product_cat?post=7325"},{"taxonomy":"product_tag","embeddable":true,"href":"https:\/\/car-refinish-system.com\/beta\/wp-json\/wp\/v2\/product_tag?post=7325"}],"curies":[{"name":"wp","href":"https:\/\/api.w.org\/{rel}","templated":true}]}}