{"id":7333,"date":"2026-03-27T06:05:24","date_gmt":"2026-03-27T06:05:24","guid":{"rendered":"https:\/\/car-refinish-system.com\/beta\/produs\/degreasing-cloth-tarasil-500-sh-32cm-x-38cm-roll\/"},"modified":"2026-03-27T07:28:32","modified_gmt":"2026-03-27T07:28:32","slug":"degreasing-cloth-tarasil-500-sh-32cm-x-38cm-roll","status":"publish","type":"product","link":"https:\/\/car-refinish-system.com\/beta\/produs\/degreasing-cloth-tarasil-500-sh-32cm-x-38cm-roll\/","title":{"rendered":"Degreasing Cloth TaRaSil 500 Sh. 32cm x 38cm, Roll"},"content":{"rendered":"<p>\u25cf T\u00fcrkisblaues Entfettungs- und Reinigungstuch aus hochwertigem 100% Polypropylen,<br \/>\n\u25cf Rolle mit 500 Abrissen, Rollenbreite 32cm, Abri\u00dfl\u00e4nge 38 cm, H\u00fclsendurchmesser 7-8cm<br \/>\n\u25cf Dicke ca. 400\u03bcm, ca. 70g\/m\u00b2, Silikonfrei ohne chemische Zusatzstoffe<br \/>\n\u25cf Rei\u00dffest auch im nassen Zustand, bis zu 8-fache Fl\u00fcssigkeitsaufnahme des Eigengewichts<br \/>\n\u25cf thermisch verfestigt und Chemikalienbest\u00e4ndig gegen viele Chemikalien<br \/>\n\u25cf mit allen wasserbasierenden und l\u00f6semittelhaltigen Reinigern, Entfettern oder Silikonentfernern verwendbar<br \/>\n\u25cf Qualitativ sehr hochwertiges Reinigungs- und Entfettungstuch<br \/>\n\u25cf Fusselfreies- und R\u00fcckstandsloses Reinigen von Oberfl\u00e4chen<br \/>\n\u25cf optimale Schmutz-\/ und Staubaufnahme<br \/>\n\u25cf sehr gut f\u00fcr Reinigungsarbeiten mit L\u00f6semittel auch an Motorbl\u00f6cken<\/p>\n","protected":false},"excerpt":{"rendered":"<p>\u25cf T\u00fcrkisblaues Entfettungs- und Reinigungstuch aus hochwertigem 100% Polypropylen, \u25cf Rolle mit 500 Abrissen, Rollenbreite 32cm, Abri\u00dfl\u00e4nge 38 cm, H\u00fclsendurchmesser 7-8cm \u25cf Dicke ca. 400\u03bcm, ca.<span class=\"excerpt-hellip\"> [\u2026]<\/span><\/p>\n","protected":false},"featured_media":7715,"template":"","meta":{"_acf_changed":false},"product_brand":[],"product_cat":[866],"product_tag":[],"class_list":{"0":"post-7333","1":"product","2":"type-product","3":"status-publish","4":"has-post-thumbnail","6":"product_cat-reingen-vorbereiten","8":"first","9":"instock","10":"purchasable","11":"product-type-simple"},"acf":[],"_links":{"self":[{"href":"https:\/\/car-refinish-system.com\/beta\/wp-json\/wp\/v2\/product\/7333","targetHints":{"allow":["GET"]}}],"collection":[{"href":"https:\/\/car-refinish-system.com\/beta\/wp-json\/wp\/v2\/product"}],"about":[{"href":"https:\/\/car-refinish-system.com\/beta\/wp-json\/wp\/v2\/types\/product"}],"wp:featuredmedia":[{"embeddable":true,"href":"https:\/\/car-refinish-system.com\/beta\/wp-json\/wp\/v2\/media\/7715"}],"wp:attachment":[{"href":"https:\/\/car-refinish-system.com\/beta\/wp-json\/wp\/v2\/media?parent=7333"}],"wp:term":[{"taxonomy":"product_brand","embeddable":true,"href":"https:\/\/car-refinish-system.com\/beta\/wp-json\/wp\/v2\/product_brand?post=7333"},{"taxonomy":"product_cat","embeddable":true,"href":"https:\/\/car-refinish-system.com\/beta\/wp-json\/wp\/v2\/product_cat?post=7333"},{"taxonomy":"product_tag","embeddable":true,"href":"https:\/\/car-refinish-system.com\/beta\/wp-json\/wp\/v2\/product_tag?post=7333"}],"curies":[{"name":"wp","href":"https:\/\/api.w.org\/{rel}","templated":true}]}}