{"id":7334,"date":"2026-03-27T06:05:24","date_gmt":"2026-03-27T06:05:24","guid":{"rendered":"https:\/\/car-refinish-system.com\/beta\/produs\/tack-rag-wb-antidust-premium-75-sh-61-x-37cm-disp-box\/"},"modified":"2026-03-27T06:05:33","modified_gmt":"2026-03-27T06:05:33","slug":"tack-rag-wb-antidust-premium-75-sh-61-x-37cm-disp-box","status":"publish","type":"product","link":"https:\/\/car-refinish-system.com\/beta\/produs\/tack-rag-wb-antidust-premium-75-sh-61-x-37cm-disp-box\/","title":{"rendered":"Tack Rag WB Antidust Premium 75 Sh. \n61 x 37cm Disp Box"},"content":{"rendered":"<p>\u25cf High Tech Staubbindetuch der neuesten Generation<br \/>\n\u25cf Gr\u00f6\u00dfe 61x37cm, ca. 47gm\u00b2, 75 St\u00fcck im Dispenserkarton<br \/>\n\u25cf ca. 74% Gewebe und 26% Klebebinder<br \/>\n\u25cf Fusselfrei, Silikonfrei, Antistatisch<br \/>\n\u25cf Stark saugf\u00e4hig zum Entfernen kleinster Staubpartikel<br \/>\n\u25cf aus 50% Rayon Viskose und 50% Polyesterfaser<br \/>\n\u25cf zum schnellen, sicheren und sauberen Entfernen von Staubpartikeln vor dem Lackieren<br \/>\n\u25cf sehr gut f\u00fcr die Wasserlacklackierung, aber auch f\u00fcr die L\u00f6semittellacklackierung geeignet<br \/>\n\u25cf keine R\u00fcckst\u00e4nde von Klebstoffen aus dem Staubbindetuch<br \/>\n\u25cf die optimale Aktivierung der Klebstoffbindung findet durch leichten Druck der Hand und durch die Handw\u00e4rme statt,<br \/>\n    dadurch hocheffiziente und kostensparende Verwendung, 10fach h\u00f6her als bei \u00fcblichen Staubbindet\u00fcchern<br \/>\n\u25cf optimal auch zum Vorreinigen beim Folieren geeignet<\/p>\n","protected":false},"excerpt":{"rendered":"<p>\u25cf High Tech Staubbindetuch der neuesten Generation \u25cf Gr\u00f6\u00dfe 61x37cm, ca. 47gm\u00b2, 75 St\u00fcck im Dispenserkarton \u25cf ca. 74% Gewebe und 26% Klebebinder \u25cf Fusselfrei, Silikonfrei,<span class=\"excerpt-hellip\"> [\u2026]<\/span><\/p>\n","protected":false},"featured_media":6566,"template":"","meta":{"_acf_changed":false},"product_brand":[],"product_cat":[866],"product_tag":[],"class_list":{"0":"post-7334","1":"product","2":"type-product","3":"status-publish","4":"has-post-thumbnail","6":"product_cat-reingen-vorbereiten","8":"first","9":"instock","10":"purchasable","11":"product-type-simple"},"acf":[],"_links":{"self":[{"href":"https:\/\/car-refinish-system.com\/beta\/wp-json\/wp\/v2\/product\/7334","targetHints":{"allow":["GET"]}}],"collection":[{"href":"https:\/\/car-refinish-system.com\/beta\/wp-json\/wp\/v2\/product"}],"about":[{"href":"https:\/\/car-refinish-system.com\/beta\/wp-json\/wp\/v2\/types\/product"}],"wp:featuredmedia":[{"embeddable":true,"href":"https:\/\/car-refinish-system.com\/beta\/wp-json\/wp\/v2\/media\/6566"}],"wp:attachment":[{"href":"https:\/\/car-refinish-system.com\/beta\/wp-json\/wp\/v2\/media?parent=7334"}],"wp:term":[{"taxonomy":"product_brand","embeddable":true,"href":"https:\/\/car-refinish-system.com\/beta\/wp-json\/wp\/v2\/product_brand?post=7334"},{"taxonomy":"product_cat","embeddable":true,"href":"https:\/\/car-refinish-system.com\/beta\/wp-json\/wp\/v2\/product_cat?post=7334"},{"taxonomy":"product_tag","embeddable":true,"href":"https:\/\/car-refinish-system.com\/beta\/wp-json\/wp\/v2\/product_tag?post=7334"}],"curies":[{"name":"wp","href":"https:\/\/api.w.org\/{rel}","templated":true}]}}