{"id":7336,"date":"2026-03-27T06:05:24","date_gmt":"2026-03-27T06:05:24","guid":{"rendered":"https:\/\/car-refinish-system.com\/beta\/produs\/degreasing-cloth-tarapro-10x50-sh-30-x-38cm-disppack\/"},"modified":"2026-03-27T06:05:35","modified_gmt":"2026-03-27T06:05:35","slug":"degreasing-cloth-tarapro-10x50-sh-30-x-38cm-disppack","status":"publish","type":"product","link":"https:\/\/car-refinish-system.com\/beta\/produs\/degreasing-cloth-tarapro-10x50-sh-30-x-38cm-disppack\/","title":{"rendered":"Degreasing Cloth TaRaPro 10&#215;50 Sh. \n30 x 38cm DispPack"},"content":{"rendered":"<p>\u25cf T\u00fcrkisblaues Vliestuch geschnitten aus einem Mix aus Zellulose und Polyesterfaser<br \/>\n\u25cf ca. 65-70g\/m&#8221;, 380\u03bcm<br \/>\n\u25cf 500 Abschnitte 30 x 38cm (unterverpackt in 10 x 50 Abschnitte in Dispenserfolie) im Karton<br \/>\n\u25cf Rei\u00dffest auch im nassen Zustand, bis zu 6-fache Fl\u00fcssigkeitsaufnahme des Eigengewichts<br \/>\n\u25cf wasserstrahlverfestigte Fasern ohne Klebstoff oder Bindemittel<br \/>\n\u25cf Fusselfrei, Silikonfrei, Antistatisch<br \/>\n\u25cf weiche Oberfl\u00e4che zum optimalen Abwischen und Aufsaugen von Fl\u00fcssigkeiten oder zum trocknen der H\u00e4nde. Auswringbar.<br \/>\n\u25cf sehr hochwertiges, sehr saugstarkes Reinigungstuch auch f\u00fcr Schwer\u00f6l, \u00d6l, Fett und L\u00f6semittel<br \/>\n\u25cf Einsatz bei Lackierbetrieben, Automobil- oder Flugzeugbau \u2013 z. B. bei der Oberfl\u00e4chen-Reinigung vor der Beschichtung.<br \/>\n\u25cf durch das spezielle Produktionsverfahren extrem Fusselfrei und extrem Rei\u00dffest auch im vollgesaugtem Zustand<br \/>\n\u25cf Auch optimal zum Polieren einsetzbar<br \/>\n\u25cf sehr gut f\u00fcr Reinigungsarbeiten in Reinr\u00e4umen und kritische Umgebungen (z. B. Elektronik, Medizintechnik) geeignet<\/p>\n","protected":false},"excerpt":{"rendered":"<p>\u25cf T\u00fcrkisblaues Vliestuch geschnitten aus einem Mix aus Zellulose und Polyesterfaser \u25cf ca. 65-70g\/m&#8221;, 380\u03bcm \u25cf 500 Abschnitte 30 x 38cm (unterverpackt in 10 x 50<span class=\"excerpt-hellip\"> [\u2026]<\/span><\/p>\n","protected":false},"featured_media":6569,"template":"","meta":{"_acf_changed":false},"product_brand":[],"product_cat":[866],"product_tag":[],"class_list":{"0":"post-7336","1":"product","2":"type-product","3":"status-publish","4":"has-post-thumbnail","6":"product_cat-reingen-vorbereiten","8":"first","9":"instock","10":"purchasable","11":"product-type-simple"},"acf":[],"_links":{"self":[{"href":"https:\/\/car-refinish-system.com\/beta\/wp-json\/wp\/v2\/product\/7336","targetHints":{"allow":["GET"]}}],"collection":[{"href":"https:\/\/car-refinish-system.com\/beta\/wp-json\/wp\/v2\/product"}],"about":[{"href":"https:\/\/car-refinish-system.com\/beta\/wp-json\/wp\/v2\/types\/product"}],"wp:featuredmedia":[{"embeddable":true,"href":"https:\/\/car-refinish-system.com\/beta\/wp-json\/wp\/v2\/media\/6569"}],"wp:attachment":[{"href":"https:\/\/car-refinish-system.com\/beta\/wp-json\/wp\/v2\/media?parent=7336"}],"wp:term":[{"taxonomy":"product_brand","embeddable":true,"href":"https:\/\/car-refinish-system.com\/beta\/wp-json\/wp\/v2\/product_brand?post=7336"},{"taxonomy":"product_cat","embeddable":true,"href":"https:\/\/car-refinish-system.com\/beta\/wp-json\/wp\/v2\/product_cat?post=7336"},{"taxonomy":"product_tag","embeddable":true,"href":"https:\/\/car-refinish-system.com\/beta\/wp-json\/wp\/v2\/product_tag?post=7336"}],"curies":[{"name":"wp","href":"https:\/\/api.w.org\/{rel}","templated":true}]}}