{"id":7337,"date":"2026-03-27T06:05:24","date_gmt":"2026-03-27T06:05:24","guid":{"rendered":"https:\/\/car-refinish-system.com\/beta\/produs\/wiping-roll-dispenser-floor-max-40cm-r\/"},"modified":"2026-03-27T12:30:07","modified_gmt":"2026-03-27T12:30:07","slug":"wiping-roll-dispenser-floor-max-40cm-r","status":"publish","type":"product","link":"https:\/\/car-refinish-system.com\/beta\/produs\/wiping-roll-dispenser-floor-max-40cm-r\/","title":{"rendered":"Wiping Roll Dispenser Floor max. 40cm R."},"content":{"rendered":"<p>\u25cf blauer Papierabroller als Bodenst\u00e4nder f\u00fcr Reinigungst\u00fccher<br \/>\n\u25cf H\u00f6he ca. 820mm, Breite 440mm<br \/>\n\u25cf 17mm Rohrgestell, mit 2 mm Wandst\u00e4rke, pulverbeschichtet<br \/>\n\u25cf mit stabiler Bodenverl\u00e4ngerung f\u00fcr optimalen und festen Stand, Traglast von Rollen bis 40kg<br \/>\n\u25cf Aufnahme von Rollen bis 40cm Breite, Aufnahme von Rollen bis 42cm Durchmesser<br \/>\n\u25cf mit gezahnter Abrisskante, f\u00fcr exaktes Abtrennen\/Abrei\u00dfen auf die gew\u00fcnschte Abrissl\u00e4nge<br \/>\n\u25cf Konisch- justierbare Aufnahme von Rollen mit einen Kerndurchmesser von 55-65mm<br \/>\n\u25cf sehr stabile Rollentr\u00e4gerstange mm 42mm L\u00e4nge und \u00f810mm aus sehr stabilem starren Stahlrohr<br \/>\n\u25cf mit Klemmfederfixierng (links und rechts), zur optimalen und festen Center-Platzierung der Rolle<br \/>\n\u25cf Einfachste Montage durch Steckverbindungen ohne Schrauben<br \/>\n\u25cf Kunststoffkappen f\u00fcr optimalen Stand auch auf leicht unebenen Fl\u00e4chen<br \/>\n\u25cf Trag- Mitnehmbar zum Einsatzort (ohne Demontage) durch stabile Steckverbinungen<\/p>\n","protected":false},"excerpt":{"rendered":"<p>\u25cf blauer Papierabroller als Bodenst\u00e4nder f\u00fcr Reinigungst\u00fccher \u25cf H\u00f6he ca. 820mm, Breite 440mm \u25cf 17mm Rohrgestell, mit 2 mm Wandst\u00e4rke, pulverbeschichtet \u25cf mit stabiler Bodenverl\u00e4ngerung f\u00fcr<span class=\"excerpt-hellip\"> [\u2026]<\/span><\/p>\n","protected":false},"featured_media":8392,"template":"","meta":{"_acf_changed":false},"product_brand":[],"product_cat":[866],"product_tag":[],"class_list":{"0":"post-7337","1":"product","2":"type-product","3":"status-publish","4":"has-post-thumbnail","6":"product_cat-reingen-vorbereiten","8":"first","9":"instock","10":"purchasable","11":"product-type-simple"},"acf":[],"_links":{"self":[{"href":"https:\/\/car-refinish-system.com\/beta\/wp-json\/wp\/v2\/product\/7337","targetHints":{"allow":["GET"]}}],"collection":[{"href":"https:\/\/car-refinish-system.com\/beta\/wp-json\/wp\/v2\/product"}],"about":[{"href":"https:\/\/car-refinish-system.com\/beta\/wp-json\/wp\/v2\/types\/product"}],"wp:featuredmedia":[{"embeddable":true,"href":"https:\/\/car-refinish-system.com\/beta\/wp-json\/wp\/v2\/media\/8392"}],"wp:attachment":[{"href":"https:\/\/car-refinish-system.com\/beta\/wp-json\/wp\/v2\/media?parent=7337"}],"wp:term":[{"taxonomy":"product_brand","embeddable":true,"href":"https:\/\/car-refinish-system.com\/beta\/wp-json\/wp\/v2\/product_brand?post=7337"},{"taxonomy":"product_cat","embeddable":true,"href":"https:\/\/car-refinish-system.com\/beta\/wp-json\/wp\/v2\/product_cat?post=7337"},{"taxonomy":"product_tag","embeddable":true,"href":"https:\/\/car-refinish-system.com\/beta\/wp-json\/wp\/v2\/product_tag?post=7337"}],"curies":[{"name":"wp","href":"https:\/\/api.w.org\/{rel}","templated":true}]}}