{"id":7340,"date":"2026-03-27T06:05:38","date_gmt":"2026-03-27T06:05:38","guid":{"rendered":"https:\/\/car-refinish-system.com\/beta\/produs\/tag-rack-unihydro-sticky-80-x-50cm\/"},"modified":"2026-03-27T06:05:40","modified_gmt":"2026-03-27T06:05:40","slug":"tag-rack-unihydro-sticky-80-x-50cm","status":"publish","type":"product","link":"https:\/\/car-refinish-system.com\/beta\/produs\/tag-rack-unihydro-sticky-80-x-50cm\/","title":{"rendered":"Tag Rack Uni&#038;Hydro Sticky 80 x 50cm"},"content":{"rendered":"<p>\u25cf wei\u00dfes Staubbindetuch aus Baumwoll\/Viskosegaze mit spezieller Klebetechnik und Impr\u00e4gnierung<br \/>\n\u25cf Gr\u00f6\u00dfe 80x50cm (entfaltet), 14cm x 11cm (gefaltet), ca. 30gm\u00b2, 10 St\u00fcck im Dispenserkarton\/Folie<br \/>\n\u25cf ca. 65% Gewebe und 35% Klebebinder<br \/>\n\u25cf Fusselfrei, Silikonfrei, Antistatisch<br \/>\n\u25cf H\u00e4rtet und Trocknet nicht aus<br \/>\n\u25cf offene, starkaufnahmef\u00e4hige Gaze Struktur zur Aufnahme und Entfernung kleinster Staubpartikel<br \/>\n\u25cf zum schnellen, sicheren und sauberen Entfernen von Staubpartikeln vor dem Lackieren<br \/>\n\u25cf sehr gut f\u00fcr die Wasserlacklackierung, aber auch f\u00fcr die L\u00f6semittellacklackierung geeignet<br \/>\n\u25cf keine R\u00fcckst\u00e4nde von Klebstoffen aus dem Staubbindetuch<\/p>\n","protected":false},"excerpt":{"rendered":"<p>\u25cf wei\u00dfes Staubbindetuch aus Baumwoll\/Viskosegaze mit spezieller Klebetechnik und Impr\u00e4gnierung \u25cf Gr\u00f6\u00dfe 80x50cm (entfaltet), 14cm x 11cm (gefaltet), ca. 30gm\u00b2, 10 St\u00fcck im Dispenserkarton\/Folie \u25cf ca.<span class=\"excerpt-hellip\"> [\u2026]<\/span><\/p>\n","protected":false},"featured_media":6576,"template":"","meta":{"_acf_changed":false},"product_brand":[],"product_cat":[866],"product_tag":[],"class_list":{"0":"post-7340","1":"product","2":"type-product","3":"status-publish","4":"has-post-thumbnail","6":"product_cat-reingen-vorbereiten","8":"first","9":"instock","10":"purchasable","11":"product-type-simple"},"acf":[],"_links":{"self":[{"href":"https:\/\/car-refinish-system.com\/beta\/wp-json\/wp\/v2\/product\/7340","targetHints":{"allow":["GET"]}}],"collection":[{"href":"https:\/\/car-refinish-system.com\/beta\/wp-json\/wp\/v2\/product"}],"about":[{"href":"https:\/\/car-refinish-system.com\/beta\/wp-json\/wp\/v2\/types\/product"}],"wp:featuredmedia":[{"embeddable":true,"href":"https:\/\/car-refinish-system.com\/beta\/wp-json\/wp\/v2\/media\/6576"}],"wp:attachment":[{"href":"https:\/\/car-refinish-system.com\/beta\/wp-json\/wp\/v2\/media?parent=7340"}],"wp:term":[{"taxonomy":"product_brand","embeddable":true,"href":"https:\/\/car-refinish-system.com\/beta\/wp-json\/wp\/v2\/product_brand?post=7340"},{"taxonomy":"product_cat","embeddable":true,"href":"https:\/\/car-refinish-system.com\/beta\/wp-json\/wp\/v2\/product_cat?post=7340"},{"taxonomy":"product_tag","embeddable":true,"href":"https:\/\/car-refinish-system.com\/beta\/wp-json\/wp\/v2\/product_tag?post=7340"}],"curies":[{"name":"wp","href":"https:\/\/api.w.org\/{rel}","templated":true}]}}