{"id":7342,"date":"2026-03-27T06:05:38","date_gmt":"2026-03-27T06:05:38","guid":{"rendered":"https:\/\/car-refinish-system.com\/beta\/produs\/microfibre-cloth-microclean-20pcs-40-x-40cm-red\/"},"modified":"2026-03-27T06:05:41","modified_gmt":"2026-03-27T06:05:41","slug":"microfibre-cloth-microclean-20pcs-40-x-40cm-red","status":"publish","type":"product","link":"https:\/\/car-refinish-system.com\/beta\/produs\/microfibre-cloth-microclean-20pcs-40-x-40cm-red\/","title":{"rendered":"Microfibre Cloth Micro&#038;Clean 20Pcs 40 x 40cm Red"},"content":{"rendered":"<p>sehr hochwertiges und leichtes, rotes, Mikrofasertuch mit kurzer Faser<br \/>\n40cm x 40cm, 250g\/m\u00b2<br \/>\n80% Polyester und 20% Polyamid, waschbar bis 60\u00b0C<br \/>\nsehr volumin\u00f6s mit weicher Haptik<br \/>\nsilikonfrei, optimal zum Polieren, f\u00fcr Levelingarbeiten, sowie zum Wachsen von Fahrzeugen geeignet<br \/>\nsehr gut zum Verarbeiten von Versiegelungen, beim Entfetten, und beim Auspolieren von Keramikbeschichtungen<br \/>\nwiederverwendbar, sehr weich und  strapazierf\u00e4hig, mit sehr guter Saug- und Wasseraufnahmef\u00e4higkeit<br \/>\nentfernt selbst hartn\u00e4ckigen Schmutz, reinigt gr\u00fcndlich auch ohne Reinigungsmittel<br \/>\neinges\u00e4umt um Ausfransungen zu verhindern, keine Fusselbildung auch bei gr\u00f6\u00dferem Verarbeitungsdruck<br \/>\nextrem leicht auswringbar beim einer Wasseraufnahme bis zu 650% des Eigengewichts<\/p>\n","protected":false},"excerpt":{"rendered":"<p>sehr hochwertiges und leichtes, rotes, Mikrofasertuch mit kurzer Faser 40cm x 40cm, 250g\/m\u00b2 80% Polyester und 20% Polyamid, waschbar bis 60\u00b0C sehr volumin\u00f6s mit weicher Haptik<span class=\"excerpt-hellip\"> [\u2026]<\/span><\/p>\n","protected":false},"featured_media":6580,"template":"","meta":{"_acf_changed":false},"product_brand":[],"product_cat":[866],"product_tag":[],"class_list":{"0":"post-7342","1":"product","2":"type-product","3":"status-publish","4":"has-post-thumbnail","6":"product_cat-reingen-vorbereiten","8":"first","9":"instock","10":"purchasable","11":"product-type-simple"},"acf":[],"_links":{"self":[{"href":"https:\/\/car-refinish-system.com\/beta\/wp-json\/wp\/v2\/product\/7342","targetHints":{"allow":["GET"]}}],"collection":[{"href":"https:\/\/car-refinish-system.com\/beta\/wp-json\/wp\/v2\/product"}],"about":[{"href":"https:\/\/car-refinish-system.com\/beta\/wp-json\/wp\/v2\/types\/product"}],"wp:featuredmedia":[{"embeddable":true,"href":"https:\/\/car-refinish-system.com\/beta\/wp-json\/wp\/v2\/media\/6580"}],"wp:attachment":[{"href":"https:\/\/car-refinish-system.com\/beta\/wp-json\/wp\/v2\/media?parent=7342"}],"wp:term":[{"taxonomy":"product_brand","embeddable":true,"href":"https:\/\/car-refinish-system.com\/beta\/wp-json\/wp\/v2\/product_brand?post=7342"},{"taxonomy":"product_cat","embeddable":true,"href":"https:\/\/car-refinish-system.com\/beta\/wp-json\/wp\/v2\/product_cat?post=7342"},{"taxonomy":"product_tag","embeddable":true,"href":"https:\/\/car-refinish-system.com\/beta\/wp-json\/wp\/v2\/product_tag?post=7342"}],"curies":[{"name":"wp","href":"https:\/\/api.w.org\/{rel}","templated":true}]}}