{"id":7345,"date":"2026-03-27T06:05:38","date_gmt":"2026-03-27T06:05:38","guid":{"rendered":"https:\/\/car-refinish-system.com\/beta\/produs\/pump-sprayer-pumpclean-n-1-l-w-viton-o-ring\/"},"modified":"2026-03-27T06:05:42","modified_gmt":"2026-03-27T06:05:42","slug":"pump-sprayer-pumpclean-n-1-l-w-viton-o-ring","status":"publish","type":"product","link":"https:\/\/car-refinish-system.com\/beta\/produs\/pump-sprayer-pumpclean-n-1-l-w-viton-o-ring\/","title":{"rendered":"Pump Sprayer Pump&#038;Clean &#8220;N&#8221; 1 L w. Viton O-Ring"},"content":{"rendered":"<p>\u25cf Druckpumpzerst\u00e4uber f\u00fcr die gleichm\u00e4\u00dfige Zerst\u00e4ubung l\u00f6semittelhaltiger Fl\u00fcssigkeiten<br \/>\n \u25cf ca.1L F\u00fcllverm\u00f6gen<br \/>\n \u25cf hochschlagfester, silikonfreier Kunststoff<br \/>\n \u25cf vielseitig einsetzbar, nach Pr\u00fcfung und Test auch f\u00fcr Bremsenreiniger geeignet<br \/>\n \u25cf hochwertigste Best\u00e4ndigkeit durch robuste Viton Dichtungen f\u00fcr professionelle Anwendungen<br \/>\n \u25cf nach Aufpumpen bleibt der Druck sehr lange bestehen<br \/>\n \u25cf sehr gute Zerst\u00e4ubung<br \/>\n \u25cf Betriebsdruck ca. 3 bar f\u00fcr h\u00f6chste Sicherheit<br \/>\n \u25cf einstellbarer Spr\u00fchstrahl von feinster Zerst\u00e4ubung bis punktgenauem Strahl<\/p>\n","protected":false},"excerpt":{"rendered":"<p>\u25cf Druckpumpzerst\u00e4uber f\u00fcr die gleichm\u00e4\u00dfige Zerst\u00e4ubung l\u00f6semittelhaltiger Fl\u00fcssigkeiten \u25cf ca.1L F\u00fcllverm\u00f6gen \u25cf hochschlagfester, silikonfreier Kunststoff \u25cf vielseitig einsetzbar, nach Pr\u00fcfung und Test auch f\u00fcr Bremsenreiniger geeignet<span class=\"excerpt-hellip\"> [\u2026]<\/span><\/p>\n","protected":false},"featured_media":6586,"template":"","meta":{"_acf_changed":false},"product_brand":[],"product_cat":[866],"product_tag":[],"class_list":{"0":"post-7345","1":"product","2":"type-product","3":"status-publish","4":"has-post-thumbnail","6":"product_cat-reingen-vorbereiten","8":"first","9":"instock","10":"purchasable","11":"product-type-simple"},"acf":[],"_links":{"self":[{"href":"https:\/\/car-refinish-system.com\/beta\/wp-json\/wp\/v2\/product\/7345","targetHints":{"allow":["GET"]}}],"collection":[{"href":"https:\/\/car-refinish-system.com\/beta\/wp-json\/wp\/v2\/product"}],"about":[{"href":"https:\/\/car-refinish-system.com\/beta\/wp-json\/wp\/v2\/types\/product"}],"wp:featuredmedia":[{"embeddable":true,"href":"https:\/\/car-refinish-system.com\/beta\/wp-json\/wp\/v2\/media\/6586"}],"wp:attachment":[{"href":"https:\/\/car-refinish-system.com\/beta\/wp-json\/wp\/v2\/media?parent=7345"}],"wp:term":[{"taxonomy":"product_brand","embeddable":true,"href":"https:\/\/car-refinish-system.com\/beta\/wp-json\/wp\/v2\/product_brand?post=7345"},{"taxonomy":"product_cat","embeddable":true,"href":"https:\/\/car-refinish-system.com\/beta\/wp-json\/wp\/v2\/product_cat?post=7345"},{"taxonomy":"product_tag","embeddable":true,"href":"https:\/\/car-refinish-system.com\/beta\/wp-json\/wp\/v2\/product_tag?post=7345"}],"curies":[{"name":"wp","href":"https:\/\/api.w.org\/{rel}","templated":true}]}}