{"id":7357,"date":"2026-03-27T06:05:38","date_gmt":"2026-03-27T06:05:38","guid":{"rendered":"https:\/\/car-refinish-system.com\/beta\/produs\/reusable-hq-mask-a2-p2-size-m\/"},"modified":"2026-03-27T06:05:49","modified_gmt":"2026-03-27T06:05:49","slug":"reusable-hq-mask-a2-p2-size-m","status":"publish","type":"product","link":"https:\/\/car-refinish-system.com\/beta\/produs\/reusable-hq-mask-a2-p2-size-m\/","title":{"rendered":"Reusable HQ Mask A2 P2 Size M"},"content":{"rendered":"<p>\u25cf  Hochwertigste Atemschutzhalbmaske zum wechselbaren Einsatz mit Aktivkohle- und Vorfilter<br \/>\n\u25cf  extrem Hautfreundliche und flexible Halbmaske mit h\u00f6chstem Tragekomfort.<br \/>\n\u25cf  zuverl\u00e4ssiger Atemschutz vor L\u00f6semitteln sowie organischen D\u00e4mpfen<br \/>\n\u25cf  CE 0194 \/ EN 140:198; EN 143:2004 und A1:2008.<br \/>\n\u25cf  Die eingesetzten Kartuschen und Partikelkartuschen entsprechen der zugelassenen Normen EN14387:2004+A1:2008 und EN14387:2004+A1:2008<br \/>\n    !! Diese Normen werden nur erreicht, wenn Gaskartuschen und Vorfilterkartuschen zusammen eingesetzt werden.!!<br \/>\n\u25cf  Das Sichtfeld ist aufgrund der optimalen Filteranordnung sehr gut.<\/p>\n","protected":false},"excerpt":{"rendered":"<p>\u25cf Hochwertigste Atemschutzhalbmaske zum wechselbaren Einsatz mit Aktivkohle- und Vorfilter \u25cf extrem Hautfreundliche und flexible Halbmaske mit h\u00f6chstem Tragekomfort. \u25cf zuverl\u00e4ssiger Atemschutz vor L\u00f6semitteln sowie organischen<span class=\"excerpt-hellip\"> [\u2026]<\/span><\/p>\n","protected":false},"featured_media":6606,"template":"","meta":{"_acf_changed":false},"product_brand":[],"product_cat":[867],"product_tag":[],"class_list":{"0":"post-7357","1":"product","2":"type-product","3":"status-publish","4":"has-post-thumbnail","6":"product_cat-persoenliche-schutzausruestung","8":"first","9":"instock","10":"purchasable","11":"product-type-simple"},"acf":[],"_links":{"self":[{"href":"https:\/\/car-refinish-system.com\/beta\/wp-json\/wp\/v2\/product\/7357","targetHints":{"allow":["GET"]}}],"collection":[{"href":"https:\/\/car-refinish-system.com\/beta\/wp-json\/wp\/v2\/product"}],"about":[{"href":"https:\/\/car-refinish-system.com\/beta\/wp-json\/wp\/v2\/types\/product"}],"wp:featuredmedia":[{"embeddable":true,"href":"https:\/\/car-refinish-system.com\/beta\/wp-json\/wp\/v2\/media\/6606"}],"wp:attachment":[{"href":"https:\/\/car-refinish-system.com\/beta\/wp-json\/wp\/v2\/media?parent=7357"}],"wp:term":[{"taxonomy":"product_brand","embeddable":true,"href":"https:\/\/car-refinish-system.com\/beta\/wp-json\/wp\/v2\/product_brand?post=7357"},{"taxonomy":"product_cat","embeddable":true,"href":"https:\/\/car-refinish-system.com\/beta\/wp-json\/wp\/v2\/product_cat?post=7357"},{"taxonomy":"product_tag","embeddable":true,"href":"https:\/\/car-refinish-system.com\/beta\/wp-json\/wp\/v2\/product_tag?post=7357"}],"curies":[{"name":"wp","href":"https:\/\/api.w.org\/{rel}","templated":true}]}}