{"id":7360,"date":"2026-03-27T06:05:53","date_gmt":"2026-03-27T06:05:53","guid":{"rendered":"https:\/\/car-refinish-system.com\/beta\/produs\/ffp2-mask-ce-cert-10pcs-in-foil\/"},"modified":"2026-03-27T06:05:54","modified_gmt":"2026-03-27T06:05:54","slug":"ffp2-mask-ce-cert-10pcs-in-foil","status":"publish","type":"product","link":"https:\/\/car-refinish-system.com\/beta\/produs\/ffp2-mask-ce-cert-10pcs-in-foil\/","title":{"rendered":"FFP2 Mask CE Cert 10pcs in Foil"},"content":{"rendered":"<p>\u25cf  Hochwertigste FFP 2 (Filtering Face Piece Klasse 2) Feinstaubmaske<br \/>\n\u25cf  sehr hautfreundlich f\u00fcr guten Tragekomfort.<br \/>\n\u25cf  justierbare Nasenb\u00fcgel  und geringer Ausatemwiderstand<br \/>\n\u25cf  Filtert bis zu 94 % der in der Luft befindlichen Partikel bis 0,6 \u00b5m<br \/>\n\u25cf  EN 149:2001; EN 149 A1 2009. bis zu 5-10 fachen Schutz des Arbeitsplatzgrenzwertes<br \/>\n\u25cf  zum Schutz vor Aerosolen (fl\u00fcssige Partikel) \u00d6lnebel, Nebel von Farben oder Lacken (ohne L\u00f6semitteld\u00e4mpfe)<br \/>\n\u25cf  zum Schutz vor Feinst\u00e4uben wie Schleifstaub, Holzstaub, Quarzstaub, Metallstaub oder Virenbelastung<br \/>\n\u25cf  Das Sichtfeld wird aufgrund der optimalen Passform nicht eingeschr\u00e4nkt<\/p>\n","protected":false},"excerpt":{"rendered":"<p>\u25cf Hochwertigste FFP 2 (Filtering Face Piece Klasse 2) Feinstaubmaske \u25cf sehr hautfreundlich f\u00fcr guten Tragekomfort. \u25cf justierbare Nasenb\u00fcgel und geringer Ausatemwiderstand \u25cf Filtert bis zu<span class=\"excerpt-hellip\"> [\u2026]<\/span><\/p>\n","protected":false},"featured_media":6612,"template":"","meta":{"_acf_changed":false},"product_brand":[],"product_cat":[867],"product_tag":[],"class_list":{"0":"post-7360","1":"product","2":"type-product","3":"status-publish","4":"has-post-thumbnail","6":"product_cat-persoenliche-schutzausruestung","8":"first","9":"instock","10":"purchasable","11":"product-type-simple"},"acf":[],"_links":{"self":[{"href":"https:\/\/car-refinish-system.com\/beta\/wp-json\/wp\/v2\/product\/7360","targetHints":{"allow":["GET"]}}],"collection":[{"href":"https:\/\/car-refinish-system.com\/beta\/wp-json\/wp\/v2\/product"}],"about":[{"href":"https:\/\/car-refinish-system.com\/beta\/wp-json\/wp\/v2\/types\/product"}],"wp:featuredmedia":[{"embeddable":true,"href":"https:\/\/car-refinish-system.com\/beta\/wp-json\/wp\/v2\/media\/6612"}],"wp:attachment":[{"href":"https:\/\/car-refinish-system.com\/beta\/wp-json\/wp\/v2\/media?parent=7360"}],"wp:term":[{"taxonomy":"product_brand","embeddable":true,"href":"https:\/\/car-refinish-system.com\/beta\/wp-json\/wp\/v2\/product_brand?post=7360"},{"taxonomy":"product_cat","embeddable":true,"href":"https:\/\/car-refinish-system.com\/beta\/wp-json\/wp\/v2\/product_cat?post=7360"},{"taxonomy":"product_tag","embeddable":true,"href":"https:\/\/car-refinish-system.com\/beta\/wp-json\/wp\/v2\/product_tag?post=7360"}],"curies":[{"name":"wp","href":"https:\/\/api.w.org\/{rel}","templated":true}]}}