{"id":7361,"date":"2026-03-27T06:05:53","date_gmt":"2026-03-27T06:05:53","guid":{"rendered":"https:\/\/car-refinish-system.com\/beta\/produs\/ffp3-mask-ce-cert-with-valve-5pcs-in-foil\/"},"modified":"2026-03-27T06:05:55","modified_gmt":"2026-03-27T06:05:55","slug":"ffp3-mask-ce-cert-with-valve-5pcs-in-foil","status":"publish","type":"product","link":"https:\/\/car-refinish-system.com\/beta\/produs\/ffp3-mask-ce-cert-with-valve-5pcs-in-foil\/","title":{"rendered":"FFP3 Mask CE Cert with Valve 5pcs in Foil"},"content":{"rendered":"<p>\u25cf Hochwertigste FFP 3 (Filtering Face Piece Klasse 3) Feinstaubmaske mit Ausatemventil<br \/>\n\u25cf regulierbare Beb\u00e4nderung mit sehr hautfreundlicher Dichtlippe f\u00fcr h\u00f6chsten Tragekomfort.<br \/>\n\u25cf justierbare Nasenb\u00fcgel  und sehr geringer Ausatemwiderstand<br \/>\n\u25cf Ausatemventil zur Verhinderung von W\u00e4rme- &#038; Feuchtigkeitsbildung<br \/>\n\u25cf Filtert bis zu 99 % der in der Luft befindlichen Partikel bis 0,6 \u00b5m<br \/>\n\u25cf EN 149:2001; EN 149 A1 2009. 3-20 facher Schutz der maximalen Arbeitsplatzkonzentration (MAK Wert)<br \/>\n\u25cf zum Schutz vor Aerosolen (fl\u00fcssige Partikel) \u00d6lnebel, Nebel von Farben oder Lacken (ohne L\u00f6semitteld\u00e4mpfe)<br \/>\n\u25cf zum Schutz vor Feinst\u00e4uben wie Schleifstaub, Holzstaub, Quarzstaub, Metallstaub oder Asbestfasern<br \/>\n\u25cf Das Sichtfeld wird aufgrund der optimalen Passform nicht eingeschr\u00e4nkt<\/p>\n","protected":false},"excerpt":{"rendered":"<p>\u25cf Hochwertigste FFP 3 (Filtering Face Piece Klasse 3) Feinstaubmaske mit Ausatemventil \u25cf regulierbare Beb\u00e4nderung mit sehr hautfreundlicher Dichtlippe f\u00fcr h\u00f6chsten Tragekomfort. \u25cf justierbare Nasenb\u00fcgel und<span class=\"excerpt-hellip\"> [\u2026]<\/span><\/p>\n","protected":false},"featured_media":6614,"template":"","meta":{"_acf_changed":false},"product_brand":[],"product_cat":[867],"product_tag":[],"class_list":{"0":"post-7361","1":"product","2":"type-product","3":"status-publish","4":"has-post-thumbnail","6":"product_cat-persoenliche-schutzausruestung","8":"first","9":"instock","10":"purchasable","11":"product-type-simple"},"acf":[],"_links":{"self":[{"href":"https:\/\/car-refinish-system.com\/beta\/wp-json\/wp\/v2\/product\/7361","targetHints":{"allow":["GET"]}}],"collection":[{"href":"https:\/\/car-refinish-system.com\/beta\/wp-json\/wp\/v2\/product"}],"about":[{"href":"https:\/\/car-refinish-system.com\/beta\/wp-json\/wp\/v2\/types\/product"}],"wp:featuredmedia":[{"embeddable":true,"href":"https:\/\/car-refinish-system.com\/beta\/wp-json\/wp\/v2\/media\/6614"}],"wp:attachment":[{"href":"https:\/\/car-refinish-system.com\/beta\/wp-json\/wp\/v2\/media?parent=7361"}],"wp:term":[{"taxonomy":"product_brand","embeddable":true,"href":"https:\/\/car-refinish-system.com\/beta\/wp-json\/wp\/v2\/product_brand?post=7361"},{"taxonomy":"product_cat","embeddable":true,"href":"https:\/\/car-refinish-system.com\/beta\/wp-json\/wp\/v2\/product_cat?post=7361"},{"taxonomy":"product_tag","embeddable":true,"href":"https:\/\/car-refinish-system.com\/beta\/wp-json\/wp\/v2\/product_tag?post=7361"}],"curies":[{"name":"wp","href":"https:\/\/api.w.org\/{rel}","templated":true}]}}