{"id":7362,"date":"2026-03-27T06:05:53","date_gmt":"2026-03-27T06:05:53","guid":{"rendered":"https:\/\/car-refinish-system.com\/beta\/produs\/schutzbrille-eye-protect\/"},"modified":"2026-03-27T06:05:55","modified_gmt":"2026-03-27T06:05:55","slug":"schutzbrille-eye-protect","status":"publish","type":"product","link":"https:\/\/car-refinish-system.com\/beta\/produs\/schutzbrille-eye-protect\/","title":{"rendered":"Schutzbrille &#8220;Eye Protect&#8221;"},"content":{"rendered":"<p>\u25cf sehr leichte Schutzbrille in sportlicher Ausf\u00fchrung<br \/>\n\u25cf 40g, optimaler Augenwinkelschutz<br \/>\n\u25cf Gr\u00f6\u00dfenverstellbar durch B\u00fcgelverstellung<br \/>\n\u25cf Als \u00dcberbrille f\u00fcr Brillentr\u00e4ger geeignet<br \/>\n\u25cf Beschlagfreie Polycarbonatscheiben<br \/>\n\u25cf kratzfest nach EN166:2001-F<br \/>\n\u25cf Schutz gegen kleine Partikel mit niedriger Energie<br \/>\n\u25cf klare, verzerrungsfreie Acrylgl\u00e4ser<br \/>\n\u25cf gute mechanische Stabilit\u00e4t<br \/>\n\u25cf Schutz vor Partikeln, Spritzern oder Strahlung<br \/>\n\u25cf angenehme Passform und guter Tragekomfort<\/p>\n","protected":false},"excerpt":{"rendered":"<p>\u25cf sehr leichte Schutzbrille in sportlicher Ausf\u00fchrung \u25cf 40g, optimaler Augenwinkelschutz \u25cf Gr\u00f6\u00dfenverstellbar durch B\u00fcgelverstellung \u25cf Als \u00dcberbrille f\u00fcr Brillentr\u00e4ger geeignet \u25cf Beschlagfreie Polycarbonatscheiben \u25cf kratzfest<span class=\"excerpt-hellip\"> [\u2026]<\/span><\/p>\n","protected":false},"featured_media":6616,"template":"","meta":{"_acf_changed":false},"product_brand":[],"product_cat":[867],"product_tag":[],"class_list":{"0":"post-7362","1":"product","2":"type-product","3":"status-publish","4":"has-post-thumbnail","6":"product_cat-persoenliche-schutzausruestung","8":"first","9":"instock","10":"purchasable","11":"product-type-simple"},"acf":[],"_links":{"self":[{"href":"https:\/\/car-refinish-system.com\/beta\/wp-json\/wp\/v2\/product\/7362","targetHints":{"allow":["GET"]}}],"collection":[{"href":"https:\/\/car-refinish-system.com\/beta\/wp-json\/wp\/v2\/product"}],"about":[{"href":"https:\/\/car-refinish-system.com\/beta\/wp-json\/wp\/v2\/types\/product"}],"wp:featuredmedia":[{"embeddable":true,"href":"https:\/\/car-refinish-system.com\/beta\/wp-json\/wp\/v2\/media\/6616"}],"wp:attachment":[{"href":"https:\/\/car-refinish-system.com\/beta\/wp-json\/wp\/v2\/media?parent=7362"}],"wp:term":[{"taxonomy":"product_brand","embeddable":true,"href":"https:\/\/car-refinish-system.com\/beta\/wp-json\/wp\/v2\/product_brand?post=7362"},{"taxonomy":"product_cat","embeddable":true,"href":"https:\/\/car-refinish-system.com\/beta\/wp-json\/wp\/v2\/product_cat?post=7362"},{"taxonomy":"product_tag","embeddable":true,"href":"https:\/\/car-refinish-system.com\/beta\/wp-json\/wp\/v2\/product_tag?post=7362"}],"curies":[{"name":"wp","href":"https:\/\/api.w.org\/{rel}","templated":true}]}}