{"id":7363,"date":"2026-03-27T06:05:53","date_gmt":"2026-03-27T06:05:53","guid":{"rendered":"https:\/\/car-refinish-system.com\/beta\/produs\/ear-protection-mm-head\/"},"modified":"2026-03-27T06:05:56","modified_gmt":"2026-03-27T06:05:56","slug":"ear-protection-mm-head","status":"publish","type":"product","link":"https:\/\/car-refinish-system.com\/beta\/produs\/ear-protection-mm-head\/","title":{"rendered":"Ear Protection &#8220;MM Head&#8221;"},"content":{"rendered":"<p>\u25cf Hochwerter gelb-schwarzer Kapselgeh\u00f6rschutz mit der Bezeichnung &#8220;Mickey Mouse&#8221; aus robustem Kunststoff<br \/>\n\u25cf sehr leichtes Gewicht von ca. 250g mit 2 Punkt Aufh\u00e4ngung<br \/>\n\u25cf SNR Wert ca. 28-29dB, H\/M\/L ca. Werte H=35dB \/ M = 26dB \/ L=20dB, nach DIN EN 352-1<br \/>\n\u25cf bis zu 30dB Schallreduzierung bei korrekter Verwendung<br \/>\n\u25cf sehr breiter, weicher und sehr komfortabler Kopfb\u00fcgel mit stufenloser Verstellbarkeit<br \/>\n\u25cf mit sehr weicher Ohrpolsterung, aus sehr hautfreundlichem thermoplastischem Elastomer<br \/>\n\u25cf sehr gut abschlie\u00dfende, weiche Kapsel-Dichtungsringe, f\u00fcr besten Geh\u00f6rschutz<\/p>\n","protected":false},"excerpt":{"rendered":"<p>\u25cf Hochwerter gelb-schwarzer Kapselgeh\u00f6rschutz mit der Bezeichnung &#8220;Mickey Mouse&#8221; aus robustem Kunststoff \u25cf sehr leichtes Gewicht von ca. 250g mit 2 Punkt Aufh\u00e4ngung \u25cf SNR Wert<span class=\"excerpt-hellip\"> [\u2026]<\/span><\/p>\n","protected":false},"featured_media":6618,"template":"","meta":{"_acf_changed":false},"product_brand":[],"product_cat":[867],"product_tag":[],"class_list":{"0":"post-7363","1":"product","2":"type-product","3":"status-publish","4":"has-post-thumbnail","6":"product_cat-persoenliche-schutzausruestung","8":"first","9":"instock","10":"purchasable","11":"product-type-simple"},"acf":[],"_links":{"self":[{"href":"https:\/\/car-refinish-system.com\/beta\/wp-json\/wp\/v2\/product\/7363","targetHints":{"allow":["GET"]}}],"collection":[{"href":"https:\/\/car-refinish-system.com\/beta\/wp-json\/wp\/v2\/product"}],"about":[{"href":"https:\/\/car-refinish-system.com\/beta\/wp-json\/wp\/v2\/types\/product"}],"wp:featuredmedia":[{"embeddable":true,"href":"https:\/\/car-refinish-system.com\/beta\/wp-json\/wp\/v2\/media\/6618"}],"wp:attachment":[{"href":"https:\/\/car-refinish-system.com\/beta\/wp-json\/wp\/v2\/media?parent=7363"}],"wp:term":[{"taxonomy":"product_brand","embeddable":true,"href":"https:\/\/car-refinish-system.com\/beta\/wp-json\/wp\/v2\/product_brand?post=7363"},{"taxonomy":"product_cat","embeddable":true,"href":"https:\/\/car-refinish-system.com\/beta\/wp-json\/wp\/v2\/product_cat?post=7363"},{"taxonomy":"product_tag","embeddable":true,"href":"https:\/\/car-refinish-system.com\/beta\/wp-json\/wp\/v2\/product_tag?post=7363"}],"curies":[{"name":"wp","href":"https:\/\/api.w.org\/{rel}","templated":true}]}}