{"id":7366,"date":"2026-03-27T06:05:53","date_gmt":"2026-03-27T06:05:53","guid":{"rendered":"https:\/\/car-refinish-system.com\/beta\/produs\/protectiongloves-premiumtop-1pair-size-xxl-neopren-black\/"},"modified":"2026-03-27T07:17:56","modified_gmt":"2026-03-27T07:17:56","slug":"protectiongloves-premiumtop-1pair-size-xxl-neopren-black","status":"publish","type":"product","link":"https:\/\/car-refinish-system.com\/beta\/produs\/protectiongloves-premiumtop-1pair-size-xxl-neopren-black\/","title":{"rendered":"ProtectionGloves PremiumTop 1Pair Size XXL Neopren Black"},"content":{"rendered":"<p>\u25cf  schwarzer Handschuh in Gr\u00f6\u00dfe XL mit optimaler Passform aus Polychloropren und Gummilatex<br \/>\n\u25cf  L\u00e4nge ca.30cm, Dicke 70\u03bcm \u00b1 10\u03bcm, Dehnbarkeit 300%, Rei\u00dffestigkeit 9N, hochfester und hochbest\u00e4ndiger Industriehandschuh<br \/>\n\u25cf  zum Einsatz f\u00fcr Lack-, Chemische Industrie, f\u00fcr Reinigung und Wartung, Gerbereien, Putz- und Zementproduktion,<br \/>\n     Glasfaserverarbeitung, Oberfl\u00e4chenschleifen, D\u00fcngereinsatz.<br \/>\n\u25cf   sehr guter und fester Nitrilhandschuh mit sehr guter Best\u00e4ndigkeit gegen viele Chemikalien, \u00d6le und Fette<br \/>\n\u25cf  ungepudert, mikroraue rutschfeste Oberfl\u00e4che, sehr gute Finger- und Handsensibilit\u00e4t, beidh\u00e4ndig verwendbar<br \/>\n\u25cf  silikonfrei, atmungsaktiv, Fl\u00fcssigkeits- Chemie-, Mikrobiologische-  und S\u00e4urenbest\u00e4ndig nach PSA Kat. 3 Typ A<br \/>\n\u25cf  folgende Vorschriften werden auch ohne entsprechendes Zertifikat eingehalten<br \/>\n    EN455 1-2-3-4, EN ISO 374 1,2,4,5 JKLMPT VIRUS, AQL 1,5, MD Medical Device Kl 1, Auch f\u00fcr den Foodbereich<br \/>\n    EN388:2016 f\u00fcr mechanische Risiken<br \/>\n\u25cf  optimal im Einsatz bei Maler- und Lackierbetrieben, speziell auch bei intensiveren Reinigungsarbeiten<\/p>\n","protected":false},"excerpt":{"rendered":"<p>\u25cf schwarzer Handschuh in Gr\u00f6\u00dfe XL mit optimaler Passform aus Polychloropren und Gummilatex \u25cf L\u00e4nge ca.30cm, Dicke 70\u03bcm \u00b1 10\u03bcm, Dehnbarkeit 300%, Rei\u00dffestigkeit 9N, hochfester und<span class=\"excerpt-hellip\"> [\u2026]<\/span><\/p>\n","protected":false},"featured_media":6624,"template":"","meta":{"_acf_changed":false},"product_brand":[],"product_cat":[867],"product_tag":[],"class_list":{"0":"post-7366","1":"product","2":"type-product","3":"status-publish","4":"has-post-thumbnail","6":"product_cat-persoenliche-schutzausruestung","8":"first","9":"instock","10":"purchasable","11":"product-type-simple"},"acf":[],"_links":{"self":[{"href":"https:\/\/car-refinish-system.com\/beta\/wp-json\/wp\/v2\/product\/7366","targetHints":{"allow":["GET"]}}],"collection":[{"href":"https:\/\/car-refinish-system.com\/beta\/wp-json\/wp\/v2\/product"}],"about":[{"href":"https:\/\/car-refinish-system.com\/beta\/wp-json\/wp\/v2\/types\/product"}],"wp:featuredmedia":[{"embeddable":true,"href":"https:\/\/car-refinish-system.com\/beta\/wp-json\/wp\/v2\/media\/6624"}],"wp:attachment":[{"href":"https:\/\/car-refinish-system.com\/beta\/wp-json\/wp\/v2\/media?parent=7366"}],"wp:term":[{"taxonomy":"product_brand","embeddable":true,"href":"https:\/\/car-refinish-system.com\/beta\/wp-json\/wp\/v2\/product_brand?post=7366"},{"taxonomy":"product_cat","embeddable":true,"href":"https:\/\/car-refinish-system.com\/beta\/wp-json\/wp\/v2\/product_cat?post=7366"},{"taxonomy":"product_tag","embeddable":true,"href":"https:\/\/car-refinish-system.com\/beta\/wp-json\/wp\/v2\/product_tag?post=7366"}],"curies":[{"name":"wp","href":"https:\/\/api.w.org\/{rel}","templated":true}]}}