{"id":7368,"date":"2026-03-27T06:05:53","date_gmt":"2026-03-27T06:05:53","guid":{"rendered":"https:\/\/car-refinish-system.com\/beta\/produs\/protectiongloves-hr-50pcs-size-m-latex-nitril-blue\/"},"modified":"2026-03-27T10:10:35","modified_gmt":"2026-03-27T10:10:35","slug":"protectiongloves-hr-50pcs-size-m-latex-nitril-blue","status":"publish","type":"product","link":"https:\/\/car-refinish-system.com\/beta\/produs\/protectiongloves-hr-50pcs-size-m-latex-nitril-blue\/","title":{"rendered":"ProtectionGloves HR 50Pcs Size M Latex\/Nitril, Blue"},"content":{"rendered":"<p>\u25cf  blauer Nitrilhandschuh Gr\u00f6\u00dfe M mit optimaler Passform aus synthetischem- und Naturkautschuk<br \/>\n\u25cf  L\u00e4nge ca.30cm, Dicke 30\u03bcm \u00b1 4\u03bcm, Dehnbarkeit 600%, Rei\u00dffestigkeit 6N, hochfester und hochbest\u00e4ndiger Nitrilhandschuh<br \/>\n\u25cf   sehr guter und fester Nitrilhandschuh mit guter Best\u00e4ndigkeit gegen verschiedene Chemikalien<br \/>\n\u25cf  ungepudert, mikroraue rutschfeste Oberfl\u00e4che, sehr gute Finger- und Handsensibilit\u00e4t, beidh\u00e4ndig verwendbar<br \/>\n\u25cf  silikonfrei, atmungsaktiv, Fl\u00fcssigkeits- Chemie-, Mikrobiologische-  und S\u00e4urenbest\u00e4ndig nach PSA Kat. 3 Typ A<br \/>\n\u25cf  folgende Vorschriften werden auch ohne entsprechendes Zertifikat eingehalten<br \/>\n    EN455 1-2-3-4, EN ISO 374 1,2,4,5 JKLMPT VIRUS, AQL 1,5, MD Medical Device Kl 1, Auch f\u00fcr den Foodbereich<br \/>\n\u25cf  optimal im Einsatz bei Maler- und Lackierbetrieben, speziell auch bei intensiveren Reinigungsarbeiten<\/p>\n","protected":false},"excerpt":{"rendered":"<p>\u25cf blauer Nitrilhandschuh Gr\u00f6\u00dfe M mit optimaler Passform aus synthetischem- und Naturkautschuk \u25cf L\u00e4nge ca.30cm, Dicke 30\u03bcm \u00b1 4\u03bcm, Dehnbarkeit 600%, Rei\u00dffestigkeit 6N, hochfester und hochbest\u00e4ndiger<span class=\"excerpt-hellip\"> [\u2026]<\/span><\/p>\n","protected":false},"featured_media":7814,"template":"","meta":{"_acf_changed":false},"product_brand":[],"product_cat":[867],"product_tag":[],"class_list":{"0":"post-7368","1":"product","2":"type-product","3":"status-publish","4":"has-post-thumbnail","6":"product_cat-persoenliche-schutzausruestung","8":"first","9":"instock","10":"purchasable","11":"product-type-simple"},"acf":[],"_links":{"self":[{"href":"https:\/\/car-refinish-system.com\/beta\/wp-json\/wp\/v2\/product\/7368","targetHints":{"allow":["GET"]}}],"collection":[{"href":"https:\/\/car-refinish-system.com\/beta\/wp-json\/wp\/v2\/product"}],"about":[{"href":"https:\/\/car-refinish-system.com\/beta\/wp-json\/wp\/v2\/types\/product"}],"wp:featuredmedia":[{"embeddable":true,"href":"https:\/\/car-refinish-system.com\/beta\/wp-json\/wp\/v2\/media\/7814"}],"wp:attachment":[{"href":"https:\/\/car-refinish-system.com\/beta\/wp-json\/wp\/v2\/media?parent=7368"}],"wp:term":[{"taxonomy":"product_brand","embeddable":true,"href":"https:\/\/car-refinish-system.com\/beta\/wp-json\/wp\/v2\/product_brand?post=7368"},{"taxonomy":"product_cat","embeddable":true,"href":"https:\/\/car-refinish-system.com\/beta\/wp-json\/wp\/v2\/product_cat?post=7368"},{"taxonomy":"product_tag","embeddable":true,"href":"https:\/\/car-refinish-system.com\/beta\/wp-json\/wp\/v2\/product_tag?post=7368"}],"curies":[{"name":"wp","href":"https:\/\/api.w.org\/{rel}","templated":true}]}}