{"id":7377,"date":"2026-03-27T06:05:53","date_gmt":"2026-03-27T06:05:53","guid":{"rendered":"https:\/\/car-refinish-system.com\/beta\/produs\/protect-glove-e-diamond-grip-orange-100pcs-size-xl-nitril-orange\/"},"modified":"2026-03-27T07:22:28","modified_gmt":"2026-03-27T07:22:28","slug":"protect-glove-e-diamond-grip-orange-100pcs-size-xl-nitril-orange","status":"publish","type":"product","link":"https:\/\/car-refinish-system.com\/beta\/produs\/protect-glove-e-diamond-grip-orange-100pcs-size-xl-nitril-orange\/","title":{"rendered":"Protect-Glove E-Diamond Grip Orange 100Pcs Size XL Nitril, Orange"},"content":{"rendered":"<p>\u25cf oranger Nitrilhandschuh, mit optimaler Passform und griffiger Diamant Grippstruktur aus synthetischem- und Naturkautschuk<br \/>\n\u25cf L\u00e4nge ca.24cm, Dicke 9-21\u03bcm \u00b1 3\u03bcm, Dehnbar 500%, Rei\u00dffestigkeit 6N, hochfester-\/ hochbest\u00e4ndiger Nitrilhandschuh<br \/>\n\u25cf  spezielle Diamant-Grip Struktur f\u00fcr besonders griffiges Arbeiten bei Industrie, Mechanik und Werkstatt Arbeiten<br \/>\n\u25cf sehr guter und fester Nitrilhandschuh mit guter Best\u00e4ndigkeit gegen verschiedene Chemikalien<br \/>\n\u25cf ungepudert, sehr gute Finger- und Handsensibilit\u00e4t, beidh\u00e4ndig verwendbar<br \/>\n\u25cf silikonfrei, atmungsaktiv, Fl\u00fcssigkeits- bedingt Chemie-, Mikrobiologisch-  und S\u00e4urebest\u00e4ndig<br \/>\n\u25cf folgende Vorschriften werden auch ohne entsprechendes Zertifikat eingehalten<br \/>\n    EN16523-1, EN ISO 374 1,2,4,5  EN ISO21420, AQL 1,5, Auch f\u00fcr den Foodbereich<br \/>\n    CE-Regulierung 2016\/425 Pers\u00f6nliche Schutzausr\u00fcstung Kategorie III Typ B<br \/>\n\u25cf optimal im Einsatz bei Maler- und Lackierbetrieben, speziell auch bei intensiveren Reinigungsarbeiten<\/p>\n","protected":false},"excerpt":{"rendered":"<p>\u25cf oranger Nitrilhandschuh, mit optimaler Passform und griffiger Diamant Grippstruktur aus synthetischem- und Naturkautschuk \u25cf L\u00e4nge ca.24cm, Dicke 9-21\u03bcm \u00b1 3\u03bcm, Dehnbar 500%, Rei\u00dffestigkeit 6N, hochfester-\/<span class=\"excerpt-hellip\"> [\u2026]<\/span><\/p>\n","protected":false},"featured_media":7706,"template":"","meta":{"_acf_changed":false},"product_brand":[],"product_cat":[867],"product_tag":[],"class_list":{"0":"post-7377","1":"product","2":"type-product","3":"status-publish","4":"has-post-thumbnail","6":"product_cat-persoenliche-schutzausruestung","8":"first","9":"instock","10":"purchasable","11":"product-type-simple"},"acf":[],"_links":{"self":[{"href":"https:\/\/car-refinish-system.com\/beta\/wp-json\/wp\/v2\/product\/7377","targetHints":{"allow":["GET"]}}],"collection":[{"href":"https:\/\/car-refinish-system.com\/beta\/wp-json\/wp\/v2\/product"}],"about":[{"href":"https:\/\/car-refinish-system.com\/beta\/wp-json\/wp\/v2\/types\/product"}],"wp:featuredmedia":[{"embeddable":true,"href":"https:\/\/car-refinish-system.com\/beta\/wp-json\/wp\/v2\/media\/7706"}],"wp:attachment":[{"href":"https:\/\/car-refinish-system.com\/beta\/wp-json\/wp\/v2\/media?parent=7377"}],"wp:term":[{"taxonomy":"product_brand","embeddable":true,"href":"https:\/\/car-refinish-system.com\/beta\/wp-json\/wp\/v2\/product_brand?post=7377"},{"taxonomy":"product_cat","embeddable":true,"href":"https:\/\/car-refinish-system.com\/beta\/wp-json\/wp\/v2\/product_cat?post=7377"},{"taxonomy":"product_tag","embeddable":true,"href":"https:\/\/car-refinish-system.com\/beta\/wp-json\/wp\/v2\/product_tag?post=7377"}],"curies":[{"name":"wp","href":"https:\/\/api.w.org\/{rel}","templated":true}]}}