{"id":7383,"date":"2026-03-27T06:06:07","date_gmt":"2026-03-27T06:06:07","guid":{"rendered":"https:\/\/car-refinish-system.com\/beta\/produs\/prepgloves-cottongrey-1pair-size-l-xl\/"},"modified":"2026-03-27T06:06:10","modified_gmt":"2026-03-27T06:06:10","slug":"prepgloves-cottongrey-1pair-size-l-xl","status":"publish","type":"product","link":"https:\/\/car-refinish-system.com\/beta\/produs\/prepgloves-cottongrey-1pair-size-l-xl\/","title":{"rendered":"PrepGloves Cotton&#038;Grey 1Pair Size L\/XL"},"content":{"rendered":"<p>\u25cf  grauer Polyester Feinstrickhandschuh mit grauer PU Beschichtung in Gr\u00f6\u00dfe L\/XL mit sehr guter Passform<br \/>\n\u25cf  L\u00e4nge ca.29cm, Gewicht ca.36g (je nach Gr\u00f6\u00dfe), sehr guter und fester Arbeits- und Montagehandschuh<br \/>\n\u25cf   sehr guter und fester Feinstrickhandschuh aus 100% Polyestergewebe<br \/>\n\u25cf  sehr gute mikroraue rutschfeste Oberfl\u00e4che, sehr gute Finger- und Handsensibilit\u00e4t<br \/>\n\u25cf  silikonfrei, atmungsaktiv, Fl\u00fcssigkeitsbest\u00e4ndig an der PU Beschichtung<br \/>\n\u25cf  folgende Vorschriften und ABCD Pr\u00fcfungen werden auch ohne entsprechendes Zertifikat eingehalten<br \/>\n    EN388:2019, PSA Kat 2, A-3=2000 Scheuerh\u00fcbe, B-1=Schnittfestigkeit 1,2, C-3=Weiterrei\u00dfkraft 50, D-1=Durchstichkraft 20<br \/>\n\u25cf  optimal im Einsatz beim Lackieren, beim Schleifen und bei allen anderen Arbeits- und Reinigungsarbeiten<\/p>\n","protected":false},"excerpt":{"rendered":"<p>\u25cf grauer Polyester Feinstrickhandschuh mit grauer PU Beschichtung in Gr\u00f6\u00dfe L\/XL mit sehr guter Passform \u25cf L\u00e4nge ca.29cm, Gewicht ca.36g (je nach Gr\u00f6\u00dfe), sehr guter und<span class=\"excerpt-hellip\"> [\u2026]<\/span><\/p>\n","protected":false},"featured_media":6643,"template":"","meta":{"_acf_changed":false},"product_brand":[],"product_cat":[867],"product_tag":[],"class_list":{"0":"post-7383","1":"product","2":"type-product","3":"status-publish","4":"has-post-thumbnail","6":"product_cat-persoenliche-schutzausruestung","8":"first","9":"instock","10":"purchasable","11":"product-type-simple"},"acf":[],"_links":{"self":[{"href":"https:\/\/car-refinish-system.com\/beta\/wp-json\/wp\/v2\/product\/7383","targetHints":{"allow":["GET"]}}],"collection":[{"href":"https:\/\/car-refinish-system.com\/beta\/wp-json\/wp\/v2\/product"}],"about":[{"href":"https:\/\/car-refinish-system.com\/beta\/wp-json\/wp\/v2\/types\/product"}],"wp:featuredmedia":[{"embeddable":true,"href":"https:\/\/car-refinish-system.com\/beta\/wp-json\/wp\/v2\/media\/6643"}],"wp:attachment":[{"href":"https:\/\/car-refinish-system.com\/beta\/wp-json\/wp\/v2\/media?parent=7383"}],"wp:term":[{"taxonomy":"product_brand","embeddable":true,"href":"https:\/\/car-refinish-system.com\/beta\/wp-json\/wp\/v2\/product_brand?post=7383"},{"taxonomy":"product_cat","embeddable":true,"href":"https:\/\/car-refinish-system.com\/beta\/wp-json\/wp\/v2\/product_cat?post=7383"},{"taxonomy":"product_tag","embeddable":true,"href":"https:\/\/car-refinish-system.com\/beta\/wp-json\/wp\/v2\/product_tag?post=7383"}],"curies":[{"name":"wp","href":"https:\/\/api.w.org\/{rel}","templated":true}]}}