{"id":7385,"date":"2026-03-27T06:06:07","date_gmt":"2026-03-27T06:06:07","guid":{"rendered":"https:\/\/car-refinish-system.com\/beta\/produs\/workgloves-golf-1-pair-size-9-extra-softleather-hand-innerside-cotton-hand-outerside\/"},"modified":"2026-03-27T06:06:11","modified_gmt":"2026-03-27T06:06:11","slug":"workgloves-golf-1-pair-size-9-extra-softleather-hand-innerside-cotton-hand-outerside","status":"publish","type":"product","link":"https:\/\/car-refinish-system.com\/beta\/produs\/workgloves-golf-1-pair-size-9-extra-softleather-hand-innerside-cotton-hand-outerside\/","title":{"rendered":"WorkGloves Golf 1 Pair Size 9 extra soft\nLeather Hand-Innerside \/ Cotton Hand-Outerside"},"content":{"rendered":"<p>\u25cf blau-wei\u00dfer extrem weicher Lederhandschuh aus Narbenleder mit Baumwollgewebe auf der Handr\u00fcckseite<br \/>\n\u25cf Gr\u00f6\u00dfe XL\/9, L\u00e4nge ca.23cm, Gewicht ca.80g (je nach Gr\u00f6\u00dfe), Dicke 1mm \u00b1 10\u03bcm<br \/>\n\u25cf fester und extrem weicher Montage- und Arbeitshandschuh<br \/>\n\u25cf sehr guter- fester und sehr weicher Lederhandschuh mit gr\u00f6\u00dfenverstellbaren Klettverschluss<br \/>\n\u25cf sehr gute Finger- und Handsensibilit\u00e4t<br \/>\n\u25cf atmungsaktives Baumwollgewebe auf der Oberseite<br \/>\n\u25cf folgende Vorschriften und Pr\u00fcfungen werden auch ohne entsprechendes Zertifikat eingehalten<br \/>\n\u25cf EN388:2016 + A1, mechanische Belastbarkeit 3122X<br \/>\n\u25cf optimal im Einsatz beim Schleifen und bei allen anderen Arbeits- und Reinigungsarbeiten<\/p>\n","protected":false},"excerpt":{"rendered":"<p>\u25cf blau-wei\u00dfer extrem weicher Lederhandschuh aus Narbenleder mit Baumwollgewebe auf der Handr\u00fcckseite \u25cf Gr\u00f6\u00dfe XL\/9, L\u00e4nge ca.23cm, Gewicht ca.80g (je nach Gr\u00f6\u00dfe), Dicke 1mm \u00b1 10\u03bcm<span class=\"excerpt-hellip\"> [\u2026]<\/span><\/p>\n","protected":false},"featured_media":6647,"template":"","meta":{"_acf_changed":false},"product_brand":[],"product_cat":[867],"product_tag":[],"class_list":{"0":"post-7385","1":"product","2":"type-product","3":"status-publish","4":"has-post-thumbnail","6":"product_cat-persoenliche-schutzausruestung","8":"first","9":"instock","10":"purchasable","11":"product-type-simple"},"acf":[],"_links":{"self":[{"href":"https:\/\/car-refinish-system.com\/beta\/wp-json\/wp\/v2\/product\/7385","targetHints":{"allow":["GET"]}}],"collection":[{"href":"https:\/\/car-refinish-system.com\/beta\/wp-json\/wp\/v2\/product"}],"about":[{"href":"https:\/\/car-refinish-system.com\/beta\/wp-json\/wp\/v2\/types\/product"}],"wp:featuredmedia":[{"embeddable":true,"href":"https:\/\/car-refinish-system.com\/beta\/wp-json\/wp\/v2\/media\/6647"}],"wp:attachment":[{"href":"https:\/\/car-refinish-system.com\/beta\/wp-json\/wp\/v2\/media?parent=7385"}],"wp:term":[{"taxonomy":"product_brand","embeddable":true,"href":"https:\/\/car-refinish-system.com\/beta\/wp-json\/wp\/v2\/product_brand?post=7385"},{"taxonomy":"product_cat","embeddable":true,"href":"https:\/\/car-refinish-system.com\/beta\/wp-json\/wp\/v2\/product_cat?post=7385"},{"taxonomy":"product_tag","embeddable":true,"href":"https:\/\/car-refinish-system.com\/beta\/wp-json\/wp\/v2\/product_tag?post=7385"}],"curies":[{"name":"wp","href":"https:\/\/api.w.org\/{rel}","templated":true}]}}