{"id":7388,"date":"2026-03-27T06:06:07","date_gmt":"2026-03-27T06:06:07","guid":{"rendered":"https:\/\/car-refinish-system.com\/beta\/produs\/1k-acryl-paint-fast-black-matt-750ml\/"},"modified":"2026-04-28T07:15:42","modified_gmt":"2026-04-28T07:15:42","slug":"1k-acryl-paint-fast-black-matt-750ml","status":"publish","type":"product","link":"https:\/\/car-refinish-system.com\/beta\/produs\/1k-acryl-paint-fast-black-matt-750ml\/","title":{"rendered":"1K Acryl Paint Fast Black Matt 750ml"},"content":{"rendered":"<p>sehr hochwertige 1K-Acryl Lackfarbe im Farbton Schwarz matt (Matt10)<br \/>\n\u25cf  Einsatz<br \/>\n     &#8211; Alle Arten von Einfarbigen Lackierungen an Teilen<br \/>\n     &#8211; f\u00fcr Felgen- und Chassislackierungen<br \/>\n     &#8211; f\u00fcr Industrie- und Nutzfahrzeuglackierungen<br \/>\n     &#8211; f\u00fcr Maschinenlackierungen<br \/>\n     &#8211; f\u00fcr Schmiedeeisenlackierungen<br \/>\n     &#8211; f\u00fcr alle Oberfl\u00e4chen, wie Holz, Metall, Stein, Kunststoff, nach Haftungspr\u00fcfung, geeignet<br \/>\n\u25cf  Technische Merkmale<br \/>\n     &#8211; sehr schnell trocknender 1K-Einschichtlack mit direkter Haftung auf vielen Untergr\u00fcnden<br \/>\n     &#8211; f\u00fcr Lackierungen im Innen und Au\u00dfenbereich<br \/>\n     &#8211; gute Chemikaliernbest\u00e4ndig (Pr\u00fcfung notwendig)<br \/>\n     &#8211; sehr gute UV Best\u00e4ndigkeit<br \/>\n\u25cf  Haftung<br \/>\n     &#8211; Direkte Haftung auf angeschliffenen und gereinigten Oberfl\u00e4chen sowie Kunststoffteilen aus<br \/>\n        Hart-PVC ABS, PP-(EPDM), PUR und vielen anderen Untergr\u00fcnden (nach entsprechender Haftungspr\u00fcfung)<br \/>\n\u25cf  Verarbeitung<br \/>\n     &#8211; Reinigen der Oberfl\u00e4che mit Entfettungsmittel oder Silikonentferner<br \/>\n     &#8211; Abl\u00fcftzeit 5min<br \/>\n     &#8211; D\u00fcse 1,3 &#8211;  1,4mm,<br \/>\n     &#8211; Schichst\u00e4rken je Spritzgang ca. 30\u03bcm (Trocken), Max 2 Spritzg\u00e4nge = 60\u03bcm<br \/>\n     &#8211; auch mit Rolle oder Pinsel verarbeitbar<br \/>\n\u25cf  Trockenzeiten<br \/>\n      &#8211; Lufttrocknend<br \/>\n     &#8211; Vor Ofntrocknung 15 Min Abl\u00fcftzeit beachten.<br \/>\n     &#8211; 15-20min\/20\u00b0C<\/p>\n","protected":false},"excerpt":{"rendered":"<p>sehr hochwertige 1K-Acryl Lackfarbe im Farbton Schwarz matt (Matt10) \u25cf Einsatz &#8211; Alle Arten von Einfarbigen Lackierungen an Teilen &#8211; f\u00fcr Felgen- und Chassislackierungen &#8211; f\u00fcr<span class=\"excerpt-hellip\"> [\u2026]<\/span><\/p>\n","protected":false},"featured_media":7681,"template":"","meta":{"_acf_changed":false},"product_brand":[],"product_cat":[878],"product_tag":[],"class_list":{"0":"post-7388","1":"product","2":"type-product","3":"status-publish","4":"has-post-thumbnail","6":"product_cat-decklack-klarlack","8":"first","9":"instock","10":"purchasable","11":"product-type-simple"},"acf":[],"_links":{"self":[{"href":"https:\/\/car-refinish-system.com\/beta\/wp-json\/wp\/v2\/product\/7388","targetHints":{"allow":["GET"]}}],"collection":[{"href":"https:\/\/car-refinish-system.com\/beta\/wp-json\/wp\/v2\/product"}],"about":[{"href":"https:\/\/car-refinish-system.com\/beta\/wp-json\/wp\/v2\/types\/product"}],"wp:featuredmedia":[{"embeddable":true,"href":"https:\/\/car-refinish-system.com\/beta\/wp-json\/wp\/v2\/media\/7681"}],"wp:attachment":[{"href":"https:\/\/car-refinish-system.com\/beta\/wp-json\/wp\/v2\/media?parent=7388"}],"wp:term":[{"taxonomy":"product_brand","embeddable":true,"href":"https:\/\/car-refinish-system.com\/beta\/wp-json\/wp\/v2\/product_brand?post=7388"},{"taxonomy":"product_cat","embeddable":true,"href":"https:\/\/car-refinish-system.com\/beta\/wp-json\/wp\/v2\/product_cat?post=7388"},{"taxonomy":"product_tag","embeddable":true,"href":"https:\/\/car-refinish-system.com\/beta\/wp-json\/wp\/v2\/product_tag?post=7388"}],"curies":[{"name":"wp","href":"https:\/\/api.w.org\/{rel}","templated":true}]}}