{"id":7390,"date":"2026-03-27T06:06:07","date_gmt":"2026-03-27T06:06:07","guid":{"rendered":"https:\/\/car-refinish-system.com\/beta\/produs\/1k-bumper-paint-700-1000ml-anthracite\/"},"modified":"2026-04-28T07:15:37","modified_gmt":"2026-04-28T07:15:37","slug":"1k-bumper-paint-700-1000ml-anthracite","status":"publish","type":"product","link":"https:\/\/car-refinish-system.com\/beta\/produs\/1k-bumper-paint-700-1000ml-anthracite\/","title":{"rendered":"1K Bumper Paint 700 1000ml Anthracite"},"content":{"rendered":"<p>1K-Bumperpaint auf Acrylbasis im Farbton Anthrazit f\u00fcr Strukturgebende Oberfl\u00e4chen<br \/>\n\u25cf  Einsatz<br \/>\n     &#8211; Alle Arten von Lackierungen an Teilen welche eine leicht strukturierte Oberfl\u00e4che erhalten sollen, speziell f\u00fcr Sto\u00dff\u00e4nger<br \/>\n\u25cf  Technische Merkmale<br \/>\n    &#8211; 1K- Strukturbeschichtung mir direkter Haftung auf vielen Untergr\u00fcnden, zur Erzielung oder Wiederherstellung<br \/>\n       von originalen Oberfl\u00e4chen<br \/>\n\u25cf  Haftung<br \/>\n     &#8211; Direkte Haftung auf angeschliffenen und gereinigten Oberfl\u00e4chen sowie Kunststoffteilen aus Hart-PVC ABS, PP-(EPDM),<br \/>\n     &#8211; PUR und vielen anderen Untergr\u00fcnden (nach entsprechender Haftungspr\u00fcfung)<br \/>\n\u25cf  Verarbeitung<br \/>\n     &#8211; wenn notwendig Tempern bei 60\u00b0C\/60min.<br \/>\n     &#8211; Reinigen der Oberfl\u00e4che mit Entfettungsmittel oder Silikonentferner<br \/>\n     &#8211; Abl\u00fcftzeit 5min<br \/>\n     &#8211; D\u00fcse 1,7mm, Druck und Farbmenge regulierbar &#8211; je nach gew\u00fcnschter Struktur<br \/>\n     &#8211; Schichst\u00e4rken je Spritzgang ca. 30\u03bcm (Trocken), Max 2 Spritzg\u00e4nge = 60\u03bcm<br \/>\n     &#8211; auch mit Rolle oder Pinsel verarbeitbar<br \/>\n\u25cf  Trockenzeiten<br \/>\n     &#8211; Lufttrocknend<br \/>\n     &#8211; Vor Ofentrocknung 15 Min Abl\u00fcftzeit beachten.<br \/>\n     &#8211; 15-20min\/20\u00b0C<\/p>\n","protected":false},"excerpt":{"rendered":"<p>1K-Bumperpaint auf Acrylbasis im Farbton Anthrazit f\u00fcr Strukturgebende Oberfl\u00e4chen \u25cf Einsatz &#8211; Alle Arten von Lackierungen an Teilen welche eine leicht strukturierte Oberfl\u00e4che erhalten sollen, speziell<span class=\"excerpt-hellip\"> [\u2026]<\/span><\/p>\n","protected":false},"featured_media":7683,"template":"","meta":{"_acf_changed":false},"product_brand":[],"product_cat":[878],"product_tag":[],"class_list":{"0":"post-7390","1":"product","2":"type-product","3":"status-publish","4":"has-post-thumbnail","6":"product_cat-decklack-klarlack","8":"first","9":"instock","10":"purchasable","11":"product-type-simple"},"acf":[],"_links":{"self":[{"href":"https:\/\/car-refinish-system.com\/beta\/wp-json\/wp\/v2\/product\/7390","targetHints":{"allow":["GET"]}}],"collection":[{"href":"https:\/\/car-refinish-system.com\/beta\/wp-json\/wp\/v2\/product"}],"about":[{"href":"https:\/\/car-refinish-system.com\/beta\/wp-json\/wp\/v2\/types\/product"}],"wp:featuredmedia":[{"embeddable":true,"href":"https:\/\/car-refinish-system.com\/beta\/wp-json\/wp\/v2\/media\/7683"}],"wp:attachment":[{"href":"https:\/\/car-refinish-system.com\/beta\/wp-json\/wp\/v2\/media?parent=7390"}],"wp:term":[{"taxonomy":"product_brand","embeddable":true,"href":"https:\/\/car-refinish-system.com\/beta\/wp-json\/wp\/v2\/product_brand?post=7390"},{"taxonomy":"product_cat","embeddable":true,"href":"https:\/\/car-refinish-system.com\/beta\/wp-json\/wp\/v2\/product_cat?post=7390"},{"taxonomy":"product_tag","embeddable":true,"href":"https:\/\/car-refinish-system.com\/beta\/wp-json\/wp\/v2\/product_tag?post=7390"}],"curies":[{"name":"wp","href":"https:\/\/api.w.org\/{rel}","templated":true}]}}